{"id":8692,"date":"1993-09-15T19:14:33","date_gmt":"1993-09-15T17:14:33","guid":{"rendered":"https:\/\/padrepinopuglisi.chiesadipalermo.it\/it\/?page_id=8692"},"modified":"2020-10-19T22:29:24","modified_gmt":"2020-10-19T20:29:24","slug":"animatore-delle-vocazioni-direttore-del-c-d-v-e-del-c-r-v","status":"publish","type":"page","link":"https:\/\/padrepinopuglisi.chiesadipalermo.it\/it\/biografia\/biografia-di-3p\/animatore-delle-vocazioni-direttore-del-c-d-v-e-del-c-r-v\/","title":{"rendered":"Animatore delle vocazioni. Direttore del C.D.V. e del C.R.V."},"content":{"rendered":"<section  class='av_textblock_section av-jkcd9s8f-d6c8e47efa81ff175a7d18652cf86533 '   itemscope=\"itemscope\" itemtype=\"https:\/\/schema.org\/CreativeWork\" ><div class='avia_textblock'  itemprop=\"text\" ><p style=\"text-align: center;\"><strong>BIOGRAFIA DI 3P<\/strong><\/p>\n<\/div><\/section>\n<section  class='av_textblock_section av-jjn5t1wh-a8c20a8ac2d7dce12594e77bad2404ef '   itemscope=\"itemscope\" itemtype=\"https:\/\/schema.org\/CreativeWork\" ><div class='avia_textblock'  itemprop=\"text\" ><h3 style=\"text-align: center;\"><\/h3>\n<table border=\"0\" width=\"100%\">\n<tbody>\n<tr>\n<td align=\"left\" width=\"20%\"><a href=\"https:\/\/padrepinopuglisi.chiesadipalermo.it\/it\/biografia\/biografia-di-3p\/godrano-pane-poverta-perdono\/\"><img decoding=\"async\" class=\"alignleft size-full wp-image-3647 lazyload\" src=\"data:image\/gif;base64,R0lGODlhAQABAIAAAAAAAP\/\/\/yH5BAEAAAAALAAAAAABAAEAAAIBRAA7\" data-src=\"https:\/\/padrepinopuglisi.chiesadipalermo.it\/it\/wp-content\/uploads\/2018\/01\/freccia_sx_cele.png\" alt=\"\" width=\"16\" height=\"16\" \/><noscript><img decoding=\"async\" class=\"alignleft size-full wp-image-3647 lazyload\" src=\"https:\/\/padrepinopuglisi.chiesadipalermo.it\/it\/wp-content\/uploads\/2018\/01\/freccia_sx_cele.png\" alt=\"\" width=\"16\" height=\"16\" \/><\/noscript> 4<\/a><\/td>\n<td align=\"center\" width=\"40%\">\n<h3><strong>5) Animatore delle vocazioni. Direttore del C.D.V. e del C.R.V.<\/strong><\/h3>\n<\/td>\n<td align=\"right\" width=\"20%\"><a href=\"https:\/\/padrepinopuglisi.chiesadipalermo.it\/it\/biografia\/biografia-di-3p\/animatore-delle-vocazioni-i-gruppi-giovanili-formazione-preghiera-e-servizio\/\"><strong>6 <\/strong><img decoding=\"async\" class=\"size-full wp-image-3642 alignright lazyload\" src=\"data:image\/gif;base64,R0lGODlhAQABAIAAAAAAAP\/\/\/yH5BAEAAAAALAAAAAABAAEAAAIBRAA7\" data-src=\"https:\/\/padrepinopuglisi.chiesadipalermo.it\/it\/wp-content\/uploads\/2018\/01\/freccia_dx_cele.png\" alt=\"\" width=\"16\" height=\"16\" \/><noscript><img decoding=\"async\" class=\"size-full wp-image-3642 alignright lazyload\" src=\"https:\/\/padrepinopuglisi.chiesadipalermo.it\/it\/wp-content\/uploads\/2018\/01\/freccia_dx_cele.png\" alt=\"\" width=\"16\" height=\"16\" \/><\/noscript><\/a><\/td>\n<\/tr>\n<\/tbody>\n<\/table>\n<\/div><\/section>\n<section  class='av_textblock_section av-jjnb3gao-f165e663d4dc7c801f1703eae8a303d1 '   itemscope=\"itemscope\" itemtype=\"https:\/\/schema.org\/CreativeWork\" ><div class='avia_textblock'  itemprop=\"text\" ><table border=\"0\" width=\"100%\">\n<tbody>\n<tr>\n<td align=\"center\" width=\"14%\"><a href=\"https:\/\/padrepinopuglisi.chiesadipalermo.it\/it\/biografia\/biografia-di-3p\/introduzione-senso-del-martirio-beatificazione\/\">1<\/a><\/td>\n<td align=\"center\" width=\"12%\"><a href=\"https:\/\/padrepinopuglisi.chiesadipalermo.it\/it\/biografia\/biografia-di-3p\/origini-umili-e-solide-basi-familiari\/\"><strong>2<\/strong><\/a><\/td>\n<td align=\"center\" width=\"12%\"><a href=\"https:\/\/padrepinopuglisi.chiesadipalermo.it\/it\/biografia\/biografia-di-3p\/anni-60-e-70-montevago-decollati-e-scaricatore-roosevelt\/\">3<\/a><\/td>\n<td align=\"center\" width=\"12%\"><a href=\"https:\/\/padrepinopuglisi.chiesadipalermo.it\/it\/biografia\/biografia-di-3p\/godrano-pane-poverta-perdono\/\">4<\/a><\/td>\n<td align=\"center\" bgcolor=\"#FFFFCC\" width=\"12%\"><a href=\"https:\/\/padrepinopuglisi.chiesadipalermo.it\/it\/biografia\/biografia-di-3p\/animatore-delle-vocazioni-direttore-del-c-d-v-e-del-c-r-v\/\">5<\/a><\/td>\n<td align=\"center\" width=\"12%\"><a href=\"https:\/\/padrepinopuglisi.chiesadipalermo.it\/it\/biografia\/biografia-di-3p\/animatore-delle-vocazioni-i-gruppi-giovanili-formazione-preghiera-e-servizio\/\">6<\/a><\/td>\n<td align=\"center\" width=\"12%\"><a href=\"https:\/\/padrepinopuglisi.chiesadipalermo.it\/it\/biografia\/biografia-di-3p\/parroco-a-brancaccio-ricristianizzare-e-rievangelizzare\/\">7<\/a><\/td>\n<td align=\"center\" width=\"14%\"><a href=\"https:\/\/padrepinopuglisi.chiesadipalermo.it\/it\/biografia\/biografia-di-3p\/parroco-a-brancaccio-la-proposta-evangelica-e-la-mafia-che-ha-paura\/\">8<\/a><\/td>\n<\/tr>\n<\/tbody>\n<\/table>\n<\/div><\/section>\n<section  class='av_textblock_section av-jjnb5818-c46ed3dfed8bb1eadbb329a0b6635522 '   itemscope=\"itemscope\" itemtype=\"https:\/\/schema.org\/CreativeWork\" ><div class='avia_textblock'  itemprop=\"text\" ><p>Il 20 ottobre 1973 l&#8217;Arcivescovo Salvatore Pappalardo nomina il parroco di Godrano membro del Consiglio del CDV, in rappresentanza del Clero Diocesano.<\/p>\n<p>\u00c8 il primo mandato al quale Padre Puglisi si dedicher\u00e0 con tutta la passione e la capacit\u00e0 di un animatore vocazionale. Terminato il servizio a Godrano, nell&#8217;estate del 1978 rientra a Palermo nella casa popolare in cui abiter\u00e0, con entrambi i genitori, sino alla morte della madre prima (26\/01\/1987) e del padre poi (20\/02\/1992).<\/p>\n<p><img decoding=\"async\" class=\"alignleft size-medium wp-image-8797 lazyload\" src=\"data:image\/gif;base64,R0lGODlhAQABAIAAAAAAAP\/\/\/yH5BAEAAAAALAAAAAABAAEAAAIBRAA7\" data-src=\"https:\/\/padrepinopuglisi.chiesadipalermo.it\/it\/wp-content\/uploads\/3P04_varie\/3P04_1713_piazza_anita_garibaldi_5-300x223.jpg\" alt=\"\" width=\"300\" height=\"223\" \/><noscript><img decoding=\"async\" class=\"alignleft size-medium wp-image-8797 lazyload\" src=\"https:\/\/padrepinopuglisi.chiesadipalermo.it\/it\/wp-content\/uploads\/3P04_varie\/3P04_1713_piazza_anita_garibaldi_5-300x223.jpg\" alt=\"\" width=\"300\" height=\"223\" srcset=\"https:\/\/padrepinopuglisi.chiesadipalermo.it\/it\/wp-content\/uploads\/3P04_varie\/3P04_1713_piazza_anita_garibaldi_5-300x223.jpg 300w, https:\/\/padrepinopuglisi.chiesadipalermo.it\/it\/wp-content\/uploads\/3P04_varie\/3P04_1713_piazza_anita_garibaldi_5.jpg 450w, https:\/\/padrepinopuglisi.chiesadipalermo.it\/it\/wp-content\/uploads\/3P04_varie\/3P04_1713_piazza_anita_garibaldi_5-24x18.jpg 24w, https:\/\/padrepinopuglisi.chiesadipalermo.it\/it\/wp-content\/uploads\/3P04_varie\/3P04_1713_piazza_anita_garibaldi_5-36x27.jpg 36w, https:\/\/padrepinopuglisi.chiesadipalermo.it\/it\/wp-content\/uploads\/3P04_varie\/3P04_1713_piazza_anita_garibaldi_5-48x36.jpg 48w\" sizes=\"(max-width: 300px) 100vw, 300px\" \/><\/noscript>La casa \u00e8 in piazzale Anita Garibaldi n.5. L\u00ec, accanto al portone di ingresso, Padre Puglisi morir\u00e0 per mano mafiosa.<\/p>\n<p>Dal 1978 inizier\u00e0 ad occuparsi a tempo pieno di giovani e di vocazioni. Sar\u00e0 anche Pro-Rettore del Seminario Arcivescovile Minore e, dal 1979, promuover\u00e0 la nascita della \u201cComunit\u00e0 vocazionale\u201d, ossia un&#8217;esperienza di convivenza con alcuni giovani in ricerca vocazionale.<\/p>\n<p>Il 24 novembre 1979 il Card. Salvatore Pappalardo lo incarica come Direttore del Centro Diocesano Vocazioni, con mandato specifico per l\u2019Opera Vocazioni Sacerdotali.<\/p>\n<p>Per completare l&#8217;elenco delle cariche, in ambito di pastorale vocazionale, ricordiamo che nel 1980 Padre Puglisi sar\u00e0 nominato dalla conferenza episcopale siciliana Vice-Delegato regionale del Centro Vocazioni; nel 1984 membro del Consiglio Presbiterale sino al 1989 e nel 1986 Direttore del Centro Regionale Vocazioni sino al 1990: in tale veste entrer\u00e0 di diritto nel Consiglio Nazionale dello stesso organismo. Non \u00e8 carriera quella di Padre Puglisi, ma dedizione totale alla pastorale vocazionale, senza risparmio di forze ed energie.<\/p>\n<p><img decoding=\"async\" class=\"size-medium wp-image-7120 alignright lazyload\" src=\"data:image\/gif;base64,R0lGODlhAQABAIAAAAAAAP\/\/\/yH5BAEAAAAALAAAAAABAAEAAAIBRAA7\" data-src=\"https:\/\/padrepinopuglisi.chiesadipalermo.it\/it\/wp-content\/uploads\/3PMV_mostra_vocazionale\/3PMV_01Q_mostra_voc-300x300.jpg\" alt=\"\" width=\"300\" height=\"300\" \/><noscript><img decoding=\"async\" class=\"size-medium wp-image-7120 alignright lazyload\" src=\"https:\/\/padrepinopuglisi.chiesadipalermo.it\/it\/wp-content\/uploads\/3PMV_mostra_vocazionale\/3PMV_01Q_mostra_voc-300x300.jpg\" alt=\"\" width=\"300\" height=\"300\" srcset=\"https:\/\/padrepinopuglisi.chiesadipalermo.it\/it\/wp-content\/uploads\/3PMV_mostra_vocazionale\/3PMV_01Q_mostra_voc-300x300.jpg 300w, https:\/\/padrepinopuglisi.chiesadipalermo.it\/it\/wp-content\/uploads\/3PMV_mostra_vocazionale\/3PMV_01Q_mostra_voc-80x80.jpg 80w, https:\/\/padrepinopuglisi.chiesadipalermo.it\/it\/wp-content\/uploads\/3PMV_mostra_vocazionale\/3PMV_01Q_mostra_voc-36x36.jpg 36w, https:\/\/padrepinopuglisi.chiesadipalermo.it\/it\/wp-content\/uploads\/3PMV_mostra_vocazionale\/3PMV_01Q_mostra_voc-180x180.jpg 180w, https:\/\/padrepinopuglisi.chiesadipalermo.it\/it\/wp-content\/uploads\/3PMV_mostra_vocazionale\/3PMV_01Q_mostra_voc-120x120.jpg 120w, https:\/\/padrepinopuglisi.chiesadipalermo.it\/it\/wp-content\/uploads\/3PMV_mostra_vocazionale\/3PMV_01Q_mostra_voc-24x24.jpg 24w, https:\/\/padrepinopuglisi.chiesadipalermo.it\/it\/wp-content\/uploads\/3PMV_mostra_vocazionale\/3PMV_01Q_mostra_voc-48x48.jpg 48w, https:\/\/padrepinopuglisi.chiesadipalermo.it\/it\/wp-content\/uploads\/3PMV_mostra_vocazionale\/3PMV_01Q_mostra_voc.jpg 343w\" sizes=\"(max-width: 300px) 100vw, 300px\" \/><\/noscript>In quegli anni 80, P. Puglisi inizia un&#8217;esperienza in cui esprimer\u00e0 la sua vera vocazione di animatore. In perfetta linea con le intuizioni del Concilio, che ridavano centralit\u00e0 al ruolo del laico all&#8217;interno della comunit\u00e0 ecclesiale, P. Puglisi anticipa molte delle posizioni che persino in seno alla Conferenza Episcopale Italiana erano ancora sul nascere: sostiene che ogni uomo, ogni donna, ogni essere umano vada sostenuto ed aiutato a costruire il proprio progetto di vita all&#8217;interno della comunit\u00e0 cristiana, attraverso scelte che non devono necessariamente confluire verso la consacrazione religiosa, ma si possono esprimere in tutte le forme anche laicali di impegno cristiano.<\/p>\n<p>Questa la novit\u00e0 che prende il nome di <strong>pastorale vocazionale unitaria<\/strong>, sintesi di tutte le altre pastorali: giovanile, familiare, vocazionale. E la Parrocchia ha un ruolo centrale in questo.<\/p>\n<p>Dal punto di vista metodologico, P. Puglisi si comporta da vero direttore d&#8217;orchestra che valorizza ogni strumento a sua disposizione. I membri degli organismi vocazionali partecipano agli incontri, condividono gli obiettivi, individuano con gli altri le strategie e poi, dopo questa immersione nel lavoro di gruppo, l&#8217;esperienza viene trasferita nelle parrocchie e nelle comunit\u00e0 di appartenenza con un effetto a caduta tale da animare in senso l\u2019intero territorio diocesano.<\/p>\n<p>Cos\u00ec egli conduce ogni incontro partendo da una preghiera e chiedendo a tutti di disporsi alla donazione ed alla collaborazione proficua con gli altri. Ascolta con attenzione tutti, assume in modo empatico il punto di vista altrui favorendo il senso di accettazione; rilascia continuamente feedback per stimolare, gratificare, sollecitare, ringraziare. Ognuno sente di dare il meglio di s\u00e9 e si sente accolto anche nei suoi limiti.<\/p>\n<p>P.Puglisi si configura come un <strong>leader democratico<\/strong>, non direttivo, ma gratificante, si pone come mediatore dei conflitti, sollecita la riflessione e la condivisione delle idee, promuove la creazione di una mente di gruppo.<\/p>\n<p>E lui \u00e8 il primo a mettersi continuamente in discussione ed in gioco. In un clima cos\u00ec accogliente e gratificante, ognuno \u00e8 condotto a dare il meglio di s\u00e9 e ad assumersi le proprie responsabilit\u00e0 sino in fondo. Il suo servizio, quindi, \u00e8 gi\u00e0 orientato ad abbandonare<em> la tecnica del reclutamento, a favore della pastorale del risveglio, promozione ed orientamento delle vocazioni, cercando di coordinare l&#8217;attivit\u00e0 di tutti gli animatori vocazionali parrocchiali e non, religiosi e laici: inserisce vitalmente la pastorale vocazionale nella pastorale globale della Chiesa locale (liturgica, catechistica, giovanile, della carit\u00e0) e promuove un coordinamento con tutti gli organismi pastorali, <\/em>come egli stesso spiegher\u00e0 nel 1984 al Convegno delle Chiese di Sicilia.<\/p>\n<p>Ai gruppi giovanili ed ai volontari il C.D.V. propone corsi di formazione, itinerari mensili di preghiera, incontri di spiritualit\u00e0 in preparazione alla giornata mondiale di preghiera per le vocazioni; agli adulti propone due Corsi di formazione per Animatori vocazionali, attraverso tredici incontri, seguiti da circa 200 persone; ai ragazzi offre la Mostra \u201cS\u00ec, ma verso dove?\u201d del centro Vocazionale itinerante, che sar\u00e0 visitata da circa 15.000 giovani e adolescenti ed animata da circa 150 volontari. Sbocco naturale alla Mostra sul senso della vita saranno i campi vocazionali iniziati nel 1973 con la presenza di adolescenti e giovani. \u00c8 chiara a tutti, ormai, l&#8217;importanza di tutte le vocazioni e lo ribadisce forte il Consiglio Regionale nel 1980 a Pergusa: \u201c<em>perch\u00e9 le une e le altre vocazioni si sviluppano e vivono i simbiosi<\/em>\u201d.<\/p>\n<\/div><\/section>\n<section  class='av_textblock_section av-jjn5t1wh-8964762eff1558694910871d235b547f '   itemscope=\"itemscope\" itemtype=\"https:\/\/schema.org\/CreativeWork\" ><div class='avia_textblock'  itemprop=\"text\" ><table border=\"0\" width=\"100%\">\n<tbody>\n<tr>\n<td align=\"left\" width=\"20%\"><a href=\"https:\/\/padrepinopuglisi.chiesadipalermo.it\/it\/biografia\/biografia-di-3p\/godrano-pane-poverta-perdono\/\"><img decoding=\"async\" class=\"alignleft size-full wp-image-3647 lazyload\" src=\"data:image\/gif;base64,R0lGODlhAQABAIAAAAAAAP\/\/\/yH5BAEAAAAALAAAAAABAAEAAAIBRAA7\" data-src=\"https:\/\/padrepinopuglisi.chiesadipalermo.it\/it\/wp-content\/uploads\/2018\/01\/freccia_sx_cele.png\" alt=\"\" width=\"16\" height=\"16\" \/><noscript><img decoding=\"async\" class=\"alignleft size-full wp-image-3647 lazyload\" src=\"https:\/\/padrepinopuglisi.chiesadipalermo.it\/it\/wp-content\/uploads\/2018\/01\/freccia_sx_cele.png\" alt=\"\" width=\"16\" height=\"16\" \/><\/noscript> 4<\/a><\/td>\n<td align=\"center\" width=\"40%\"><\/td>\n<td align=\"right\" width=\"20%\"><a href=\"https:\/\/padrepinopuglisi.chiesadipalermo.it\/it\/biografia\/biografia-di-3p\/animatore-delle-vocazioni-i-gruppi-giovanili-formazione-preghiera-e-servizio\/\"><strong><i>Continua <\/i>6 <\/strong><img decoding=\"async\" class=\"size-full wp-image-3642 alignright lazyload\" src=\"data:image\/gif;base64,R0lGODlhAQABAIAAAAAAAP\/\/\/yH5BAEAAAAALAAAAAABAAEAAAIBRAA7\" data-src=\"https:\/\/padrepinopuglisi.chiesadipalermo.it\/it\/wp-content\/uploads\/2018\/01\/freccia_dx_cele.png\" alt=\"\" width=\"16\" height=\"16\" \/><noscript><img decoding=\"async\" class=\"size-full wp-image-3642 alignright lazyload\" src=\"https:\/\/padrepinopuglisi.chiesadipalermo.it\/it\/wp-content\/uploads\/2018\/01\/freccia_dx_cele.png\" alt=\"\" width=\"16\" height=\"16\" \/><\/noscript><\/a><\/td>\n<\/tr>\n<\/tbody>\n<\/table>\n<hr \/>\n<\/div><\/section>\n<div  class='av-buildercomment av-2yimtw-cbc85a613dc622c353dcb430b46b6219  av-blog-meta-comments-disabled av-blog-meta-tag-disabled'><\/div>\n","protected":false},"excerpt":{"rendered":"","protected":false},"author":1,"featured_media":7120,"parent":3333,"menu_order":5,"comment_status":"closed","ping_status":"closed","template":"","meta":{"footnotes":""},"categories":[3],"tags":[],"class_list":["post-8692","page","type-page","status-publish","has-post-thumbnail","hentry","category-biografia"],"yoast_head":"<!-- This site is optimized with the Yoast SEO plugin v27.0 - https:\/\/yoast.com\/product\/yoast-seo-wordpress\/ -->\n<title>Animatore delle vocazioni. Direttore del C.D.V. e del C.R.V. - Padre Pino Puglisi<\/title>\n<meta name=\"robots\" content=\"index, follow, max-snippet:-1, max-image-preview:large, max-video-preview:-1\" \/>\n<link rel=\"canonical\" href=\"https:\/\/padrepinopuglisi.chiesadipalermo.it\/it\/biografia\/biografia-di-3p\/animatore-delle-vocazioni-direttore-del-c-d-v-e-del-c-r-v\/\" \/>\n<meta property=\"og:locale\" content=\"it_IT\" \/>\n<meta property=\"og:type\" content=\"article\" \/>\n<meta property=\"og:title\" content=\"Animatore delle vocazioni. Direttore del C.D.V. e del C.R.V. - Padre Pino Puglisi\" \/>\n<meta property=\"og:url\" content=\"https:\/\/padrepinopuglisi.chiesadipalermo.it\/it\/biografia\/biografia-di-3p\/animatore-delle-vocazioni-direttore-del-c-d-v-e-del-c-r-v\/\" \/>\n<meta property=\"og:site_name\" content=\"Padre Pino Puglisi\" \/>\n<meta property=\"article:publisher\" content=\"https:\/\/www.facebook.com\/beatoPadrePinoPuglisi\/\" \/>\n<meta property=\"article:modified_time\" content=\"2020-10-19T20:29:24+00:00\" \/>\n<meta property=\"og:image\" content=\"https:\/\/padrepinopuglisi.chiesadipalermo.it\/it\/wp-content\/uploads\/3PMV_mostra_vocazionale\/3PMV_01Q_mostra_voc.jpg\" \/>\n\t<meta property=\"og:image:width\" content=\"343\" \/>\n\t<meta property=\"og:image:height\" content=\"343\" \/>\n\t<meta property=\"og:image:type\" content=\"image\/jpeg\" \/>\n<meta name=\"twitter:card\" content=\"summary_large_image\" \/>\n<meta name=\"twitter:label1\" content=\"Tempo di lettura stimato\" \/>\n\t<meta name=\"twitter:data1\" content=\"5 minuti\" \/>\n<script type=\"application\/ld+json\" class=\"yoast-schema-graph\">{\"@context\":\"https:\/\/schema.org\",\"@graph\":[{\"@type\":\"WebPage\",\"@id\":\"https:\/\/padrepinopuglisi.chiesadipalermo.it\/it\/biografia\/biografia-di-3p\/animatore-delle-vocazioni-direttore-del-c-d-v-e-del-c-r-v\/\",\"url\":\"https:\/\/padrepinopuglisi.chiesadipalermo.it\/it\/biografia\/biografia-di-3p\/animatore-delle-vocazioni-direttore-del-c-d-v-e-del-c-r-v\/\",\"name\":\"Animatore delle vocazioni. Direttore del C.D.V. e del C.R.V. - Padre Pino Puglisi\",\"isPartOf\":{\"@id\":\"https:\/\/padrepinopuglisi.chiesadipalermo.it\/it\/#website\"},\"primaryImageOfPage\":{\"@id\":\"https:\/\/padrepinopuglisi.chiesadipalermo.it\/it\/biografia\/biografia-di-3p\/animatore-delle-vocazioni-direttore-del-c-d-v-e-del-c-r-v\/#primaryimage\"},\"image\":{\"@id\":\"https:\/\/padrepinopuglisi.chiesadipalermo.it\/it\/biografia\/biografia-di-3p\/animatore-delle-vocazioni-direttore-del-c-d-v-e-del-c-r-v\/#primaryimage\"},\"thumbnailUrl\":\"https:\/\/padrepinopuglisi.chiesadipalermo.it\/it\/wp-content\/uploads\/3PMV_mostra_vocazionale\/3PMV_01Q_mostra_voc.jpg\",\"datePublished\":\"1993-09-15T17:14:33+00:00\",\"dateModified\":\"2020-10-19T20:29:24+00:00\",\"breadcrumb\":{\"@id\":\"https:\/\/padrepinopuglisi.chiesadipalermo.it\/it\/biografia\/biografia-di-3p\/animatore-delle-vocazioni-direttore-del-c-d-v-e-del-c-r-v\/#breadcrumb\"},\"inLanguage\":\"it-IT\",\"potentialAction\":[{\"@type\":\"ReadAction\",\"target\":[\"https:\/\/padrepinopuglisi.chiesadipalermo.it\/it\/biografia\/biografia-di-3p\/animatore-delle-vocazioni-direttore-del-c-d-v-e-del-c-r-v\/\"]}]},{\"@type\":\"ImageObject\",\"inLanguage\":\"it-IT\",\"@id\":\"https:\/\/padrepinopuglisi.chiesadipalermo.it\/it\/biografia\/biografia-di-3p\/animatore-delle-vocazioni-direttore-del-c-d-v-e-del-c-r-v\/#primaryimage\",\"url\":\"https:\/\/padrepinopuglisi.chiesadipalermo.it\/it\/wp-content\/uploads\/3PMV_mostra_vocazionale\/3PMV_01Q_mostra_voc.jpg\",\"contentUrl\":\"https:\/\/padrepinopuglisi.chiesadipalermo.it\/it\/wp-content\/uploads\/3PMV_mostra_vocazionale\/3PMV_01Q_mostra_voc.jpg\",\"width\":343,\"height\":343},{\"@type\":\"BreadcrumbList\",\"@id\":\"https:\/\/padrepinopuglisi.chiesadipalermo.it\/it\/biografia\/biografia-di-3p\/animatore-delle-vocazioni-direttore-del-c-d-v-e-del-c-r-v\/#breadcrumb\",\"itemListElement\":[{\"@type\":\"ListItem\",\"position\":1,\"name\":\"Home\",\"item\":\"https:\/\/padrepinopuglisi.chiesadipalermo.it\/it\/homepage\/\"},{\"@type\":\"ListItem\",\"position\":2,\"name\":\"Biografia\",\"item\":\"https:\/\/padrepinopuglisi.chiesadipalermo.it\/it\/biografia\/\"},{\"@type\":\"ListItem\",\"position\":3,\"name\":\"Biografia di 3P\",\"item\":\"https:\/\/padrepinopuglisi.chiesadipalermo.it\/it\/biografia\/biografia-di-3p\/\"},{\"@type\":\"ListItem\",\"position\":4,\"name\":\"Animatore delle vocazioni. Direttore del C.D.V. e del C.R.V.\"}]},{\"@type\":\"WebSite\",\"@id\":\"https:\/\/padrepinopuglisi.chiesadipalermo.it\/it\/#website\",\"url\":\"https:\/\/padrepinopuglisi.chiesadipalermo.it\/it\/\",\"name\":\"Padre Pino Puglisi\",\"description\":\"Sito Ufficiale sul Beato don Giuseppe Puglisi dell&#039;Arcidiocesi di Palermo\",\"potentialAction\":[{\"@type\":\"SearchAction\",\"target\":{\"@type\":\"EntryPoint\",\"urlTemplate\":\"https:\/\/padrepinopuglisi.chiesadipalermo.it\/it\/?s={search_term_string}\"},\"query-input\":{\"@type\":\"PropertyValueSpecification\",\"valueRequired\":true,\"valueName\":\"search_term_string\"}}],\"inLanguage\":\"it-IT\"}]}<\/script>\n<!-- \/ Yoast SEO plugin. -->","yoast_head_json":{"title":"Animatore delle vocazioni. Direttore del C.D.V. e del C.R.V. - Padre Pino Puglisi","robots":{"index":"index","follow":"follow","max-snippet":"max-snippet:-1","max-image-preview":"max-image-preview:large","max-video-preview":"max-video-preview:-1"},"canonical":"https:\/\/padrepinopuglisi.chiesadipalermo.it\/it\/biografia\/biografia-di-3p\/animatore-delle-vocazioni-direttore-del-c-d-v-e-del-c-r-v\/","og_locale":"it_IT","og_type":"article","og_title":"Animatore delle vocazioni. Direttore del C.D.V. e del C.R.V. - Padre Pino Puglisi","og_url":"https:\/\/padrepinopuglisi.chiesadipalermo.it\/it\/biografia\/biografia-di-3p\/animatore-delle-vocazioni-direttore-del-c-d-v-e-del-c-r-v\/","og_site_name":"Padre Pino Puglisi","article_publisher":"https:\/\/www.facebook.com\/beatoPadrePinoPuglisi\/","article_modified_time":"2020-10-19T20:29:24+00:00","og_image":[{"width":343,"height":343,"url":"https:\/\/padrepinopuglisi.chiesadipalermo.it\/it\/wp-content\/uploads\/3PMV_mostra_vocazionale\/3PMV_01Q_mostra_voc.jpg","type":"image\/jpeg"}],"twitter_card":"summary_large_image","twitter_misc":{"Tempo di lettura stimato":"5 minuti"},"schema":{"@context":"https:\/\/schema.org","@graph":[{"@type":"WebPage","@id":"https:\/\/padrepinopuglisi.chiesadipalermo.it\/it\/biografia\/biografia-di-3p\/animatore-delle-vocazioni-direttore-del-c-d-v-e-del-c-r-v\/","url":"https:\/\/padrepinopuglisi.chiesadipalermo.it\/it\/biografia\/biografia-di-3p\/animatore-delle-vocazioni-direttore-del-c-d-v-e-del-c-r-v\/","name":"Animatore delle vocazioni. Direttore del C.D.V. e del C.R.V. - Padre Pino Puglisi","isPartOf":{"@id":"https:\/\/padrepinopuglisi.chiesadipalermo.it\/it\/#website"},"primaryImageOfPage":{"@id":"https:\/\/padrepinopuglisi.chiesadipalermo.it\/it\/biografia\/biografia-di-3p\/animatore-delle-vocazioni-direttore-del-c-d-v-e-del-c-r-v\/#primaryimage"},"image":{"@id":"https:\/\/padrepinopuglisi.chiesadipalermo.it\/it\/biografia\/biografia-di-3p\/animatore-delle-vocazioni-direttore-del-c-d-v-e-del-c-r-v\/#primaryimage"},"thumbnailUrl":"https:\/\/padrepinopuglisi.chiesadipalermo.it\/it\/wp-content\/uploads\/3PMV_mostra_vocazionale\/3PMV_01Q_mostra_voc.jpg","datePublished":"1993-09-15T17:14:33+00:00","dateModified":"2020-10-19T20:29:24+00:00","breadcrumb":{"@id":"https:\/\/padrepinopuglisi.chiesadipalermo.it\/it\/biografia\/biografia-di-3p\/animatore-delle-vocazioni-direttore-del-c-d-v-e-del-c-r-v\/#breadcrumb"},"inLanguage":"it-IT","potentialAction":[{"@type":"ReadAction","target":["https:\/\/padrepinopuglisi.chiesadipalermo.it\/it\/biografia\/biografia-di-3p\/animatore-delle-vocazioni-direttore-del-c-d-v-e-del-c-r-v\/"]}]},{"@type":"ImageObject","inLanguage":"it-IT","@id":"https:\/\/padrepinopuglisi.chiesadipalermo.it\/it\/biografia\/biografia-di-3p\/animatore-delle-vocazioni-direttore-del-c-d-v-e-del-c-r-v\/#primaryimage","url":"https:\/\/padrepinopuglisi.chiesadipalermo.it\/it\/wp-content\/uploads\/3PMV_mostra_vocazionale\/3PMV_01Q_mostra_voc.jpg","contentUrl":"https:\/\/padrepinopuglisi.chiesadipalermo.it\/it\/wp-content\/uploads\/3PMV_mostra_vocazionale\/3PMV_01Q_mostra_voc.jpg","width":343,"height":343},{"@type":"BreadcrumbList","@id":"https:\/\/padrepinopuglisi.chiesadipalermo.it\/it\/biografia\/biografia-di-3p\/animatore-delle-vocazioni-direttore-del-c-d-v-e-del-c-r-v\/#breadcrumb","itemListElement":[{"@type":"ListItem","position":1,"name":"Home","item":"https:\/\/padrepinopuglisi.chiesadipalermo.it\/it\/homepage\/"},{"@type":"ListItem","position":2,"name":"Biografia","item":"https:\/\/padrepinopuglisi.chiesadipalermo.it\/it\/biografia\/"},{"@type":"ListItem","position":3,"name":"Biografia di 3P","item":"https:\/\/padrepinopuglisi.chiesadipalermo.it\/it\/biografia\/biografia-di-3p\/"},{"@type":"ListItem","position":4,"name":"Animatore delle vocazioni. Direttore del C.D.V. e del C.R.V."}]},{"@type":"WebSite","@id":"https:\/\/padrepinopuglisi.chiesadipalermo.it\/it\/#website","url":"https:\/\/padrepinopuglisi.chiesadipalermo.it\/it\/","name":"Padre Pino Puglisi","description":"Sito Ufficiale sul Beato don Giuseppe Puglisi dell&#039;Arcidiocesi di Palermo","potentialAction":[{"@type":"SearchAction","target":{"@type":"EntryPoint","urlTemplate":"https:\/\/padrepinopuglisi.chiesadipalermo.it\/it\/?s={search_term_string}"},"query-input":{"@type":"PropertyValueSpecification","valueRequired":true,"valueName":"search_term_string"}}],"inLanguage":"it-IT"}]}},"_links":{"self":[{"href":"https:\/\/padrepinopuglisi.chiesadipalermo.it\/it\/wp-json\/wp\/v2\/pages\/8692","targetHints":{"allow":["GET"]}}],"collection":[{"href":"https:\/\/padrepinopuglisi.chiesadipalermo.it\/it\/wp-json\/wp\/v2\/pages"}],"about":[{"href":"https:\/\/padrepinopuglisi.chiesadipalermo.it\/it\/wp-json\/wp\/v2\/types\/page"}],"author":[{"embeddable":true,"href":"https:\/\/padrepinopuglisi.chiesadipalermo.it\/it\/wp-json\/wp\/v2\/users\/1"}],"replies":[{"embeddable":true,"href":"https:\/\/padrepinopuglisi.chiesadipalermo.it\/it\/wp-json\/wp\/v2\/comments?post=8692"}],"version-history":[{"count":0,"href":"https:\/\/padrepinopuglisi.chiesadipalermo.it\/it\/wp-json\/wp\/v2\/pages\/8692\/revisions"}],"up":[{"embeddable":true,"href":"https:\/\/padrepinopuglisi.chiesadipalermo.it\/it\/wp-json\/wp\/v2\/pages\/3333"}],"wp:featuredmedia":[{"embeddable":true,"href":"https:\/\/padrepinopuglisi.chiesadipalermo.it\/it\/wp-json\/wp\/v2\/media\/7120"}],"wp:attachment":[{"href":"https:\/\/padrepinopuglisi.chiesadipalermo.it\/it\/wp-json\/wp\/v2\/media?parent=8692"}],"wp:term":[{"taxonomy":"category","embeddable":true,"href":"https:\/\/padrepinopuglisi.chiesadipalermo.it\/it\/wp-json\/wp\/v2\/categories?post=8692"},{"taxonomy":"post_tag","embeddable":true,"href":"https:\/\/padrepinopuglisi.chiesadipalermo.it\/it\/wp-json\/wp\/v2\/tags?post=8692"}],"curies":[{"name":"wp","href":"https:\/\/api.w.org\/{rel}","templated":true}]}}