{"id":8688,"date":"1993-09-15T19:11:37","date_gmt":"1993-09-15T17:11:37","guid":{"rendered":"https:\/\/padrepinopuglisi.chiesadipalermo.it\/it\/?page_id=8688"},"modified":"2020-10-19T22:34:30","modified_gmt":"2020-10-19T20:34:30","slug":"parroco-a-brancaccio-la-proposta-evangelica-e-la-mafia-che-ha-paura","status":"publish","type":"page","link":"https:\/\/padrepinopuglisi.chiesadipalermo.it\/it\/biografia\/biografia-di-3p\/parroco-a-brancaccio-la-proposta-evangelica-e-la-mafia-che-ha-paura\/","title":{"rendered":"Parroco a Brancaccio. La proposta evangelica e la mafia che ha paura"},"content":{"rendered":"<section  class='av_textblock_section av-jkcd6w1m-f7d3d6f9bc37ed895a3d21c4b9a194bf '   itemscope=\"itemscope\" itemtype=\"https:\/\/schema.org\/CreativeWork\" ><div class='avia_textblock'  itemprop=\"text\" ><p style=\"text-align: center;\"><strong>BIOGRAFIA DI 3P<\/strong><\/p>\n<\/div><\/section>\n<section  class='av_textblock_section av-jjn4u67o-9579a2cdf168d52f4a97e22581f4a720 '   itemscope=\"itemscope\" itemtype=\"https:\/\/schema.org\/CreativeWork\" ><div class='avia_textblock'  itemprop=\"text\" ><table border=\"0\" width=\"100%\">\n<tbody>\n<tr>\n<td align=\"left\" width=\"20%\"><a href=\"https:\/\/padrepinopuglisi.chiesadipalermo.it\/it\/biografia\/biografia-di-3p\/parroco-a-brancaccio-ricristianizzare-e-rievangelizzare\/\"><img decoding=\"async\" class=\"alignleft size-full wp-image-3647 lazyload\" src=\"data:image\/gif;base64,R0lGODlhAQABAIAAAAAAAP\/\/\/yH5BAEAAAAALAAAAAABAAEAAAIBRAA7\" data-src=\"https:\/\/padrepinopuglisi.chiesadipalermo.it\/it\/wp-content\/uploads\/2018\/01\/freccia_sx_cele.png\" alt=\"\" width=\"16\" height=\"16\" \/><noscript><img decoding=\"async\" class=\"alignleft size-full wp-image-3647 lazyload\" src=\"https:\/\/padrepinopuglisi.chiesadipalermo.it\/it\/wp-content\/uploads\/2018\/01\/freccia_sx_cele.png\" alt=\"\" width=\"16\" height=\"16\" \/><\/noscript> 7<\/a><\/td>\n<td align=\"center\" width=\"40%\">\n<h3><strong>8) Parroco a Brancaccio. La proposta evangelica e la mafia che ha paura<br \/>\n<\/strong><\/h3>\n<\/td>\n<td align=\"right\" width=\"20%\"><\/td>\n<\/tr>\n<\/tbody>\n<\/table>\n<\/div><\/section>\n<section  class='av_textblock_section av-jjn4vz5j-59ae9b95ca3aadde587f0f44cf24712d '   itemscope=\"itemscope\" itemtype=\"https:\/\/schema.org\/CreativeWork\" ><div class='avia_textblock'  itemprop=\"text\" ><\/div><\/section><section  class='av_textblock_section av-jjn53ktq-6edc3aa654e252d43497a70495d15f8f '   itemscope=\"itemscope\" itemtype=\"https:\/\/schema.org\/CreativeWork\" ><div class='avia_textblock'  itemprop=\"text\" ><p><img decoding=\"async\" class=\"alignleft size-medium wp-image-4592 lazyload\" src=\"data:image\/gif;base64,R0lGODlhAQABAIAAAAAAAP\/\/\/yH5BAEAAAAALAAAAAABAAEAAAIBRAA7\" data-src=\"https:\/\/padrepinopuglisi.chiesadipalermo.it\/it\/wp-content\/uploads\/3P02_altri\/3P02_0652-300x199.png\" alt=\"\" width=\"300\" height=\"199\" \/><noscript><img decoding=\"async\" class=\"alignleft size-medium wp-image-4592 lazyload\" src=\"https:\/\/padrepinopuglisi.chiesadipalermo.it\/it\/wp-content\/uploads\/3P02_altri\/3P02_0652-300x199.png\" alt=\"\" width=\"300\" height=\"199\" srcset=\"https:\/\/padrepinopuglisi.chiesadipalermo.it\/it\/wp-content\/uploads\/3P02_altri\/3P02_0652-300x199.png 300w, https:\/\/padrepinopuglisi.chiesadipalermo.it\/it\/wp-content\/uploads\/3P02_altri\/3P02_0652-450x298.png 450w, https:\/\/padrepinopuglisi.chiesadipalermo.it\/it\/wp-content\/uploads\/3P02_altri\/3P02_0652.png 600w\" sizes=\"(max-width: 300px) 100vw, 300px\" \/><\/noscript>A Brancaccio P. Puglisi si fa promotore di una cultura evangelica di riscatto sociale. Porta con s\u00e9 le assistenti sociali che si impegnano gratuitamente per la promozione del territorio.Il bisogno in cui la mafia tiene i cittadini viene configurato come diritto negato al quale la mafia riesce a rispondere attraverso meccanismi clientelari. P. Puglisi, invece, risponde con la lotta per i loro diritti, con la promozione di azioni tese a rivendicare quanto loro spetta, attraverso moduli inviati al Comune nei quali vengono richieste risposte ai bisogni dei cittadini.La mafia perde il controllo del territorio e comincia a perdere, anche e soprattutto, il controllo dei bambini. Ad essi si rivolge 3P che propone loro il <strong>gioco<\/strong> piuttosto che il furto, il sostegno scolastico anzich\u00e9 la pistola. Lui \u00e8 credibile perch\u00e9 <strong>coerente<\/strong>, perch\u00e9 assume su di s\u00e9 i loro problemi e si propone, nei fatti, come compagno di strada.I bambini sono i diretti privilegiati dell&#8217;azione educativa del pedagogo 3P. Con loro, dice, si pu\u00f2 ancora avanzare una controproposta di amore che si ponga come alternativa a quella del fascino della mafia. Per questo organizzer\u00e0 moltissime attivit\u00e0 e molti di loro passeranno dalla sua parte, seguiranno il suo progetto abbandonando definitivamente i sogni di mafia che li affascinavano.3P diventa pericoloso. E alza il tiro, sapendo di avere contro tutta la gente che ha da sempre garantito alla criminalit\u00e0 il controllo del territorio. Modifica il percorso della processione di S. Gaetano: il folklore religioso lascia il campo ad una spiritualit\u00e0 vera.Sull&#8217;altare del sacrificio di Cristo viene portato tutto: la sofferenza delle persone, i diritti negati, l&#8217;offesa subita dai cittadini, gli attentati.<br \/>\nLa sua non \u00e8 una parrocchia antimafia, lui non \u00e8 un parroco antimafia. \u00c8 solo uno che vuole occuparsi dei ragazzini per dare loro una speranza: portare il Vangelo a Brancaccio, incarnarlo nella vita di quel territorio e di quella comunit\u00e0.<br \/>\nNiente finanziamenti pubblici per essere liberi di denunciare le inadempienze delle Istituzioni; niente amicizie politiche perch\u00e9 Cristo sta con la gente e non fa accordi politici.<br \/>\nLa sua, \u00e8 davvero una proposta di amore cristiano.<img decoding=\"async\" class=\"size-medium wp-image-4628 alignright lazyload\" src=\"data:image\/gif;base64,R0lGODlhAQABAIAAAAAAAP\/\/\/yH5BAEAAAAALAAAAAABAAEAAAIBRAA7\" data-src=\"https:\/\/padrepinopuglisi.chiesadipalermo.it\/it\/wp-content\/uploads\/3P02_altri\/3P02_0694-300x207.png\" alt=\"\" width=\"300\" height=\"207\" \/><noscript><img decoding=\"async\" class=\"size-medium wp-image-4628 alignright lazyload\" src=\"https:\/\/padrepinopuglisi.chiesadipalermo.it\/it\/wp-content\/uploads\/3P02_altri\/3P02_0694-300x207.png\" alt=\"\" width=\"300\" height=\"207\" srcset=\"https:\/\/padrepinopuglisi.chiesadipalermo.it\/it\/wp-content\/uploads\/3P02_altri\/3P02_0694-300x207.png 300w, https:\/\/padrepinopuglisi.chiesadipalermo.it\/it\/wp-content\/uploads\/3P02_altri\/3P02_0694-450x310.png 450w, https:\/\/padrepinopuglisi.chiesadipalermo.it\/it\/wp-content\/uploads\/3P02_altri\/3P02_0694.png 600w\" sizes=\"(max-width: 300px) 100vw, 300px\" \/><\/noscript><\/p>\n<\/div><\/section><section  class='av_textblock_section av-jjn4u67o-6144ac47f9eaf85602729dcfef4cd941 '   itemscope=\"itemscope\" itemtype=\"https:\/\/schema.org\/CreativeWork\" ><div class='avia_textblock'  itemprop=\"text\" ><\/div><\/section><div  class='av-buildercomment av-1ti2yo-8937888a67d00c6d3d8fb9257b89dead  av-blog-meta-comments-disabled av-blog-meta-tag-disabled'><\/div><\/p>\n<table border=\"0\" width=\"100%\">\n<tbody>\n<tr>\n<td align=\"center\" width=\"14%\"><a href=\"https:\/\/padrepinopuglisi.chiesadipalermo.it\/it\/biografia\/biografia-di-3p\/introduzione-senso-del-martirio-beatificazione\/\">1<\/a><\/td>\n<td align=\"center\" width=\"12%\"><a href=\"https:\/\/padrepinopuglisi.chiesadipalermo.it\/it\/biografia\/biografia-di-3p\/origini-umili-e-solide-basi-familiari\/\"><strong>2<\/strong><\/a><\/td>\n<td align=\"center\" width=\"12%\"><a href=\"https:\/\/padrepinopuglisi.chiesadipalermo.it\/it\/biografia\/biografia-di-3p\/anni-60-e-70-montevago-decollati-e-scaricatore-roosevelt\/\">3<\/a><\/td>\n<td align=\"center\" width=\"12%\"><a href=\"https:\/\/padrepinopuglisi.chiesadipalermo.it\/it\/biografia\/biografia-di-3p\/godrano-pane-poverta-perdono\/\">4<\/a><\/td>\n<td align=\"center\" width=\"12%\"><a href=\"https:\/\/padrepinopuglisi.chiesadipalermo.it\/it\/biografia\/biografia-di-3p\/animatore-delle-vocazioni-direttore-del-c-d-v-e-del-c-r-v\/\">5<\/a><\/td>\n<td align=\"center\" width=\"12%\"><a href=\"https:\/\/padrepinopuglisi.chiesadipalermo.it\/it\/biografia\/biografia-di-3p\/animatore-delle-vocazioni-i-gruppi-giovanili-formazione-preghiera-e-servizio\/\">6<\/a><\/td>\n<td align=\"center\" width=\"12%\"><a href=\"https:\/\/padrepinopuglisi.chiesadipalermo.it\/it\/biografia\/biografia-di-3p\/parroco-a-brancaccio-ricristianizzare-e-rievangelizzare\/\">7<\/a><\/td>\n<td align=\"center\" bgcolor=\"#FFFFCC\" width=\"14%\"><a href=\"https:\/\/padrepinopuglisi.chiesadipalermo.it\/it\/biografia\/biografia-di-3p\/parroco-a-brancaccio-la-proposta-evangelica-e-la-mafia-che-ha-paura\/\">8<\/a><\/td>\n<\/tr>\n<\/tbody>\n<tbody>\n<tr>\n<td align=\"left\" width=\"20%\"><a href=\"https:\/\/padrepinopuglisi.chiesadipalermo.it\/it\/biografia\/biografia-di-3p\/parroco-a-brancaccio-ricristianizzare-e-rievangelizzare\/\"><img decoding=\"async\" class=\"alignleft size-full wp-image-3647 lazyload\" src=\"data:image\/gif;base64,R0lGODlhAQABAIAAAAAAAP\/\/\/yH5BAEAAAAALAAAAAABAAEAAAIBRAA7\" data-src=\"https:\/\/padrepinopuglisi.chiesadipalermo.it\/it\/wp-content\/uploads\/2018\/01\/freccia_sx_cele.png\" alt=\"\" width=\"16\" height=\"16\" \/><noscript><img decoding=\"async\" class=\"alignleft size-full wp-image-3647 lazyload\" src=\"https:\/\/padrepinopuglisi.chiesadipalermo.it\/it\/wp-content\/uploads\/2018\/01\/freccia_sx_cele.png\" alt=\"\" width=\"16\" height=\"16\" \/><\/noscript> 7<\/a><\/td>\n<td align=\"center\" width=\"40%\"><\/td>\n<td align=\"right\" width=\"20%\"><\/td>\n<\/tr>\n<\/tbody>\n<\/table>\n","protected":false},"excerpt":{"rendered":"<p>1 2 3 4 5 6 7 8 7<\/p>\n","protected":false},"author":1,"featured_media":4627,"parent":3333,"menu_order":7,"comment_status":"closed","ping_status":"closed","template":"","meta":{"footnotes":""},"categories":[3],"tags":[],"class_list":["post-8688","page","type-page","status-publish","has-post-thumbnail","hentry","category-biografia"],"yoast_head":"<!-- This site is optimized with the Yoast SEO plugin v27.0 - https:\/\/yoast.com\/product\/yoast-seo-wordpress\/ -->\n<title>Parroco a Brancaccio. La proposta evangelica e la mafia che ha paura - Padre Pino Puglisi<\/title>\n<meta name=\"robots\" content=\"index, follow, max-snippet:-1, max-image-preview:large, max-video-preview:-1\" \/>\n<link rel=\"canonical\" href=\"https:\/\/padrepinopuglisi.chiesadipalermo.it\/it\/biografia\/biografia-di-3p\/parroco-a-brancaccio-la-proposta-evangelica-e-la-mafia-che-ha-paura\/\" \/>\n<meta property=\"og:locale\" content=\"it_IT\" \/>\n<meta property=\"og:type\" content=\"article\" \/>\n<meta property=\"og:title\" content=\"Parroco a Brancaccio. La proposta evangelica e la mafia che ha paura - Padre Pino Puglisi\" \/>\n<meta property=\"og:description\" content=\"1 2 3 4 5 6 7 8 7\" \/>\n<meta property=\"og:url\" content=\"https:\/\/padrepinopuglisi.chiesadipalermo.it\/it\/biografia\/biografia-di-3p\/parroco-a-brancaccio-la-proposta-evangelica-e-la-mafia-che-ha-paura\/\" \/>\n<meta property=\"og:site_name\" content=\"Padre Pino Puglisi\" \/>\n<meta property=\"article:publisher\" content=\"https:\/\/www.facebook.com\/beatoPadrePinoPuglisi\/\" \/>\n<meta property=\"article:modified_time\" content=\"2020-10-19T20:34:30+00:00\" \/>\n<meta property=\"og:image\" content=\"https:\/\/padrepinopuglisi.chiesadipalermo.it\/it\/wp-content\/uploads\/3P02_altri\/3P02_0693.jpg\" \/>\n\t<meta property=\"og:image:width\" content=\"600\" \/>\n\t<meta property=\"og:image:height\" content=\"403\" \/>\n\t<meta property=\"og:image:type\" content=\"image\/jpeg\" \/>\n<meta name=\"twitter:card\" content=\"summary_large_image\" \/>\n<meta name=\"twitter:label1\" content=\"Tempo di lettura stimato\" \/>\n\t<meta name=\"twitter:data1\" content=\"3 minuti\" \/>\n<script type=\"application\/ld+json\" class=\"yoast-schema-graph\">{\"@context\":\"https:\/\/schema.org\",\"@graph\":[{\"@type\":\"WebPage\",\"@id\":\"https:\/\/padrepinopuglisi.chiesadipalermo.it\/it\/biografia\/biografia-di-3p\/parroco-a-brancaccio-la-proposta-evangelica-e-la-mafia-che-ha-paura\/\",\"url\":\"https:\/\/padrepinopuglisi.chiesadipalermo.it\/it\/biografia\/biografia-di-3p\/parroco-a-brancaccio-la-proposta-evangelica-e-la-mafia-che-ha-paura\/\",\"name\":\"Parroco a Brancaccio. La proposta evangelica e la mafia che ha paura - Padre Pino Puglisi\",\"isPartOf\":{\"@id\":\"https:\/\/padrepinopuglisi.chiesadipalermo.it\/it\/#website\"},\"primaryImageOfPage\":{\"@id\":\"https:\/\/padrepinopuglisi.chiesadipalermo.it\/it\/biografia\/biografia-di-3p\/parroco-a-brancaccio-la-proposta-evangelica-e-la-mafia-che-ha-paura\/#primaryimage\"},\"image\":{\"@id\":\"https:\/\/padrepinopuglisi.chiesadipalermo.it\/it\/biografia\/biografia-di-3p\/parroco-a-brancaccio-la-proposta-evangelica-e-la-mafia-che-ha-paura\/#primaryimage\"},\"thumbnailUrl\":\"https:\/\/padrepinopuglisi.chiesadipalermo.it\/it\/wp-content\/uploads\/3P02_altri\/3P02_0693.jpg\",\"datePublished\":\"1993-09-15T17:11:37+00:00\",\"dateModified\":\"2020-10-19T20:34:30+00:00\",\"breadcrumb\":{\"@id\":\"https:\/\/padrepinopuglisi.chiesadipalermo.it\/it\/biografia\/biografia-di-3p\/parroco-a-brancaccio-la-proposta-evangelica-e-la-mafia-che-ha-paura\/#breadcrumb\"},\"inLanguage\":\"it-IT\",\"potentialAction\":[{\"@type\":\"ReadAction\",\"target\":[\"https:\/\/padrepinopuglisi.chiesadipalermo.it\/it\/biografia\/biografia-di-3p\/parroco-a-brancaccio-la-proposta-evangelica-e-la-mafia-che-ha-paura\/\"]}]},{\"@type\":\"ImageObject\",\"inLanguage\":\"it-IT\",\"@id\":\"https:\/\/padrepinopuglisi.chiesadipalermo.it\/it\/biografia\/biografia-di-3p\/parroco-a-brancaccio-la-proposta-evangelica-e-la-mafia-che-ha-paura\/#primaryimage\",\"url\":\"https:\/\/padrepinopuglisi.chiesadipalermo.it\/it\/wp-content\/uploads\/3P02_altri\/3P02_0693.jpg\",\"contentUrl\":\"https:\/\/padrepinopuglisi.chiesadipalermo.it\/it\/wp-content\/uploads\/3P02_altri\/3P02_0693.jpg\",\"width\":600,\"height\":403},{\"@type\":\"BreadcrumbList\",\"@id\":\"https:\/\/padrepinopuglisi.chiesadipalermo.it\/it\/biografia\/biografia-di-3p\/parroco-a-brancaccio-la-proposta-evangelica-e-la-mafia-che-ha-paura\/#breadcrumb\",\"itemListElement\":[{\"@type\":\"ListItem\",\"position\":1,\"name\":\"Home\",\"item\":\"https:\/\/padrepinopuglisi.chiesadipalermo.it\/it\/homepage\/\"},{\"@type\":\"ListItem\",\"position\":2,\"name\":\"Biografia\",\"item\":\"https:\/\/padrepinopuglisi.chiesadipalermo.it\/it\/biografia\/\"},{\"@type\":\"ListItem\",\"position\":3,\"name\":\"Biografia di 3P\",\"item\":\"https:\/\/padrepinopuglisi.chiesadipalermo.it\/it\/biografia\/biografia-di-3p\/\"},{\"@type\":\"ListItem\",\"position\":4,\"name\":\"Parroco a Brancaccio. La proposta evangelica e la mafia che ha paura\"}]},{\"@type\":\"WebSite\",\"@id\":\"https:\/\/padrepinopuglisi.chiesadipalermo.it\/it\/#website\",\"url\":\"https:\/\/padrepinopuglisi.chiesadipalermo.it\/it\/\",\"name\":\"Padre Pino Puglisi\",\"description\":\"Sito Ufficiale sul Beato don Giuseppe Puglisi dell&#039;Arcidiocesi di Palermo\",\"potentialAction\":[{\"@type\":\"SearchAction\",\"target\":{\"@type\":\"EntryPoint\",\"urlTemplate\":\"https:\/\/padrepinopuglisi.chiesadipalermo.it\/it\/?s={search_term_string}\"},\"query-input\":{\"@type\":\"PropertyValueSpecification\",\"valueRequired\":true,\"valueName\":\"search_term_string\"}}],\"inLanguage\":\"it-IT\"}]}<\/script>\n<!-- \/ Yoast SEO plugin. -->","yoast_head_json":{"title":"Parroco a Brancaccio. La proposta evangelica e la mafia che ha paura - Padre Pino Puglisi","robots":{"index":"index","follow":"follow","max-snippet":"max-snippet:-1","max-image-preview":"max-image-preview:large","max-video-preview":"max-video-preview:-1"},"canonical":"https:\/\/padrepinopuglisi.chiesadipalermo.it\/it\/biografia\/biografia-di-3p\/parroco-a-brancaccio-la-proposta-evangelica-e-la-mafia-che-ha-paura\/","og_locale":"it_IT","og_type":"article","og_title":"Parroco a Brancaccio. La proposta evangelica e la mafia che ha paura - Padre Pino Puglisi","og_description":"1 2 3 4 5 6 7 8 7","og_url":"https:\/\/padrepinopuglisi.chiesadipalermo.it\/it\/biografia\/biografia-di-3p\/parroco-a-brancaccio-la-proposta-evangelica-e-la-mafia-che-ha-paura\/","og_site_name":"Padre Pino Puglisi","article_publisher":"https:\/\/www.facebook.com\/beatoPadrePinoPuglisi\/","article_modified_time":"2020-10-19T20:34:30+00:00","og_image":[{"width":600,"height":403,"url":"https:\/\/padrepinopuglisi.chiesadipalermo.it\/it\/wp-content\/uploads\/3P02_altri\/3P02_0693.jpg","type":"image\/jpeg"}],"twitter_card":"summary_large_image","twitter_misc":{"Tempo di lettura stimato":"3 minuti"},"schema":{"@context":"https:\/\/schema.org","@graph":[{"@type":"WebPage","@id":"https:\/\/padrepinopuglisi.chiesadipalermo.it\/it\/biografia\/biografia-di-3p\/parroco-a-brancaccio-la-proposta-evangelica-e-la-mafia-che-ha-paura\/","url":"https:\/\/padrepinopuglisi.chiesadipalermo.it\/it\/biografia\/biografia-di-3p\/parroco-a-brancaccio-la-proposta-evangelica-e-la-mafia-che-ha-paura\/","name":"Parroco a Brancaccio. La proposta evangelica e la mafia che ha paura - Padre Pino Puglisi","isPartOf":{"@id":"https:\/\/padrepinopuglisi.chiesadipalermo.it\/it\/#website"},"primaryImageOfPage":{"@id":"https:\/\/padrepinopuglisi.chiesadipalermo.it\/it\/biografia\/biografia-di-3p\/parroco-a-brancaccio-la-proposta-evangelica-e-la-mafia-che-ha-paura\/#primaryimage"},"image":{"@id":"https:\/\/padrepinopuglisi.chiesadipalermo.it\/it\/biografia\/biografia-di-3p\/parroco-a-brancaccio-la-proposta-evangelica-e-la-mafia-che-ha-paura\/#primaryimage"},"thumbnailUrl":"https:\/\/padrepinopuglisi.chiesadipalermo.it\/it\/wp-content\/uploads\/3P02_altri\/3P02_0693.jpg","datePublished":"1993-09-15T17:11:37+00:00","dateModified":"2020-10-19T20:34:30+00:00","breadcrumb":{"@id":"https:\/\/padrepinopuglisi.chiesadipalermo.it\/it\/biografia\/biografia-di-3p\/parroco-a-brancaccio-la-proposta-evangelica-e-la-mafia-che-ha-paura\/#breadcrumb"},"inLanguage":"it-IT","potentialAction":[{"@type":"ReadAction","target":["https:\/\/padrepinopuglisi.chiesadipalermo.it\/it\/biografia\/biografia-di-3p\/parroco-a-brancaccio-la-proposta-evangelica-e-la-mafia-che-ha-paura\/"]}]},{"@type":"ImageObject","inLanguage":"it-IT","@id":"https:\/\/padrepinopuglisi.chiesadipalermo.it\/it\/biografia\/biografia-di-3p\/parroco-a-brancaccio-la-proposta-evangelica-e-la-mafia-che-ha-paura\/#primaryimage","url":"https:\/\/padrepinopuglisi.chiesadipalermo.it\/it\/wp-content\/uploads\/3P02_altri\/3P02_0693.jpg","contentUrl":"https:\/\/padrepinopuglisi.chiesadipalermo.it\/it\/wp-content\/uploads\/3P02_altri\/3P02_0693.jpg","width":600,"height":403},{"@type":"BreadcrumbList","@id":"https:\/\/padrepinopuglisi.chiesadipalermo.it\/it\/biografia\/biografia-di-3p\/parroco-a-brancaccio-la-proposta-evangelica-e-la-mafia-che-ha-paura\/#breadcrumb","itemListElement":[{"@type":"ListItem","position":1,"name":"Home","item":"https:\/\/padrepinopuglisi.chiesadipalermo.it\/it\/homepage\/"},{"@type":"ListItem","position":2,"name":"Biografia","item":"https:\/\/padrepinopuglisi.chiesadipalermo.it\/it\/biografia\/"},{"@type":"ListItem","position":3,"name":"Biografia di 3P","item":"https:\/\/padrepinopuglisi.chiesadipalermo.it\/it\/biografia\/biografia-di-3p\/"},{"@type":"ListItem","position":4,"name":"Parroco a Brancaccio. La proposta evangelica e la mafia che ha paura"}]},{"@type":"WebSite","@id":"https:\/\/padrepinopuglisi.chiesadipalermo.it\/it\/#website","url":"https:\/\/padrepinopuglisi.chiesadipalermo.it\/it\/","name":"Padre Pino Puglisi","description":"Sito Ufficiale sul Beato don Giuseppe Puglisi dell&#039;Arcidiocesi di Palermo","potentialAction":[{"@type":"SearchAction","target":{"@type":"EntryPoint","urlTemplate":"https:\/\/padrepinopuglisi.chiesadipalermo.it\/it\/?s={search_term_string}"},"query-input":{"@type":"PropertyValueSpecification","valueRequired":true,"valueName":"search_term_string"}}],"inLanguage":"it-IT"}]}},"_links":{"self":[{"href":"https:\/\/padrepinopuglisi.chiesadipalermo.it\/it\/wp-json\/wp\/v2\/pages\/8688","targetHints":{"allow":["GET"]}}],"collection":[{"href":"https:\/\/padrepinopuglisi.chiesadipalermo.it\/it\/wp-json\/wp\/v2\/pages"}],"about":[{"href":"https:\/\/padrepinopuglisi.chiesadipalermo.it\/it\/wp-json\/wp\/v2\/types\/page"}],"author":[{"embeddable":true,"href":"https:\/\/padrepinopuglisi.chiesadipalermo.it\/it\/wp-json\/wp\/v2\/users\/1"}],"replies":[{"embeddable":true,"href":"https:\/\/padrepinopuglisi.chiesadipalermo.it\/it\/wp-json\/wp\/v2\/comments?post=8688"}],"version-history":[{"count":0,"href":"https:\/\/padrepinopuglisi.chiesadipalermo.it\/it\/wp-json\/wp\/v2\/pages\/8688\/revisions"}],"up":[{"embeddable":true,"href":"https:\/\/padrepinopuglisi.chiesadipalermo.it\/it\/wp-json\/wp\/v2\/pages\/3333"}],"wp:featuredmedia":[{"embeddable":true,"href":"https:\/\/padrepinopuglisi.chiesadipalermo.it\/it\/wp-json\/wp\/v2\/media\/4627"}],"wp:attachment":[{"href":"https:\/\/padrepinopuglisi.chiesadipalermo.it\/it\/wp-json\/wp\/v2\/media?parent=8688"}],"wp:term":[{"taxonomy":"category","embeddable":true,"href":"https:\/\/padrepinopuglisi.chiesadipalermo.it\/it\/wp-json\/wp\/v2\/categories?post=8688"},{"taxonomy":"post_tag","embeddable":true,"href":"https:\/\/padrepinopuglisi.chiesadipalermo.it\/it\/wp-json\/wp\/v2\/tags?post=8688"}],"curies":[{"name":"wp","href":"https:\/\/api.w.org\/{rel}","templated":true}]}}