{"id":8673,"date":"1993-09-15T19:17:54","date_gmt":"1993-09-15T17:17:54","guid":{"rendered":"https:\/\/padrepinopuglisi.chiesadipalermo.it\/it\/?page_id=8673"},"modified":"2020-10-19T22:18:16","modified_gmt":"2020-10-19T20:18:16","slug":"origini-umili-e-solide-basi-familiari","status":"publish","type":"page","link":"https:\/\/padrepinopuglisi.chiesadipalermo.it\/it\/biografia\/biografia-di-3p\/origini-umili-e-solide-basi-familiari\/","title":{"rendered":"Origini umili e solide basi familiari"},"content":{"rendered":"<section  class='av_textblock_section av-jkcdbg69-f00c5dfaa579ab974bfad7b4a9c59bc7 '   itemscope=\"itemscope\" itemtype=\"https:\/\/schema.org\/CreativeWork\" ><div class='avia_textblock'  itemprop=\"text\" ><p style=\"text-align: center;\"><strong>BIOGRAFIA DI 3P<\/strong><\/p>\n<\/div><\/section>\n<section  class='av_textblock_section av-jjn4u67o-9579a2cdf168d52f4a97e22581f4a720 '   itemscope=\"itemscope\" itemtype=\"https:\/\/schema.org\/CreativeWork\" ><div class='avia_textblock'  itemprop=\"text\" ><table border=\"0\" width=\"100%\">\n<tbody>\n<tr>\n<td align=\"left\" width=\"20%\"><a href=\"https:\/\/padrepinopuglisi.chiesadipalermo.it\/it\/biografia\/biografia-di-3p\/introduzione-senso-del-martirio-beatificazione\/\"><img decoding=\"async\" class=\"alignleft size-full wp-image-3647 lazyload\" src=\"data:image\/gif;base64,R0lGODlhAQABAIAAAAAAAP\/\/\/yH5BAEAAAAALAAAAAABAAEAAAIBRAA7\" data-src=\"https:\/\/padrepinopuglisi.chiesadipalermo.it\/it\/wp-content\/uploads\/2018\/01\/freccia_sx_cele.png\" alt=\"\" width=\"16\" height=\"16\" \/><noscript><img decoding=\"async\" class=\"alignleft size-full wp-image-3647 lazyload\" src=\"https:\/\/padrepinopuglisi.chiesadipalermo.it\/it\/wp-content\/uploads\/2018\/01\/freccia_sx_cele.png\" alt=\"\" width=\"16\" height=\"16\" \/><\/noscript><strong>1<\/strong><\/a><\/td>\n<td align=\"center\" width=\"40%\">\n<h3>2) Origini umili e solide basi familiari<\/h3>\n<\/td>\n<td align=\"right\" width=\"20%\"><a href=\"https:\/\/padrepinopuglisi.chiesadipalermo.it\/it\/biografia\/biografia-di-3p\/anni-60-e-70-montevago-decollati-e-scaricatore-roosevelt\/\"><strong>3<\/strong><img decoding=\"async\" class=\"size-full wp-image-3642 alignright lazyload\" src=\"data:image\/gif;base64,R0lGODlhAQABAIAAAAAAAP\/\/\/yH5BAEAAAAALAAAAAABAAEAAAIBRAA7\" data-src=\"https:\/\/padrepinopuglisi.chiesadipalermo.it\/it\/wp-content\/uploads\/2018\/01\/freccia_dx_cele.png\" alt=\"\" width=\"16\" height=\"16\" \/><noscript><img decoding=\"async\" class=\"size-full wp-image-3642 alignright lazyload\" src=\"https:\/\/padrepinopuglisi.chiesadipalermo.it\/it\/wp-content\/uploads\/2018\/01\/freccia_dx_cele.png\" alt=\"\" width=\"16\" height=\"16\" \/><\/noscript><\/a><\/td>\n<\/tr>\n<\/tbody>\n<\/table>\n<\/div><\/section>\n<section  class='av_textblock_section av-jjn4vz5j-59ae9b95ca3aadde587f0f44cf24712d '   itemscope=\"itemscope\" itemtype=\"https:\/\/schema.org\/CreativeWork\" ><div class='avia_textblock'  itemprop=\"text\" ><table border=\"0\" width=\"100%\">\n<tbody>\n<tr>\n<td align=\"center\" width=\"14%\"><a href=\"https:\/\/padrepinopuglisi.chiesadipalermo.it\/it\/biografia\/biografia-di-3p\/introduzione-senso-del-martirio-beatificazione\/\">1<\/a><\/td>\n<td align=\"center\" bgcolor=\"#FFFFCC\" width=\"12%\"><a href=\"https:\/\/padrepinopuglisi.chiesadipalermo.it\/it\/biografia\/biografia-di-3p\/origini-umili-e-solide-basi-familiari\/\"><strong>2<\/strong><\/a><\/td>\n<td align=\"center\" width=\"12%\"><a href=\"https:\/\/padrepinopuglisi.chiesadipalermo.it\/it\/biografia\/biografia-di-3p\/anni-60-e-70-montevago-decollati-e-scaricatore-roosevelt\/\">3<\/a><\/td>\n<td align=\"center\" width=\"12%\"><a href=\"https:\/\/padrepinopuglisi.chiesadipalermo.it\/it\/biografia\/biografia-di-3p\/godrano-pane-poverta-perdono\/\">4<\/a><\/td>\n<td align=\"center\" width=\"12%\"><a href=\"https:\/\/padrepinopuglisi.chiesadipalermo.it\/it\/biografia\/biografia-di-3p\/animatore-delle-vocazioni-direttore-del-c-d-v-e-del-c-r-v\/\">5<\/a><\/td>\n<td align=\"center\" width=\"12%\"><a href=\"https:\/\/padrepinopuglisi.chiesadipalermo.it\/it\/biografia\/biografia-di-3p\/animatore-delle-vocazioni-i-gruppi-giovanili-formazione-preghiera-e-servizio\/\">6<\/a><\/td>\n<td align=\"center\" width=\"12%\"><a href=\"https:\/\/padrepinopuglisi.chiesadipalermo.it\/it\/biografia\/biografia-di-3p\/parroco-a-brancaccio-ricristianizzare-e-rievangelizzare\/\">7<\/a><\/td>\n<td align=\"center\" width=\"14%\"><a href=\"https:\/\/padrepinopuglisi.chiesadipalermo.it\/it\/biografia\/biografia-di-3p\/parroco-a-brancaccio-la-proposta-evangelica-e-la-mafia-che-ha-paura\/\">8<\/a><\/td>\n<\/tr>\n<\/tbody>\n<\/table>\n<\/div><\/section>\n<section  class='av_textblock_section av-jjn53ktq-6edc3aa654e252d43497a70495d15f8f '   itemscope=\"itemscope\" itemtype=\"https:\/\/schema.org\/CreativeWork\" ><div class='avia_textblock'  itemprop=\"text\" ><p><img decoding=\"async\" class=\"alignleft wp-image-4395 size-medium lazyload\" src=\"data:image\/gif;base64,R0lGODlhAQABAIAAAAAAAP\/\/\/yH5BAEAAAAALAAAAAABAAEAAAIBRAA7\" data-src=\"https:\/\/padrepinopuglisi.chiesadipalermo.it\/it\/wp-content\/uploads\/3P01_solo\/3P01_0012_1945-46-205x300.jpg\" alt=\"\" width=\"205\" height=\"300\" \/><noscript><img decoding=\"async\" class=\"alignleft wp-image-4395 size-medium lazyload\" src=\"https:\/\/padrepinopuglisi.chiesadipalermo.it\/it\/wp-content\/uploads\/3P01_solo\/3P01_0012_1945-46-205x300.jpg\" alt=\"\" width=\"205\" height=\"300\" srcset=\"https:\/\/padrepinopuglisi.chiesadipalermo.it\/it\/wp-content\/uploads\/3P01_solo\/3P01_0012_1945-46-205x300.jpg 205w, https:\/\/padrepinopuglisi.chiesadipalermo.it\/it\/wp-content\/uploads\/3P01_solo\/3P01_0012_1945-46.jpg 410w\" sizes=\"(max-width: 205px) 100vw, 205px\" \/><\/noscript>Tra la sua vita e la sua morte (15\/09\/37-15\/09\/93) sono intercorsi 56 anni esatti ma, guardando quanto \u00e8 riuscito a realizzare in questo breve arco di tempo, ne sembrano trascorsi molti di pi\u00f9:<br \/>\ntale \u00e8 stata l&#8217;umilt\u00e0 di vita di quest&#8217;uomo, tale la sua docilit\u00e0 nell&#8217;essere e nel diventare, sempre di pi\u00f9, strumento di azione di Dio nella storia dell&#8217;uomo.<br \/>\nLa biografia di p. Puglisi \u00e8 tutta costellata dal prodigio che Dio pu\u00f2 compiere se l&#8217;uomo risponde positivamente alla Sua chiamata di amore, facendosi dono per gli altri.<\/p>\n<p>Nasce a Palermo il 15\/09\/1937 nel cortile Faraone, 8, quartiere Brancaccio Ciaculli; il 21 ottobre 1937 sar\u00e0 battezzato nella Parrocchia \u201cS. Nicol\u00f2 la Kalsa\u201d.<br \/>\nLe inclinazioni dei suoi genitori, umili e religiosi, forniscono le basi sicure ad un nucleo familiare coinvolto in pieno negli orrori della guerra e costretto a riparare, per salvarsi, nelle zone limitrofe alla citt\u00e0, in specie a Villafrati.<br \/>\nLa madre, Giuseppina Fana, \u00e8 sarta e si divide tra il lavoro, la famiglia e la dedizione alla Madonna. Il padre, Carmelo, \u00e8 calzolaio ma, all&#8217;occorrenza, anche benzinaio pur di non fare mancare la serenit\u00e0 possibile alla famiglia.<\/p>\n<p>Tre i fratelli: Francesco (1945) \u00e8 il pi\u00f9 piccolo, Nicola, (1932) muore prematuramente. Gaetano (1930) \u00e8 il pi\u00f9 grande e cos\u00ec ricorda:<\/p>\n<table class=\" aligncenter\" style=\"width: 90%; border-collapse: collapse; border-style: none; border-color: #990000;\" border=\"0\">\n<tbody>\n<tr>\n<td style=\"width: 100%;\"><em>\u201cDa piccolo andavo a Brancaccio e servivo la Messa proprio nella Chiesa San Gaetano. Ero chierichetto. Mio fratello me lo portavo sempre appresso. Dopo siamo andati nel periodo della guerra sfollati a Villafrati. Con mio fratello eravamo sempre assieme. Da ragazzi io andavo a prendere i muli a portarli a bere l&#8217;acqua e andavamo pure a raccogliere le spighe per il frumento. Mia madre faceva la sarta e mio padre era militare.\u201d<\/em><\/td>\n<\/tr>\n<\/tbody>\n<\/table>\n<p><img decoding=\"async\" class=\"alignright wp-image-4394 lazyload\" src=\"data:image\/gif;base64,R0lGODlhAQABAIAAAAAAAP\/\/\/yH5BAEAAAAALAAAAAABAAEAAAIBRAA7\" data-src=\"https:\/\/padrepinopuglisi.chiesadipalermo.it\/it\/wp-content\/uploads\/3P01_solo\/3P01_0011-204x300.jpg\" alt=\"\" width=\"136\" height=\"200\" \/><noscript><img decoding=\"async\" class=\"alignright wp-image-4394 lazyload\" src=\"https:\/\/padrepinopuglisi.chiesadipalermo.it\/it\/wp-content\/uploads\/3P01_solo\/3P01_0011-204x300.jpg\" alt=\"\" width=\"136\" height=\"200\" srcset=\"https:\/\/padrepinopuglisi.chiesadipalermo.it\/it\/wp-content\/uploads\/3P01_solo\/3P01_0011-204x300.jpg 204w, https:\/\/padrepinopuglisi.chiesadipalermo.it\/it\/wp-content\/uploads\/3P01_solo\/3P01_0011.jpg 408w\" sizes=\"(max-width: 136px) 100vw, 136px\" \/><\/noscript>Nel 1943 inizia a frequentare la scuola elementare mista \u201cVilla Giulia\u201d che conclude nel 48.<br \/>\nSi iscrive, quindi, alle scuole medie che completa nel 1951.<br \/>\nSegue l&#8217;iscrizione nell\u2019Istituto Magistrale Statale \u201cDe Cosmi\u201d che frequenta sino al 1953.<br \/>\nIl clima familiare alimenta nel giovane Pino un&#8217;ansia di servizio a Dio che matura anche all&#8217;interno della parrocchia \u201cS. Giovanni Bosco\u201d, in cui si inserisce nell&#8217;Azione Cattolica e svolge il servizio di ministrante.<br \/>\nIn questa fase avr\u00e0 un grande peso il rapporto con il parroco don Giovanni Caracciolo, una figura di grande cultura e con un profondo senso critico nei confronti della politica. A soli 16 anni entra in seminario e gi\u00e0, a leggere gli appunti di quel periodo, sviluppa una grande profondit\u00e0 spirituale ed umana.<\/p>\n<p><img decoding=\"async\" class=\"alignleft size-medium wp-image-4540 lazyload\" src=\"data:image\/gif;base64,R0lGODlhAQABAIAAAAAAAP\/\/\/yH5BAEAAAAALAAAAAABAAEAAAIBRAA7\" data-src=\"https:\/\/padrepinopuglisi.chiesadipalermo.it\/it\/wp-content\/uploads\/3P02_altri\/3P02_0600_fine_anni_50_seminarista_con_i_genitori-205x300.jpg\" alt=\"\" width=\"205\" height=\"300\" \/><noscript><img decoding=\"async\" class=\"alignleft size-medium wp-image-4540 lazyload\" src=\"https:\/\/padrepinopuglisi.chiesadipalermo.it\/it\/wp-content\/uploads\/3P02_altri\/3P02_0600_fine_anni_50_seminarista_con_i_genitori-205x300.jpg\" alt=\"\" width=\"205\" height=\"300\" srcset=\"https:\/\/padrepinopuglisi.chiesadipalermo.it\/it\/wp-content\/uploads\/3P02_altri\/3P02_0600_fine_anni_50_seminarista_con_i_genitori-205x300.jpg 205w, https:\/\/padrepinopuglisi.chiesadipalermo.it\/it\/wp-content\/uploads\/3P02_altri\/3P02_0600_fine_anni_50_seminarista_con_i_genitori.jpg 268w\" sizes=\"(max-width: 205px) 100vw, 205px\" \/><\/noscript>L&#8217;ingresso in Seminario \u00e8 preceduto da una lettera del 10 settembre 1953 ed indirizzata all&#8217;Arcivescovo di Palermo, il Card. Ernesto Ruffini. I genitori e il fratello maggiore Gaetano lo sostengono pagando la retta.<br \/>\nNel 1955 Pino Puglisi riceve la Cresima nella Cattedrale di Palermo: ad officiare il rito \u00e8 quel don Calogero Caracciolo che tanta parte ha avuto nel sostegno alla sua vocazione sacerdotale.<\/p>\n<p>Le tappe sino all&#8217;ordinazione presbiterale sono le seguenti:<\/p>\n<ul>\n<li>Prima tonsura (23 dicembre 1956)<\/li>\n<li>Ostiariato e Lettorato (21 dicembre 1957)<\/li>\n<li>Esorcistato e Accolitato (20 dicembre 1958)<\/li>\n<li>Suddiaconato (19 luglio 1959)<\/li>\n<li>Diaconato (19 dicembre 1959)<\/li>\n<li>Presbiterato (2 luglio 1960) nel Santuario \u201cMadonna dei Rimedi\u201d a Palermo per mano del Cardinale E. Ruffini<\/li>\n<\/ul>\n<table class=\"aligncenter\" style=\"width: 90%; border-collapse: collapse; border-style: none; border-color: #990000; height: 48px;\" border=\"0\">\n<tbody>\n<tr style=\"height: 48px;\">\n<td style=\"width: 100%; height: 48px;\">\u201c<strong><em>O Signore, che io sia strumento Valido nelle tue mani per La salvezza del mondo<\/em><\/strong>\u201d<br \/>\nsi legge nell&#8217;immaginetta ricordo della prima Messa celebrata nella Parrocchia \u201cS. Giovanni Bosco\u201d e sembra gi\u00e0 una profezia.<\/td>\n<\/tr>\n<\/tbody>\n<\/table>\n<p><img decoding=\"async\" class=\"size-medium wp-image-8794 aligncenter lazyload\" src=\"data:image\/gif;base64,R0lGODlhAQABAIAAAAAAAP\/\/\/yH5BAEAAAAALAAAAAABAAEAAAIBRAA7\" data-src=\"https:\/\/padrepinopuglisi.chiesadipalermo.it\/it\/wp-content\/uploads\/3P01_solo\/3P01_0201_immaginetta_sacerdozio-187x300.jpg\" alt=\"\" width=\"187\" height=\"300\" \/><noscript><img decoding=\"async\" class=\"size-medium wp-image-8794 aligncenter lazyload\" src=\"https:\/\/padrepinopuglisi.chiesadipalermo.it\/it\/wp-content\/uploads\/3P01_solo\/3P01_0201_immaginetta_sacerdozio-187x300.jpg\" alt=\"\" width=\"187\" height=\"300\" srcset=\"https:\/\/padrepinopuglisi.chiesadipalermo.it\/it\/wp-content\/uploads\/3P01_solo\/3P01_0201_immaginetta_sacerdozio-187x300.jpg 187w, https:\/\/padrepinopuglisi.chiesadipalermo.it\/it\/wp-content\/uploads\/3P01_solo\/3P01_0201_immaginetta_sacerdozio-15x24.jpg 15w, https:\/\/padrepinopuglisi.chiesadipalermo.it\/it\/wp-content\/uploads\/3P01_solo\/3P01_0201_immaginetta_sacerdozio-22x36.jpg 22w, https:\/\/padrepinopuglisi.chiesadipalermo.it\/it\/wp-content\/uploads\/3P01_solo\/3P01_0201_immaginetta_sacerdozio-30x48.jpg 30w, https:\/\/padrepinopuglisi.chiesadipalermo.it\/it\/wp-content\/uploads\/3P01_solo\/3P01_0201_immaginetta_sacerdozio.jpg 373w\" sizes=\"(max-width: 187px) 100vw, 187px\" \/><\/noscript><\/p>\n<\/div><\/section>\n<section  class='av_textblock_section av-jjn4u67o-6144ac47f9eaf85602729dcfef4cd941 '   itemscope=\"itemscope\" itemtype=\"https:\/\/schema.org\/CreativeWork\" ><div class='avia_textblock'  itemprop=\"text\" ><table border=\"0\" width=\"100%\">\n<tbody>\n<tr>\n<td align=\"left\" width=\"20%\"><a href=\"https:\/\/padrepinopuglisi.chiesadipalermo.it\/it\/biografia\/biografia-di-3p\/introduzione-senso-del-martirio-beatificazione\/\"><img decoding=\"async\" class=\"alignleft size-full wp-image-3647 lazyload\" src=\"data:image\/gif;base64,R0lGODlhAQABAIAAAAAAAP\/\/\/yH5BAEAAAAALAAAAAABAAEAAAIBRAA7\" data-src=\"https:\/\/padrepinopuglisi.chiesadipalermo.it\/it\/wp-content\/uploads\/2018\/01\/freccia_sx_cele.png\" alt=\"\" width=\"16\" height=\"16\" \/><noscript><img decoding=\"async\" class=\"alignleft size-full wp-image-3647 lazyload\" src=\"https:\/\/padrepinopuglisi.chiesadipalermo.it\/it\/wp-content\/uploads\/2018\/01\/freccia_sx_cele.png\" alt=\"\" width=\"16\" height=\"16\" \/><\/noscript><strong>1<\/strong><\/a><\/td>\n<td align=\"center\" width=\"40%\"><\/td>\n<td align=\"right\" width=\"20%\"><a href=\"https:\/\/padrepinopuglisi.chiesadipalermo.it\/it\/biografia\/biografia-di-3p\/anni-60-e-70-montevago-decollati-e-scaricatore-roosevelt\/\"><strong><i>Continua 3<\/i><\/strong><img decoding=\"async\" class=\"size-full wp-image-3642 alignright lazyload\" src=\"data:image\/gif;base64,R0lGODlhAQABAIAAAAAAAP\/\/\/yH5BAEAAAAALAAAAAABAAEAAAIBRAA7\" data-src=\"https:\/\/padrepinopuglisi.chiesadipalermo.it\/it\/wp-content\/uploads\/2018\/01\/freccia_dx_cele.png\" alt=\"\" width=\"16\" height=\"16\" \/><noscript><img decoding=\"async\" class=\"size-full wp-image-3642 alignright lazyload\" src=\"https:\/\/padrepinopuglisi.chiesadipalermo.it\/it\/wp-content\/uploads\/2018\/01\/freccia_dx_cele.png\" alt=\"\" width=\"16\" height=\"16\" \/><\/noscript><\/a><\/td>\n<\/tr>\n<\/tbody>\n<\/table>\n<hr \/>\n<\/div><\/section>\n<div  class='av-buildercomment av-2ws9g1-79f11ff9ff3aa7e209148e3455b4cc4e  av-blog-meta-comments-disabled av-blog-meta-tag-disabled'><\/div>\n","protected":false},"excerpt":{"rendered":"","protected":false},"author":1,"featured_media":4634,"parent":3333,"menu_order":2,"comment_status":"closed","ping_status":"closed","template":"","meta":{"footnotes":""},"categories":[3],"tags":[],"class_list":["post-8673","page","type-page","status-publish","has-post-thumbnail","hentry","category-biografia"],"yoast_head":"<!-- This site is optimized with the Yoast SEO plugin v27.0 - https:\/\/yoast.com\/product\/yoast-seo-wordpress\/ -->\n<title>Origini umili e solide basi familiari - Padre Pino Puglisi<\/title>\n<meta name=\"robots\" content=\"index, follow, max-snippet:-1, max-image-preview:large, max-video-preview:-1\" \/>\n<link rel=\"canonical\" href=\"https:\/\/padrepinopuglisi.chiesadipalermo.it\/it\/biografia\/biografia-di-3p\/origini-umili-e-solide-basi-familiari\/\" \/>\n<meta property=\"og:locale\" content=\"it_IT\" \/>\n<meta property=\"og:type\" content=\"article\" \/>\n<meta property=\"og:title\" content=\"Origini umili e solide basi familiari - Padre Pino Puglisi\" \/>\n<meta property=\"og:url\" content=\"https:\/\/padrepinopuglisi.chiesadipalermo.it\/it\/biografia\/biografia-di-3p\/origini-umili-e-solide-basi-familiari\/\" \/>\n<meta property=\"og:site_name\" content=\"Padre Pino Puglisi\" \/>\n<meta property=\"article:publisher\" content=\"https:\/\/www.facebook.com\/beatoPadrePinoPuglisi\/\" \/>\n<meta property=\"article:modified_time\" content=\"2020-10-19T20:18:16+00:00\" \/>\n<meta property=\"og:image\" content=\"https:\/\/padrepinopuglisi.chiesadipalermo.it\/it\/wp-content\/uploads\/3P02_altri\/3P02_0701_seminarista_con_i_genitori.jpg\" \/>\n\t<meta property=\"og:image:width\" content=\"600\" \/>\n\t<meta property=\"og:image:height\" content=\"331\" \/>\n\t<meta property=\"og:image:type\" content=\"image\/jpeg\" \/>\n<meta name=\"twitter:card\" content=\"summary_large_image\" \/>\n<meta name=\"twitter:label1\" content=\"Tempo di lettura stimato\" \/>\n\t<meta name=\"twitter:data1\" content=\"3 minuti\" \/>\n<script type=\"application\/ld+json\" class=\"yoast-schema-graph\">{\"@context\":\"https:\/\/schema.org\",\"@graph\":[{\"@type\":\"WebPage\",\"@id\":\"https:\/\/padrepinopuglisi.chiesadipalermo.it\/it\/biografia\/biografia-di-3p\/origini-umili-e-solide-basi-familiari\/\",\"url\":\"https:\/\/padrepinopuglisi.chiesadipalermo.it\/it\/biografia\/biografia-di-3p\/origini-umili-e-solide-basi-familiari\/\",\"name\":\"Origini umili e solide basi familiari - Padre Pino Puglisi\",\"isPartOf\":{\"@id\":\"https:\/\/padrepinopuglisi.chiesadipalermo.it\/it\/#website\"},\"primaryImageOfPage\":{\"@id\":\"https:\/\/padrepinopuglisi.chiesadipalermo.it\/it\/biografia\/biografia-di-3p\/origini-umili-e-solide-basi-familiari\/#primaryimage\"},\"image\":{\"@id\":\"https:\/\/padrepinopuglisi.chiesadipalermo.it\/it\/biografia\/biografia-di-3p\/origini-umili-e-solide-basi-familiari\/#primaryimage\"},\"thumbnailUrl\":\"https:\/\/padrepinopuglisi.chiesadipalermo.it\/it\/wp-content\/uploads\/3P02_altri\/3P02_0701_seminarista_con_i_genitori.jpg\",\"datePublished\":\"1993-09-15T17:17:54+00:00\",\"dateModified\":\"2020-10-19T20:18:16+00:00\",\"breadcrumb\":{\"@id\":\"https:\/\/padrepinopuglisi.chiesadipalermo.it\/it\/biografia\/biografia-di-3p\/origini-umili-e-solide-basi-familiari\/#breadcrumb\"},\"inLanguage\":\"it-IT\",\"potentialAction\":[{\"@type\":\"ReadAction\",\"target\":[\"https:\/\/padrepinopuglisi.chiesadipalermo.it\/it\/biografia\/biografia-di-3p\/origini-umili-e-solide-basi-familiari\/\"]}]},{\"@type\":\"ImageObject\",\"inLanguage\":\"it-IT\",\"@id\":\"https:\/\/padrepinopuglisi.chiesadipalermo.it\/it\/biografia\/biografia-di-3p\/origini-umili-e-solide-basi-familiari\/#primaryimage\",\"url\":\"https:\/\/padrepinopuglisi.chiesadipalermo.it\/it\/wp-content\/uploads\/3P02_altri\/3P02_0701_seminarista_con_i_genitori.jpg\",\"contentUrl\":\"https:\/\/padrepinopuglisi.chiesadipalermo.it\/it\/wp-content\/uploads\/3P02_altri\/3P02_0701_seminarista_con_i_genitori.jpg\",\"width\":600,\"height\":331},{\"@type\":\"BreadcrumbList\",\"@id\":\"https:\/\/padrepinopuglisi.chiesadipalermo.it\/it\/biografia\/biografia-di-3p\/origini-umili-e-solide-basi-familiari\/#breadcrumb\",\"itemListElement\":[{\"@type\":\"ListItem\",\"position\":1,\"name\":\"Home\",\"item\":\"https:\/\/padrepinopuglisi.chiesadipalermo.it\/it\/homepage\/\"},{\"@type\":\"ListItem\",\"position\":2,\"name\":\"Biografia\",\"item\":\"https:\/\/padrepinopuglisi.chiesadipalermo.it\/it\/biografia\/\"},{\"@type\":\"ListItem\",\"position\":3,\"name\":\"Biografia di 3P\",\"item\":\"https:\/\/padrepinopuglisi.chiesadipalermo.it\/it\/biografia\/biografia-di-3p\/\"},{\"@type\":\"ListItem\",\"position\":4,\"name\":\"Origini umili e solide basi familiari\"}]},{\"@type\":\"WebSite\",\"@id\":\"https:\/\/padrepinopuglisi.chiesadipalermo.it\/it\/#website\",\"url\":\"https:\/\/padrepinopuglisi.chiesadipalermo.it\/it\/\",\"name\":\"Padre Pino Puglisi\",\"description\":\"Sito Ufficiale sul Beato don Giuseppe Puglisi dell&#039;Arcidiocesi di Palermo\",\"potentialAction\":[{\"@type\":\"SearchAction\",\"target\":{\"@type\":\"EntryPoint\",\"urlTemplate\":\"https:\/\/padrepinopuglisi.chiesadipalermo.it\/it\/?s={search_term_string}\"},\"query-input\":{\"@type\":\"PropertyValueSpecification\",\"valueRequired\":true,\"valueName\":\"search_term_string\"}}],\"inLanguage\":\"it-IT\"}]}<\/script>\n<!-- \/ Yoast SEO plugin. -->","yoast_head_json":{"title":"Origini umili e solide basi familiari - Padre Pino Puglisi","robots":{"index":"index","follow":"follow","max-snippet":"max-snippet:-1","max-image-preview":"max-image-preview:large","max-video-preview":"max-video-preview:-1"},"canonical":"https:\/\/padrepinopuglisi.chiesadipalermo.it\/it\/biografia\/biografia-di-3p\/origini-umili-e-solide-basi-familiari\/","og_locale":"it_IT","og_type":"article","og_title":"Origini umili e solide basi familiari - Padre Pino Puglisi","og_url":"https:\/\/padrepinopuglisi.chiesadipalermo.it\/it\/biografia\/biografia-di-3p\/origini-umili-e-solide-basi-familiari\/","og_site_name":"Padre Pino Puglisi","article_publisher":"https:\/\/www.facebook.com\/beatoPadrePinoPuglisi\/","article_modified_time":"2020-10-19T20:18:16+00:00","og_image":[{"width":600,"height":331,"url":"https:\/\/padrepinopuglisi.chiesadipalermo.it\/it\/wp-content\/uploads\/3P02_altri\/3P02_0701_seminarista_con_i_genitori.jpg","type":"image\/jpeg"}],"twitter_card":"summary_large_image","twitter_misc":{"Tempo di lettura stimato":"3 minuti"},"schema":{"@context":"https:\/\/schema.org","@graph":[{"@type":"WebPage","@id":"https:\/\/padrepinopuglisi.chiesadipalermo.it\/it\/biografia\/biografia-di-3p\/origini-umili-e-solide-basi-familiari\/","url":"https:\/\/padrepinopuglisi.chiesadipalermo.it\/it\/biografia\/biografia-di-3p\/origini-umili-e-solide-basi-familiari\/","name":"Origini umili e solide basi familiari - Padre Pino Puglisi","isPartOf":{"@id":"https:\/\/padrepinopuglisi.chiesadipalermo.it\/it\/#website"},"primaryImageOfPage":{"@id":"https:\/\/padrepinopuglisi.chiesadipalermo.it\/it\/biografia\/biografia-di-3p\/origini-umili-e-solide-basi-familiari\/#primaryimage"},"image":{"@id":"https:\/\/padrepinopuglisi.chiesadipalermo.it\/it\/biografia\/biografia-di-3p\/origini-umili-e-solide-basi-familiari\/#primaryimage"},"thumbnailUrl":"https:\/\/padrepinopuglisi.chiesadipalermo.it\/it\/wp-content\/uploads\/3P02_altri\/3P02_0701_seminarista_con_i_genitori.jpg","datePublished":"1993-09-15T17:17:54+00:00","dateModified":"2020-10-19T20:18:16+00:00","breadcrumb":{"@id":"https:\/\/padrepinopuglisi.chiesadipalermo.it\/it\/biografia\/biografia-di-3p\/origini-umili-e-solide-basi-familiari\/#breadcrumb"},"inLanguage":"it-IT","potentialAction":[{"@type":"ReadAction","target":["https:\/\/padrepinopuglisi.chiesadipalermo.it\/it\/biografia\/biografia-di-3p\/origini-umili-e-solide-basi-familiari\/"]}]},{"@type":"ImageObject","inLanguage":"it-IT","@id":"https:\/\/padrepinopuglisi.chiesadipalermo.it\/it\/biografia\/biografia-di-3p\/origini-umili-e-solide-basi-familiari\/#primaryimage","url":"https:\/\/padrepinopuglisi.chiesadipalermo.it\/it\/wp-content\/uploads\/3P02_altri\/3P02_0701_seminarista_con_i_genitori.jpg","contentUrl":"https:\/\/padrepinopuglisi.chiesadipalermo.it\/it\/wp-content\/uploads\/3P02_altri\/3P02_0701_seminarista_con_i_genitori.jpg","width":600,"height":331},{"@type":"BreadcrumbList","@id":"https:\/\/padrepinopuglisi.chiesadipalermo.it\/it\/biografia\/biografia-di-3p\/origini-umili-e-solide-basi-familiari\/#breadcrumb","itemListElement":[{"@type":"ListItem","position":1,"name":"Home","item":"https:\/\/padrepinopuglisi.chiesadipalermo.it\/it\/homepage\/"},{"@type":"ListItem","position":2,"name":"Biografia","item":"https:\/\/padrepinopuglisi.chiesadipalermo.it\/it\/biografia\/"},{"@type":"ListItem","position":3,"name":"Biografia di 3P","item":"https:\/\/padrepinopuglisi.chiesadipalermo.it\/it\/biografia\/biografia-di-3p\/"},{"@type":"ListItem","position":4,"name":"Origini umili e solide basi familiari"}]},{"@type":"WebSite","@id":"https:\/\/padrepinopuglisi.chiesadipalermo.it\/it\/#website","url":"https:\/\/padrepinopuglisi.chiesadipalermo.it\/it\/","name":"Padre Pino Puglisi","description":"Sito Ufficiale sul Beato don Giuseppe Puglisi dell&#039;Arcidiocesi di Palermo","potentialAction":[{"@type":"SearchAction","target":{"@type":"EntryPoint","urlTemplate":"https:\/\/padrepinopuglisi.chiesadipalermo.it\/it\/?s={search_term_string}"},"query-input":{"@type":"PropertyValueSpecification","valueRequired":true,"valueName":"search_term_string"}}],"inLanguage":"it-IT"}]}},"_links":{"self":[{"href":"https:\/\/padrepinopuglisi.chiesadipalermo.it\/it\/wp-json\/wp\/v2\/pages\/8673","targetHints":{"allow":["GET"]}}],"collection":[{"href":"https:\/\/padrepinopuglisi.chiesadipalermo.it\/it\/wp-json\/wp\/v2\/pages"}],"about":[{"href":"https:\/\/padrepinopuglisi.chiesadipalermo.it\/it\/wp-json\/wp\/v2\/types\/page"}],"author":[{"embeddable":true,"href":"https:\/\/padrepinopuglisi.chiesadipalermo.it\/it\/wp-json\/wp\/v2\/users\/1"}],"replies":[{"embeddable":true,"href":"https:\/\/padrepinopuglisi.chiesadipalermo.it\/it\/wp-json\/wp\/v2\/comments?post=8673"}],"version-history":[{"count":0,"href":"https:\/\/padrepinopuglisi.chiesadipalermo.it\/it\/wp-json\/wp\/v2\/pages\/8673\/revisions"}],"up":[{"embeddable":true,"href":"https:\/\/padrepinopuglisi.chiesadipalermo.it\/it\/wp-json\/wp\/v2\/pages\/3333"}],"wp:featuredmedia":[{"embeddable":true,"href":"https:\/\/padrepinopuglisi.chiesadipalermo.it\/it\/wp-json\/wp\/v2\/media\/4634"}],"wp:attachment":[{"href":"https:\/\/padrepinopuglisi.chiesadipalermo.it\/it\/wp-json\/wp\/v2\/media?parent=8673"}],"wp:term":[{"taxonomy":"category","embeddable":true,"href":"https:\/\/padrepinopuglisi.chiesadipalermo.it\/it\/wp-json\/wp\/v2\/categories?post=8673"},{"taxonomy":"post_tag","embeddable":true,"href":"https:\/\/padrepinopuglisi.chiesadipalermo.it\/it\/wp-json\/wp\/v2\/tags?post=8673"}],"curies":[{"name":"wp","href":"https:\/\/api.w.org\/{rel}","templated":true}]}}