{"id":8672,"date":"1993-09-15T19:18:07","date_gmt":"1993-09-15T17:18:07","guid":{"rendered":"https:\/\/padrepinopuglisi.chiesadipalermo.it\/it\/?page_id=8672"},"modified":"2020-10-19T22:15:05","modified_gmt":"2020-10-19T20:15:05","slug":"introduzione-senso-del-martirio-beatificazione","status":"publish","type":"page","link":"https:\/\/padrepinopuglisi.chiesadipalermo.it\/it\/biografia\/biografia-di-3p\/introduzione-senso-del-martirio-beatificazione\/","title":{"rendered":"Introduzione. Senso del martirio. Beatificazione"},"content":{"rendered":"<section  class='av_textblock_section av-jkcdbtxl-a1b5fcd7bc35950cd3405a2f60661515 '   itemscope=\"itemscope\" itemtype=\"https:\/\/schema.org\/CreativeWork\" ><div class='avia_textblock'  itemprop=\"text\" ><p style=\"text-align: center;\"><strong>BIOGRAFIA DI 3P<\/strong><\/p>\n<\/div><\/section>\n<section  class='av_textblock_section av-jjn4u67o-9579a2cdf168d52f4a97e22581f4a720 '   itemscope=\"itemscope\" itemtype=\"https:\/\/schema.org\/CreativeWork\" ><div class='avia_textblock'  itemprop=\"text\" ><table border=\"0\" width=\"100%\">\n<tbody>\n<tr>\n<td align=\"left\" width=\"20%\"><\/td>\n<td align=\"center\" width=\"40%\">\n<h3><strong>1) Introduzione<br \/>\nSenso del martirio. Beatificazione<\/strong><\/h3>\n<\/td>\n<td align=\"right\" width=\"20%\"><a href=\"https:\/\/padrepinopuglisi.chiesadipalermo.it\/it\/biografia\/biografia-di-3p\/origini-umili-e-solide-basi-familiari\/\"><strong>2<\/strong><img decoding=\"async\" class=\"size-full wp-image-3642 alignright lazyload\" src=\"data:image\/gif;base64,R0lGODlhAQABAIAAAAAAAP\/\/\/yH5BAEAAAAALAAAAAABAAEAAAIBRAA7\" data-src=\"https:\/\/padrepinopuglisi.chiesadipalermo.it\/it\/wp-content\/uploads\/2018\/01\/freccia_dx_cele.png\" alt=\"\" width=\"16\" height=\"16\" \/><noscript><img decoding=\"async\" class=\"size-full wp-image-3642 alignright lazyload\" src=\"https:\/\/padrepinopuglisi.chiesadipalermo.it\/it\/wp-content\/uploads\/2018\/01\/freccia_dx_cele.png\" alt=\"\" width=\"16\" height=\"16\" \/><\/noscript><\/a><\/td>\n<\/tr>\n<\/tbody>\n<\/table>\n<\/div><\/section>\n<section  class='av_textblock_section av-jjn4vz5j-59ae9b95ca3aadde587f0f44cf24712d '   itemscope=\"itemscope\" itemtype=\"https:\/\/schema.org\/CreativeWork\" ><div class='avia_textblock'  itemprop=\"text\" ><table border=\"0\" width=\"100%\">\n<tbody>\n<tr>\n<td align=\"center\" bgcolor=\"#FFFFCC\" width=\"14%\"><a href=\"https:\/\/padrepinopuglisi.chiesadipalermo.it\/it\/biografia\/biografia-di-3p\/introduzione-senso-del-martirio-beatificazione\/\">1<\/a><\/td>\n<td align=\"center\" width=\"12%\"><a href=\"https:\/\/padrepinopuglisi.chiesadipalermo.it\/it\/biografia\/biografia-di-3p\/origini-umili-e-solide-basi-familiari\/\"><strong>2<\/strong><\/a><\/td>\n<td align=\"center\" width=\"12%\"><a href=\"https:\/\/padrepinopuglisi.chiesadipalermo.it\/it\/biografia\/biografia-di-3p\/anni-60-e-70-montevago-decollati-e-scaricatore-roosevelt\/\">3<\/a><\/td>\n<td align=\"center\" width=\"12%\"><a href=\"https:\/\/padrepinopuglisi.chiesadipalermo.it\/it\/biografia\/biografia-di-3p\/godrano-pane-poverta-perdono\/\">4<\/a><\/td>\n<td align=\"center\" width=\"12%\"><a href=\"https:\/\/padrepinopuglisi.chiesadipalermo.it\/it\/biografia\/biografia-di-3p\/animatore-delle-vocazioni-direttore-del-c-d-v-e-del-c-r-v\/\">5<\/a><\/td>\n<td align=\"center\" width=\"12%\"><a href=\"https:\/\/padrepinopuglisi.chiesadipalermo.it\/it\/biografia\/biografia-di-3p\/animatore-delle-vocazioni-i-gruppi-giovanili-formazione-preghiera-e-servizio\/\">6<\/a><\/td>\n<td align=\"center\" width=\"12%\"><a href=\"https:\/\/padrepinopuglisi.chiesadipalermo.it\/it\/biografia\/biografia-di-3p\/parroco-a-brancaccio-ricristianizzare-e-rievangelizzare\/\">7<\/a><\/td>\n<td align=\"center\" width=\"14%\"><a href=\"https:\/\/padrepinopuglisi.chiesadipalermo.it\/it\/biografia\/biografia-di-3p\/parroco-a-brancaccio-la-proposta-evangelica-e-la-mafia-che-ha-paura\/\">8<\/a><\/td>\n<\/tr>\n<\/tbody>\n<\/table>\n<\/div><\/section>\n<section  class='av_textblock_section av-jjn53ktq-6edc3aa654e252d43497a70495d15f8f '   itemscope=\"itemscope\" itemtype=\"https:\/\/schema.org\/CreativeWork\" ><div class='avia_textblock'  itemprop=\"text\" ><p><img decoding=\"async\" class=\"alignleft wp-image-4653 size-medium lazyload\" src=\"data:image\/gif;base64,R0lGODlhAQABAIAAAAAAAP\/\/\/yH5BAEAAAAALAAAAAABAAEAAAIBRAA7\" data-src=\"https:\/\/padrepinopuglisi.chiesadipalermo.it\/it\/wp-content\/uploads\/3P04_varie\/3P04_1509-294x300.png\" alt=\"\" width=\"294\" height=\"300\" \/><noscript><img decoding=\"async\" class=\"alignleft wp-image-4653 size-medium lazyload\" src=\"https:\/\/padrepinopuglisi.chiesadipalermo.it\/it\/wp-content\/uploads\/3P04_varie\/3P04_1509-294x300.png\" alt=\"\" width=\"294\" height=\"300\" srcset=\"https:\/\/padrepinopuglisi.chiesadipalermo.it\/it\/wp-content\/uploads\/3P04_varie\/3P04_1509-294x300.png 294w, https:\/\/padrepinopuglisi.chiesadipalermo.it\/it\/wp-content\/uploads\/3P04_varie\/3P04_1509-36x36.png 36w, https:\/\/padrepinopuglisi.chiesadipalermo.it\/it\/wp-content\/uploads\/3P04_varie\/3P04_1509-450x460.png 450w, https:\/\/padrepinopuglisi.chiesadipalermo.it\/it\/wp-content\/uploads\/3P04_varie\/3P04_1509.png 587w\" sizes=\"(max-width: 294px) 100vw, 294px\" \/><\/noscript>Chi \u00e8 stato P. Puglisi e cosa pu\u00f2 rappresentare oggi? \u00c8 patrimonio esclusivo dei credenti o la sua vita \u00e8 un esempio per tutti?<\/p>\n<p>Il 25 maggio del 2013 padre Puglisi \u00e8 stato riconosciuto dalla Chiesa Universale \u201cBeato\u201d, martire <em>in odium fidei <\/em>(\u201cin odio alla fede\u201d), testimone fino all\u2019estremo dell\u2019esempio di Cristo che si immola in croce per la redenzione dell\u2019umanit\u00e0. A partire da questo importante punto di non ritorno anche nella testimonianza cristiana contro la criminalit\u00e0 mafiosa, si pu\u00f2 parlare del sacrificio di P. Puglisi come un&#8217;indicazione di percorso, una strada possibile da seguire?<\/p>\n<p>Nell\u2019importante cammino teologico di definizione di una pastorale sulla mafia, riteniamo imprescindibile guardare all\u2019operato di P. Puglisi che ha tanto da dire soprattutto in termini pedagogici e di intervento sociale.<\/p>\n<p>La mafia, invero, lo uccide e riafferma cos\u00ec la propria supremazia sul territorio. Brancaccio, infatti, stava diventando il luogo in cui incarnare il regno di Dio grazie alla vita, al sacerdozio, all&#8217;esempio, alle parole di p. Puglisi. \u00a0La sua Chiesa era diversa e lui stava compiendo un miracolo di liberazione delle persone dalla sudditanza della mafia, semplicemente con la coerenza della sua vita. Ed in questo suscitava un fascino indicibile soprattutto nei giovani.<\/p>\n<p>In questo contesto la parrocchia era diventata una nicchia di legalit\u00e0 mal sopportata dalla mafia.<\/p>\n<p>3P \u00e8 andato verso le periferie dell&#8217;esistenza umana e l\u00ec \u00e8 rimasto fino a quando sono arrivate le minacce. Era consapevole del pericolo che correva, ma era un sacerdote che aveva deciso di essere <strong>coerente, fedele servitore del Vangelo e umile testimone di Cristo<\/strong>.<\/p>\n<p>La mafia lo ha ucciso \u201cin odium fidei\u201d perch\u00e9, attraverso lui, ha odiato il Vangelo. Per questo P. Giuseppe Puglisi, dal 25 maggio 2013, \u00e8 un Beato della Chiesa Universale.<\/p>\n<\/div><\/section>\n<section  class='av_textblock_section av-jjn4u67o-6144ac47f9eaf85602729dcfef4cd941 '   itemscope=\"itemscope\" itemtype=\"https:\/\/schema.org\/CreativeWork\" ><div class='avia_textblock'  itemprop=\"text\" ><table border=\"0\" width=\"100%\">\n<tbody>\n<tr>\n<td align=\"left\" width=\"20%\"><\/td>\n<td align=\"center\" width=\"40%\"><\/td>\n<td align=\"right\" width=\"20%\"><a href=\"https:\/\/padrepinopuglisi.chiesadipalermo.it\/it\/biografia\/biografia-di-3p\/origini-umili-e-solide-basi-familiari\/\"><strong><i>Continua <\/i>2<\/strong><img decoding=\"async\" class=\"size-full wp-image-3642 alignright lazyload\" src=\"data:image\/gif;base64,R0lGODlhAQABAIAAAAAAAP\/\/\/yH5BAEAAAAALAAAAAABAAEAAAIBRAA7\" data-src=\"https:\/\/padrepinopuglisi.chiesadipalermo.it\/it\/wp-content\/uploads\/2018\/01\/freccia_dx_cele.png\" alt=\"\" width=\"16\" height=\"16\" \/><noscript><img decoding=\"async\" class=\"size-full wp-image-3642 alignright lazyload\" src=\"https:\/\/padrepinopuglisi.chiesadipalermo.it\/it\/wp-content\/uploads\/2018\/01\/freccia_dx_cele.png\" alt=\"\" width=\"16\" height=\"16\" \/><\/noscript><\/a><\/td>\n<\/tr>\n<\/tbody>\n<\/table>\n<hr \/>\n<\/div><\/section>\n<div  class='av-buildercomment av-20izw0-f01f7b052a90afe0f6e4402230be6a6f  av-blog-meta-comments-disabled av-blog-meta-tag-disabled'><\/div>\n","protected":false},"excerpt":{"rendered":"","protected":false},"author":1,"featured_media":4653,"parent":3333,"menu_order":1,"comment_status":"closed","ping_status":"closed","template":"","meta":{"footnotes":""},"categories":[3],"tags":[],"class_list":["post-8672","page","type-page","status-publish","has-post-thumbnail","hentry","category-biografia"],"yoast_head":"<!-- This site is optimized with the Yoast SEO plugin v27.0 - https:\/\/yoast.com\/product\/yoast-seo-wordpress\/ -->\n<title>Introduzione. Senso del martirio. Beatificazione - Padre Pino Puglisi<\/title>\n<meta name=\"robots\" content=\"index, follow, max-snippet:-1, max-image-preview:large, max-video-preview:-1\" \/>\n<link rel=\"canonical\" href=\"https:\/\/padrepinopuglisi.chiesadipalermo.it\/it\/biografia\/biografia-di-3p\/introduzione-senso-del-martirio-beatificazione\/\" \/>\n<meta property=\"og:locale\" content=\"it_IT\" \/>\n<meta property=\"og:type\" content=\"article\" \/>\n<meta property=\"og:title\" content=\"Introduzione. Senso del martirio. Beatificazione - Padre Pino Puglisi\" \/>\n<meta property=\"og:url\" content=\"https:\/\/padrepinopuglisi.chiesadipalermo.it\/it\/biografia\/biografia-di-3p\/introduzione-senso-del-martirio-beatificazione\/\" \/>\n<meta property=\"og:site_name\" content=\"Padre Pino Puglisi\" \/>\n<meta property=\"article:publisher\" content=\"https:\/\/www.facebook.com\/beatoPadrePinoPuglisi\/\" \/>\n<meta property=\"article:modified_time\" content=\"2020-10-19T20:15:05+00:00\" \/>\n<meta property=\"og:image\" content=\"https:\/\/padrepinopuglisi.chiesadipalermo.it\/it\/wp-content\/uploads\/3P04_varie\/3P04_1509.png\" \/>\n\t<meta property=\"og:image:width\" content=\"587\" \/>\n\t<meta property=\"og:image:height\" content=\"600\" \/>\n\t<meta property=\"og:image:type\" content=\"image\/png\" \/>\n<meta name=\"twitter:card\" content=\"summary_large_image\" \/>\n<meta name=\"twitter:label1\" content=\"Tempo di lettura stimato\" \/>\n\t<meta name=\"twitter:data1\" content=\"2 minuti\" \/>\n<script type=\"application\/ld+json\" class=\"yoast-schema-graph\">{\"@context\":\"https:\/\/schema.org\",\"@graph\":[{\"@type\":\"WebPage\",\"@id\":\"https:\/\/padrepinopuglisi.chiesadipalermo.it\/it\/biografia\/biografia-di-3p\/introduzione-senso-del-martirio-beatificazione\/\",\"url\":\"https:\/\/padrepinopuglisi.chiesadipalermo.it\/it\/biografia\/biografia-di-3p\/introduzione-senso-del-martirio-beatificazione\/\",\"name\":\"Introduzione. Senso del martirio. Beatificazione - Padre Pino Puglisi\",\"isPartOf\":{\"@id\":\"https:\/\/padrepinopuglisi.chiesadipalermo.it\/it\/#website\"},\"primaryImageOfPage\":{\"@id\":\"https:\/\/padrepinopuglisi.chiesadipalermo.it\/it\/biografia\/biografia-di-3p\/introduzione-senso-del-martirio-beatificazione\/#primaryimage\"},\"image\":{\"@id\":\"https:\/\/padrepinopuglisi.chiesadipalermo.it\/it\/biografia\/biografia-di-3p\/introduzione-senso-del-martirio-beatificazione\/#primaryimage\"},\"thumbnailUrl\":\"https:\/\/padrepinopuglisi.chiesadipalermo.it\/it\/wp-content\/uploads\/3P04_varie\/3P04_1509.png\",\"datePublished\":\"1993-09-15T17:18:07+00:00\",\"dateModified\":\"2020-10-19T20:15:05+00:00\",\"breadcrumb\":{\"@id\":\"https:\/\/padrepinopuglisi.chiesadipalermo.it\/it\/biografia\/biografia-di-3p\/introduzione-senso-del-martirio-beatificazione\/#breadcrumb\"},\"inLanguage\":\"it-IT\",\"potentialAction\":[{\"@type\":\"ReadAction\",\"target\":[\"https:\/\/padrepinopuglisi.chiesadipalermo.it\/it\/biografia\/biografia-di-3p\/introduzione-senso-del-martirio-beatificazione\/\"]}]},{\"@type\":\"ImageObject\",\"inLanguage\":\"it-IT\",\"@id\":\"https:\/\/padrepinopuglisi.chiesadipalermo.it\/it\/biografia\/biografia-di-3p\/introduzione-senso-del-martirio-beatificazione\/#primaryimage\",\"url\":\"https:\/\/padrepinopuglisi.chiesadipalermo.it\/it\/wp-content\/uploads\/3P04_varie\/3P04_1509.png\",\"contentUrl\":\"https:\/\/padrepinopuglisi.chiesadipalermo.it\/it\/wp-content\/uploads\/3P04_varie\/3P04_1509.png\",\"width\":587,\"height\":600},{\"@type\":\"BreadcrumbList\",\"@id\":\"https:\/\/padrepinopuglisi.chiesadipalermo.it\/it\/biografia\/biografia-di-3p\/introduzione-senso-del-martirio-beatificazione\/#breadcrumb\",\"itemListElement\":[{\"@type\":\"ListItem\",\"position\":1,\"name\":\"Home\",\"item\":\"https:\/\/padrepinopuglisi.chiesadipalermo.it\/it\/homepage\/\"},{\"@type\":\"ListItem\",\"position\":2,\"name\":\"Biografia\",\"item\":\"https:\/\/padrepinopuglisi.chiesadipalermo.it\/it\/biografia\/\"},{\"@type\":\"ListItem\",\"position\":3,\"name\":\"Biografia di 3P\",\"item\":\"https:\/\/padrepinopuglisi.chiesadipalermo.it\/it\/biografia\/biografia-di-3p\/\"},{\"@type\":\"ListItem\",\"position\":4,\"name\":\"Introduzione. Senso del martirio. Beatificazione\"}]},{\"@type\":\"WebSite\",\"@id\":\"https:\/\/padrepinopuglisi.chiesadipalermo.it\/it\/#website\",\"url\":\"https:\/\/padrepinopuglisi.chiesadipalermo.it\/it\/\",\"name\":\"Padre Pino Puglisi\",\"description\":\"Sito Ufficiale sul Beato don Giuseppe Puglisi dell&#039;Arcidiocesi di Palermo\",\"potentialAction\":[{\"@type\":\"SearchAction\",\"target\":{\"@type\":\"EntryPoint\",\"urlTemplate\":\"https:\/\/padrepinopuglisi.chiesadipalermo.it\/it\/?s={search_term_string}\"},\"query-input\":{\"@type\":\"PropertyValueSpecification\",\"valueRequired\":true,\"valueName\":\"search_term_string\"}}],\"inLanguage\":\"it-IT\"}]}<\/script>\n<!-- \/ Yoast SEO plugin. -->","yoast_head_json":{"title":"Introduzione. Senso del martirio. Beatificazione - Padre Pino Puglisi","robots":{"index":"index","follow":"follow","max-snippet":"max-snippet:-1","max-image-preview":"max-image-preview:large","max-video-preview":"max-video-preview:-1"},"canonical":"https:\/\/padrepinopuglisi.chiesadipalermo.it\/it\/biografia\/biografia-di-3p\/introduzione-senso-del-martirio-beatificazione\/","og_locale":"it_IT","og_type":"article","og_title":"Introduzione. Senso del martirio. Beatificazione - Padre Pino Puglisi","og_url":"https:\/\/padrepinopuglisi.chiesadipalermo.it\/it\/biografia\/biografia-di-3p\/introduzione-senso-del-martirio-beatificazione\/","og_site_name":"Padre Pino Puglisi","article_publisher":"https:\/\/www.facebook.com\/beatoPadrePinoPuglisi\/","article_modified_time":"2020-10-19T20:15:05+00:00","og_image":[{"width":587,"height":600,"url":"https:\/\/padrepinopuglisi.chiesadipalermo.it\/it\/wp-content\/uploads\/3P04_varie\/3P04_1509.png","type":"image\/png"}],"twitter_card":"summary_large_image","twitter_misc":{"Tempo di lettura stimato":"2 minuti"},"schema":{"@context":"https:\/\/schema.org","@graph":[{"@type":"WebPage","@id":"https:\/\/padrepinopuglisi.chiesadipalermo.it\/it\/biografia\/biografia-di-3p\/introduzione-senso-del-martirio-beatificazione\/","url":"https:\/\/padrepinopuglisi.chiesadipalermo.it\/it\/biografia\/biografia-di-3p\/introduzione-senso-del-martirio-beatificazione\/","name":"Introduzione. Senso del martirio. Beatificazione - Padre Pino Puglisi","isPartOf":{"@id":"https:\/\/padrepinopuglisi.chiesadipalermo.it\/it\/#website"},"primaryImageOfPage":{"@id":"https:\/\/padrepinopuglisi.chiesadipalermo.it\/it\/biografia\/biografia-di-3p\/introduzione-senso-del-martirio-beatificazione\/#primaryimage"},"image":{"@id":"https:\/\/padrepinopuglisi.chiesadipalermo.it\/it\/biografia\/biografia-di-3p\/introduzione-senso-del-martirio-beatificazione\/#primaryimage"},"thumbnailUrl":"https:\/\/padrepinopuglisi.chiesadipalermo.it\/it\/wp-content\/uploads\/3P04_varie\/3P04_1509.png","datePublished":"1993-09-15T17:18:07+00:00","dateModified":"2020-10-19T20:15:05+00:00","breadcrumb":{"@id":"https:\/\/padrepinopuglisi.chiesadipalermo.it\/it\/biografia\/biografia-di-3p\/introduzione-senso-del-martirio-beatificazione\/#breadcrumb"},"inLanguage":"it-IT","potentialAction":[{"@type":"ReadAction","target":["https:\/\/padrepinopuglisi.chiesadipalermo.it\/it\/biografia\/biografia-di-3p\/introduzione-senso-del-martirio-beatificazione\/"]}]},{"@type":"ImageObject","inLanguage":"it-IT","@id":"https:\/\/padrepinopuglisi.chiesadipalermo.it\/it\/biografia\/biografia-di-3p\/introduzione-senso-del-martirio-beatificazione\/#primaryimage","url":"https:\/\/padrepinopuglisi.chiesadipalermo.it\/it\/wp-content\/uploads\/3P04_varie\/3P04_1509.png","contentUrl":"https:\/\/padrepinopuglisi.chiesadipalermo.it\/it\/wp-content\/uploads\/3P04_varie\/3P04_1509.png","width":587,"height":600},{"@type":"BreadcrumbList","@id":"https:\/\/padrepinopuglisi.chiesadipalermo.it\/it\/biografia\/biografia-di-3p\/introduzione-senso-del-martirio-beatificazione\/#breadcrumb","itemListElement":[{"@type":"ListItem","position":1,"name":"Home","item":"https:\/\/padrepinopuglisi.chiesadipalermo.it\/it\/homepage\/"},{"@type":"ListItem","position":2,"name":"Biografia","item":"https:\/\/padrepinopuglisi.chiesadipalermo.it\/it\/biografia\/"},{"@type":"ListItem","position":3,"name":"Biografia di 3P","item":"https:\/\/padrepinopuglisi.chiesadipalermo.it\/it\/biografia\/biografia-di-3p\/"},{"@type":"ListItem","position":4,"name":"Introduzione. Senso del martirio. Beatificazione"}]},{"@type":"WebSite","@id":"https:\/\/padrepinopuglisi.chiesadipalermo.it\/it\/#website","url":"https:\/\/padrepinopuglisi.chiesadipalermo.it\/it\/","name":"Padre Pino Puglisi","description":"Sito Ufficiale sul Beato don Giuseppe Puglisi dell&#039;Arcidiocesi di Palermo","potentialAction":[{"@type":"SearchAction","target":{"@type":"EntryPoint","urlTemplate":"https:\/\/padrepinopuglisi.chiesadipalermo.it\/it\/?s={search_term_string}"},"query-input":{"@type":"PropertyValueSpecification","valueRequired":true,"valueName":"search_term_string"}}],"inLanguage":"it-IT"}]}},"_links":{"self":[{"href":"https:\/\/padrepinopuglisi.chiesadipalermo.it\/it\/wp-json\/wp\/v2\/pages\/8672","targetHints":{"allow":["GET"]}}],"collection":[{"href":"https:\/\/padrepinopuglisi.chiesadipalermo.it\/it\/wp-json\/wp\/v2\/pages"}],"about":[{"href":"https:\/\/padrepinopuglisi.chiesadipalermo.it\/it\/wp-json\/wp\/v2\/types\/page"}],"author":[{"embeddable":true,"href":"https:\/\/padrepinopuglisi.chiesadipalermo.it\/it\/wp-json\/wp\/v2\/users\/1"}],"replies":[{"embeddable":true,"href":"https:\/\/padrepinopuglisi.chiesadipalermo.it\/it\/wp-json\/wp\/v2\/comments?post=8672"}],"version-history":[{"count":0,"href":"https:\/\/padrepinopuglisi.chiesadipalermo.it\/it\/wp-json\/wp\/v2\/pages\/8672\/revisions"}],"up":[{"embeddable":true,"href":"https:\/\/padrepinopuglisi.chiesadipalermo.it\/it\/wp-json\/wp\/v2\/pages\/3333"}],"wp:featuredmedia":[{"embeddable":true,"href":"https:\/\/padrepinopuglisi.chiesadipalermo.it\/it\/wp-json\/wp\/v2\/media\/4653"}],"wp:attachment":[{"href":"https:\/\/padrepinopuglisi.chiesadipalermo.it\/it\/wp-json\/wp\/v2\/media?parent=8672"}],"wp:term":[{"taxonomy":"category","embeddable":true,"href":"https:\/\/padrepinopuglisi.chiesadipalermo.it\/it\/wp-json\/wp\/v2\/categories?post=8672"},{"taxonomy":"post_tag","embeddable":true,"href":"https:\/\/padrepinopuglisi.chiesadipalermo.it\/it\/wp-json\/wp\/v2\/tags?post=8672"}],"curies":[{"name":"wp","href":"https:\/\/api.w.org\/{rel}","templated":true}]}}