{"id":3326,"date":"2017-09-15T06:00:34","date_gmt":"2017-09-15T04:00:34","guid":{"rendered":"https:\/\/padrepinopuglisi.chiesadipalermo.it\/it\/93\/?page_id=3326"},"modified":"2018-07-06T22:36:36","modified_gmt":"2018-07-06T20:36:36","slug":"un-nuovo-modello-di-prete-e-di-parrocchia","status":"publish","type":"page","link":"https:\/\/padrepinopuglisi.chiesadipalermo.it\/it\/biografia\/profilo\/un-nuovo-modello-di-prete-e-di-parrocchia\/","title":{"rendered":"Un nuovo modello di prete e di parrocchia"},"content":{"rendered":"\n<style type=\"text\/css\" data-created_by=\"avia_inline_auto\" id=\"style-css-av-jjafxd5w-17157728c57a79c69ff299305989e8c5\">\n#top .av-special-heading.av-jjafxd5w-17157728c57a79c69ff299305989e8c5{\npadding-bottom:10px;\ncolor:#990000;\n}\nbody .av-special-heading.av-jjafxd5w-17157728c57a79c69ff299305989e8c5 .av-special-heading-tag .heading-char{\nfont-size:25px;\n}\n.av-special-heading.av-jjafxd5w-17157728c57a79c69ff299305989e8c5 .special-heading-inner-border{\nborder-color:#990000;\n}\n.av-special-heading.av-jjafxd5w-17157728c57a79c69ff299305989e8c5 .av-subheading{\nfont-size:15px;\n}\n<\/style>\n<div  class='av-special-heading av-jjafxd5w-17157728c57a79c69ff299305989e8c5 av-special-heading-h3 custom-color-heading blockquote modern-quote modern-centered  avia-builder-el-0  el_before_av_hr  avia-builder-el-first '><h3 class='av-special-heading-tag '  itemprop=\"headline\"  >Un nuovo modello di prete e di parrocchia<\/h3><div class=\"special-heading-border\"><div class=\"special-heading-inner-border\"><\/div><\/div><\/div>\n\n<style type=\"text\/css\" data-created_by=\"avia_inline_auto\" id=\"style-css-av-2cmu7i-2e26541d73a7dd1ba5b233756b8606b3\">\n#top .hr.hr-invisible.av-2cmu7i-2e26541d73a7dd1ba5b233756b8606b3{\nheight:50px;\n}\n<\/style>\n<div  class='hr av-2cmu7i-2e26541d73a7dd1ba5b233756b8606b3 hr-invisible  avia-builder-el-1  el_after_av_heading  el_before_av_one_full '><span class='hr-inner '><span class=\"hr-inner-style\"><\/span><\/span><\/div>\n\n<style type=\"text\/css\" data-created_by=\"avia_inline_auto\" id=\"style-css-av-3regym-d9a4888c08e8040b0b30d19b61d4f013\">\n.flex_column.av-3regym-d9a4888c08e8040b0b30d19b61d4f013{\nborder-radius:0px 0px 0px 0px;\npadding:0px 0px 0px 0px;\n}\n<\/style>\n<div  class='flex_column av-3regym-d9a4888c08e8040b0b30d19b61d4f013 av_one_full  avia-builder-el-2  el_after_av_hr  avia-builder-el-last  first flex_column_div av-zero-column-padding  '     ><section  class='av_textblock_section av-2opan2-e83cf33510fa0b7603016bb2e4a47cc5 '   itemscope=\"itemscope\" itemtype=\"https:\/\/schema.org\/CreativeWork\" ><div class='avia_textblock'  itemprop=\"text\" ><p style=\"text-align: justify; margin: 0cm 0cm 6.0pt 0cm;\"><img decoding=\"async\" class=\"alignleft wp-image-4443 size-medium lazyload\" src=\"data:image\/gif;base64,R0lGODlhAQABAIAAAAAAAP\/\/\/yH5BAEAAAAALAAAAAABAAEAAAIBRAA7\" data-src=\"https:\/\/padrepinopuglisi.chiesadipalermo.it\/it\/wp-content\/uploads\/3P01_solo\/3P01_0061-300x274.png\" alt=\"\" width=\"300\" height=\"274\" \/><noscript><img decoding=\"async\" class=\"alignleft wp-image-4443 size-medium lazyload\" src=\"https:\/\/padrepinopuglisi.chiesadipalermo.it\/it\/wp-content\/uploads\/3P01_solo\/3P01_0061-300x274.png\" alt=\"\" width=\"300\" height=\"274\" \/><\/noscript>Detto tutto questo, possiamo adesso calarci nello specifico delle vicende che hanno portato all&#8217;omicidio Puglisi (per questa parte un contributo arriva anche dalle riflessioni di padre Cosimo Scordato pubblicate sulla rivista della Facolt\u00e0 Teologica di Sicilia). E delineare alcune indicazioni che rappresentano un patrimonio prezioso per una &#8220;chiesa di frontiera&#8221; come quella siciliana (anche questa \u00e8 una definizione di Papa Wojtyla).<\/p>\n<p style=\"text-align: justify; margin: 0cm 0cm 6.0pt 0cm;\">C&#8217;\u00e8 innanzitutto da analizzare il motivo dello scontro tra la mafia e don Puglisi.<br \/>\nDon Pino propone a Brancaccio un modello di prete che i boss non riconoscono, mentre si sono sempre mostrati pronti ad accettare e &#8220;rispettare&#8221; un sacerdote che sta in sacrestia, tutto casa e chiesa, promotore di processioni &#8211; magari al fianco dello &#8220;Zio Tot\u00f2&#8221; di turno -, che &#8220;campa e fa campari&#8221;.<\/p>\n<p style=\"text-align: justify; margin: 0cm 0cm 6.0pt 0cm;\">Padre Puglisi sceglie invece di uscire dalla sacrestia e di vivere fino in fondo i problemi, i rischi, le speranze della sua gente. Desidera in quanto parroco, la liberazione e la promozione del suo popolo.<\/p>\n<p style=\"text-align: justify; margin: 0cm 0cm 6.0pt 0cm;\">Don Puglisi propone inoltre un nuovo modello di parrocchia.<br \/>\nTra le sue iniziative, ad esempio, c&#8217;era la richiesta di servizi e di una scuola media per Brancaccio.<br \/>\nFu un continuo pungolo per le istituzioni. Da qui una serie di manifestazioni, di contatti con lo Stato, di proteste civili.<\/p>\n<p style=\"text-align: justify; margin: 0cm 0cm 6.0pt 0cm;\">Tutto questo avviene alla luce del sole, lontano dall&#8217;altare, con gesti che per la loro visibilit\u00e0 non passano inosservati: sono scelte ben precise e compiute con la consapevolezza del loro effetto dirompente sugli equilibri mafiosi.<br \/>\n&#8220;<em>Non dobbiamo tacere<\/em>&#8220;, diceva don Pino ai parrocchiani pi\u00f9 timorosi nei giorni delle minacce, degli attentati che preludevano l&#8217;agguato.<br \/>\nE aggiungeva, citando San Paolo, &#8220;<em>si Deus nobiscum, quis contra nos?<\/em>&#8221; (<em>se Dio \u00e8 con noi, chi sar\u00e0 contro di noi?<\/em>).<\/p>\n<p style=\"text-align: justify; margin: 0cm 0cm 6.0pt 0cm;\">Sono scelte che lasciano intravedere l&#8217;immagine di una Chiesa che ha deciso di essere &#8220;debole con i deboli&#8221;, di stare dalla parte degli ultimi, che crede nelle istituzioni, senza supplenze o logiche clientelari.<br \/>\nSenza supplenze perch\u00e9 la Chiesa non deve occupare spazi o compiti amministrativi che non le competono.<br \/>\nSenza logiche clientelari, ovvero senza prestarsi alle pressioni, alle richieste di raccomandazioni e di servit\u00f9 al politico di turno (quando a Brancaccio arrivavano questi ultimi, don Pino li metteva alla porta insieme con i loro facsimili elettorali).<\/p>\n<p style=\"text-align: justify; margin: 0cm 0cm 6.0pt 0cm;\">\u00c8 questa di Padre Puglisi una chiesa, insomma, che si cala nella realt\u00e0 del territorio e dei suoi bisogni: questo \u00e8 il banco di prova di una testimonianza che vuole essere veramente evangelica.<\/p>\n<p style=\"text-align: justify; margin: 0cm 0cm 6.0pt 0cm;\">E se la Chiesa, tutta la Chiesa, sapr\u00e0 fare propria questa lezione allora per davvero la figura del piccolo prete di Brancaccio, caduto sotto i colpi della violenza omicida, non porter\u00e0 pi\u00f9 su di s\u00e9 i segni cruenti della sconfitta, ma le stimmate di una dignit\u00e0 feconda, carica della forza della risurrezione.<\/p>\n<\/div><\/section><\/div>\n","protected":false},"excerpt":{"rendered":"","protected":false},"author":1,"featured_media":4443,"parent":3328,"menu_order":5,"comment_status":"closed","ping_status":"closed","template":"","meta":{"footnotes":""},"categories":[3],"tags":[],"class_list":["post-3326","page","type-page","status-publish","has-post-thumbnail","hentry","category-biografia"],"yoast_head":"<!-- This site is optimized with the Yoast SEO plugin v27.0 - https:\/\/yoast.com\/product\/yoast-seo-wordpress\/ -->\n<title>Un nuovo modello di prete e di parrocchia - Padre Pino Puglisi<\/title>\n<meta name=\"robots\" content=\"index, follow, max-snippet:-1, max-image-preview:large, max-video-preview:-1\" \/>\n<link rel=\"canonical\" href=\"https:\/\/padrepinopuglisi.chiesadipalermo.it\/it\/biografia\/profilo\/un-nuovo-modello-di-prete-e-di-parrocchia\/\" \/>\n<meta property=\"og:locale\" content=\"it_IT\" \/>\n<meta property=\"og:type\" content=\"article\" \/>\n<meta property=\"og:title\" content=\"Un nuovo modello di prete e di parrocchia - Padre Pino Puglisi\" \/>\n<meta property=\"og:url\" content=\"https:\/\/padrepinopuglisi.chiesadipalermo.it\/it\/biografia\/profilo\/un-nuovo-modello-di-prete-e-di-parrocchia\/\" \/>\n<meta property=\"og:site_name\" content=\"Padre Pino Puglisi\" \/>\n<meta property=\"article:publisher\" content=\"https:\/\/www.facebook.com\/beatoPadrePinoPuglisi\/\" \/>\n<meta property=\"article:modified_time\" content=\"2018-07-06T20:36:36+00:00\" \/>\n<meta property=\"og:image\" content=\"https:\/\/padrepinopuglisi.chiesadipalermo.it\/it\/wp-content\/uploads\/3P01_solo\/3P01_0061.png\" \/>\n\t<meta property=\"og:image:width\" content=\"300\" \/>\n\t<meta property=\"og:image:height\" content=\"274\" \/>\n\t<meta property=\"og:image:type\" content=\"image\/png\" \/>\n<meta name=\"twitter:card\" content=\"summary_large_image\" \/>\n<meta name=\"twitter:label1\" content=\"Tempo di lettura stimato\" \/>\n\t<meta name=\"twitter:data1\" content=\"3 minuti\" \/>\n<script type=\"application\/ld+json\" class=\"yoast-schema-graph\">{\"@context\":\"https:\/\/schema.org\",\"@graph\":[{\"@type\":\"WebPage\",\"@id\":\"https:\/\/padrepinopuglisi.chiesadipalermo.it\/it\/biografia\/profilo\/un-nuovo-modello-di-prete-e-di-parrocchia\/\",\"url\":\"https:\/\/padrepinopuglisi.chiesadipalermo.it\/it\/biografia\/profilo\/un-nuovo-modello-di-prete-e-di-parrocchia\/\",\"name\":\"Un nuovo modello di prete e di parrocchia - Padre Pino Puglisi\",\"isPartOf\":{\"@id\":\"https:\/\/padrepinopuglisi.chiesadipalermo.it\/it\/#website\"},\"primaryImageOfPage\":{\"@id\":\"https:\/\/padrepinopuglisi.chiesadipalermo.it\/it\/biografia\/profilo\/un-nuovo-modello-di-prete-e-di-parrocchia\/#primaryimage\"},\"image\":{\"@id\":\"https:\/\/padrepinopuglisi.chiesadipalermo.it\/it\/biografia\/profilo\/un-nuovo-modello-di-prete-e-di-parrocchia\/#primaryimage\"},\"thumbnailUrl\":\"https:\/\/padrepinopuglisi.chiesadipalermo.it\/it\/wp-content\/uploads\/3P01_solo\/3P01_0061.png\",\"datePublished\":\"2017-09-15T04:00:34+00:00\",\"dateModified\":\"2018-07-06T20:36:36+00:00\",\"breadcrumb\":{\"@id\":\"https:\/\/padrepinopuglisi.chiesadipalermo.it\/it\/biografia\/profilo\/un-nuovo-modello-di-prete-e-di-parrocchia\/#breadcrumb\"},\"inLanguage\":\"it-IT\",\"potentialAction\":[{\"@type\":\"ReadAction\",\"target\":[\"https:\/\/padrepinopuglisi.chiesadipalermo.it\/it\/biografia\/profilo\/un-nuovo-modello-di-prete-e-di-parrocchia\/\"]}]},{\"@type\":\"ImageObject\",\"inLanguage\":\"it-IT\",\"@id\":\"https:\/\/padrepinopuglisi.chiesadipalermo.it\/it\/biografia\/profilo\/un-nuovo-modello-di-prete-e-di-parrocchia\/#primaryimage\",\"url\":\"https:\/\/padrepinopuglisi.chiesadipalermo.it\/it\/wp-content\/uploads\/3P01_solo\/3P01_0061.png\",\"contentUrl\":\"https:\/\/padrepinopuglisi.chiesadipalermo.it\/it\/wp-content\/uploads\/3P01_solo\/3P01_0061.png\",\"width\":300,\"height\":274},{\"@type\":\"BreadcrumbList\",\"@id\":\"https:\/\/padrepinopuglisi.chiesadipalermo.it\/it\/biografia\/profilo\/un-nuovo-modello-di-prete-e-di-parrocchia\/#breadcrumb\",\"itemListElement\":[{\"@type\":\"ListItem\",\"position\":1,\"name\":\"Home\",\"item\":\"https:\/\/padrepinopuglisi.chiesadipalermo.it\/it\/homepage\/\"},{\"@type\":\"ListItem\",\"position\":2,\"name\":\"Biografia\",\"item\":\"https:\/\/padrepinopuglisi.chiesadipalermo.it\/it\/biografia\/\"},{\"@type\":\"ListItem\",\"position\":3,\"name\":\"Profilo\",\"item\":\"https:\/\/padrepinopuglisi.chiesadipalermo.it\/it\/biografia\/profilo\/\"},{\"@type\":\"ListItem\",\"position\":4,\"name\":\"Un nuovo modello di prete e di parrocchia\"}]},{\"@type\":\"WebSite\",\"@id\":\"https:\/\/padrepinopuglisi.chiesadipalermo.it\/it\/#website\",\"url\":\"https:\/\/padrepinopuglisi.chiesadipalermo.it\/it\/\",\"name\":\"Padre Pino Puglisi\",\"description\":\"Sito Ufficiale sul Beato don Giuseppe Puglisi dell&#039;Arcidiocesi di Palermo\",\"potentialAction\":[{\"@type\":\"SearchAction\",\"target\":{\"@type\":\"EntryPoint\",\"urlTemplate\":\"https:\/\/padrepinopuglisi.chiesadipalermo.it\/it\/?s={search_term_string}\"},\"query-input\":{\"@type\":\"PropertyValueSpecification\",\"valueRequired\":true,\"valueName\":\"search_term_string\"}}],\"inLanguage\":\"it-IT\"}]}<\/script>\n<!-- \/ Yoast SEO plugin. -->","yoast_head_json":{"title":"Un nuovo modello di prete e di parrocchia - Padre Pino Puglisi","robots":{"index":"index","follow":"follow","max-snippet":"max-snippet:-1","max-image-preview":"max-image-preview:large","max-video-preview":"max-video-preview:-1"},"canonical":"https:\/\/padrepinopuglisi.chiesadipalermo.it\/it\/biografia\/profilo\/un-nuovo-modello-di-prete-e-di-parrocchia\/","og_locale":"it_IT","og_type":"article","og_title":"Un nuovo modello di prete e di parrocchia - Padre Pino Puglisi","og_url":"https:\/\/padrepinopuglisi.chiesadipalermo.it\/it\/biografia\/profilo\/un-nuovo-modello-di-prete-e-di-parrocchia\/","og_site_name":"Padre Pino Puglisi","article_publisher":"https:\/\/www.facebook.com\/beatoPadrePinoPuglisi\/","article_modified_time":"2018-07-06T20:36:36+00:00","og_image":[{"width":300,"height":274,"url":"https:\/\/padrepinopuglisi.chiesadipalermo.it\/it\/wp-content\/uploads\/3P01_solo\/3P01_0061.png","type":"image\/png"}],"twitter_card":"summary_large_image","twitter_misc":{"Tempo di lettura stimato":"3 minuti"},"schema":{"@context":"https:\/\/schema.org","@graph":[{"@type":"WebPage","@id":"https:\/\/padrepinopuglisi.chiesadipalermo.it\/it\/biografia\/profilo\/un-nuovo-modello-di-prete-e-di-parrocchia\/","url":"https:\/\/padrepinopuglisi.chiesadipalermo.it\/it\/biografia\/profilo\/un-nuovo-modello-di-prete-e-di-parrocchia\/","name":"Un nuovo modello di prete e di parrocchia - Padre Pino Puglisi","isPartOf":{"@id":"https:\/\/padrepinopuglisi.chiesadipalermo.it\/it\/#website"},"primaryImageOfPage":{"@id":"https:\/\/padrepinopuglisi.chiesadipalermo.it\/it\/biografia\/profilo\/un-nuovo-modello-di-prete-e-di-parrocchia\/#primaryimage"},"image":{"@id":"https:\/\/padrepinopuglisi.chiesadipalermo.it\/it\/biografia\/profilo\/un-nuovo-modello-di-prete-e-di-parrocchia\/#primaryimage"},"thumbnailUrl":"https:\/\/padrepinopuglisi.chiesadipalermo.it\/it\/wp-content\/uploads\/3P01_solo\/3P01_0061.png","datePublished":"2017-09-15T04:00:34+00:00","dateModified":"2018-07-06T20:36:36+00:00","breadcrumb":{"@id":"https:\/\/padrepinopuglisi.chiesadipalermo.it\/it\/biografia\/profilo\/un-nuovo-modello-di-prete-e-di-parrocchia\/#breadcrumb"},"inLanguage":"it-IT","potentialAction":[{"@type":"ReadAction","target":["https:\/\/padrepinopuglisi.chiesadipalermo.it\/it\/biografia\/profilo\/un-nuovo-modello-di-prete-e-di-parrocchia\/"]}]},{"@type":"ImageObject","inLanguage":"it-IT","@id":"https:\/\/padrepinopuglisi.chiesadipalermo.it\/it\/biografia\/profilo\/un-nuovo-modello-di-prete-e-di-parrocchia\/#primaryimage","url":"https:\/\/padrepinopuglisi.chiesadipalermo.it\/it\/wp-content\/uploads\/3P01_solo\/3P01_0061.png","contentUrl":"https:\/\/padrepinopuglisi.chiesadipalermo.it\/it\/wp-content\/uploads\/3P01_solo\/3P01_0061.png","width":300,"height":274},{"@type":"BreadcrumbList","@id":"https:\/\/padrepinopuglisi.chiesadipalermo.it\/it\/biografia\/profilo\/un-nuovo-modello-di-prete-e-di-parrocchia\/#breadcrumb","itemListElement":[{"@type":"ListItem","position":1,"name":"Home","item":"https:\/\/padrepinopuglisi.chiesadipalermo.it\/it\/homepage\/"},{"@type":"ListItem","position":2,"name":"Biografia","item":"https:\/\/padrepinopuglisi.chiesadipalermo.it\/it\/biografia\/"},{"@type":"ListItem","position":3,"name":"Profilo","item":"https:\/\/padrepinopuglisi.chiesadipalermo.it\/it\/biografia\/profilo\/"},{"@type":"ListItem","position":4,"name":"Un nuovo modello di prete e di parrocchia"}]},{"@type":"WebSite","@id":"https:\/\/padrepinopuglisi.chiesadipalermo.it\/it\/#website","url":"https:\/\/padrepinopuglisi.chiesadipalermo.it\/it\/","name":"Padre Pino Puglisi","description":"Sito Ufficiale sul Beato don Giuseppe Puglisi dell&#039;Arcidiocesi di Palermo","potentialAction":[{"@type":"SearchAction","target":{"@type":"EntryPoint","urlTemplate":"https:\/\/padrepinopuglisi.chiesadipalermo.it\/it\/?s={search_term_string}"},"query-input":{"@type":"PropertyValueSpecification","valueRequired":true,"valueName":"search_term_string"}}],"inLanguage":"it-IT"}]}},"_links":{"self":[{"href":"https:\/\/padrepinopuglisi.chiesadipalermo.it\/it\/wp-json\/wp\/v2\/pages\/3326","targetHints":{"allow":["GET"]}}],"collection":[{"href":"https:\/\/padrepinopuglisi.chiesadipalermo.it\/it\/wp-json\/wp\/v2\/pages"}],"about":[{"href":"https:\/\/padrepinopuglisi.chiesadipalermo.it\/it\/wp-json\/wp\/v2\/types\/page"}],"author":[{"embeddable":true,"href":"https:\/\/padrepinopuglisi.chiesadipalermo.it\/it\/wp-json\/wp\/v2\/users\/1"}],"replies":[{"embeddable":true,"href":"https:\/\/padrepinopuglisi.chiesadipalermo.it\/it\/wp-json\/wp\/v2\/comments?post=3326"}],"version-history":[{"count":0,"href":"https:\/\/padrepinopuglisi.chiesadipalermo.it\/it\/wp-json\/wp\/v2\/pages\/3326\/revisions"}],"up":[{"embeddable":true,"href":"https:\/\/padrepinopuglisi.chiesadipalermo.it\/it\/wp-json\/wp\/v2\/pages\/3328"}],"wp:featuredmedia":[{"embeddable":true,"href":"https:\/\/padrepinopuglisi.chiesadipalermo.it\/it\/wp-json\/wp\/v2\/media\/4443"}],"wp:attachment":[{"href":"https:\/\/padrepinopuglisi.chiesadipalermo.it\/it\/wp-json\/wp\/v2\/media?parent=3326"}],"wp:term":[{"taxonomy":"category","embeddable":true,"href":"https:\/\/padrepinopuglisi.chiesadipalermo.it\/it\/wp-json\/wp\/v2\/categories?post=3326"},{"taxonomy":"post_tag","embeddable":true,"href":"https:\/\/padrepinopuglisi.chiesadipalermo.it\/it\/wp-json\/wp\/v2\/tags?post=3326"}],"curies":[{"name":"wp","href":"https:\/\/api.w.org\/{rel}","templated":true}]}}