{"id":3324,"date":"2017-09-15T06:30:52","date_gmt":"2017-09-15T04:30:52","guid":{"rendered":"https:\/\/padrepinopuglisi.chiesadipalermo.it\/it\/93\/?page_id=3324"},"modified":"2018-07-06T22:36:10","modified_gmt":"2018-07-06T20:36:10","slug":"la-pastorale-vocazionale","status":"publish","type":"page","link":"https:\/\/padrepinopuglisi.chiesadipalermo.it\/it\/biografia\/profilo\/la-pastorale-vocazionale\/","title":{"rendered":"La pastorale vocazionale"},"content":{"rendered":"\n<style type=\"text\/css\" data-created_by=\"avia_inline_auto\" id=\"style-css-av-jjafwsym-4a4166c9917e708798d202099eccff5d\">\n#top .av-special-heading.av-jjafwsym-4a4166c9917e708798d202099eccff5d{\npadding-bottom:10px;\ncolor:#990000;\n}\nbody .av-special-heading.av-jjafwsym-4a4166c9917e708798d202099eccff5d .av-special-heading-tag .heading-char{\nfont-size:25px;\n}\n.av-special-heading.av-jjafwsym-4a4166c9917e708798d202099eccff5d .special-heading-inner-border{\nborder-color:#990000;\n}\n.av-special-heading.av-jjafwsym-4a4166c9917e708798d202099eccff5d .av-subheading{\nfont-size:15px;\n}\n<\/style>\n<div  class='av-special-heading av-jjafwsym-4a4166c9917e708798d202099eccff5d av-special-heading-h3 custom-color-heading blockquote modern-quote modern-centered  avia-builder-el-0  el_before_av_hr  avia-builder-el-first '><h3 class='av-special-heading-tag '  itemprop=\"headline\"  >La Pastorale vocazionale<\/h3><div class=\"special-heading-border\"><div class=\"special-heading-inner-border\"><\/div><\/div><\/div>\n\n<style type=\"text\/css\" data-created_by=\"avia_inline_auto\" id=\"style-css-av-2nmabg-07472093bb396ba1ca379e6ce30b384f\">\n#top .hr.hr-invisible.av-2nmabg-07472093bb396ba1ca379e6ce30b384f{\nheight:50px;\n}\n<\/style>\n<div  class='hr av-2nmabg-07472093bb396ba1ca379e6ce30b384f hr-invisible  avia-builder-el-1  el_after_av_heading  el_before_av_one_full '><span class='hr-inner '><span class=\"hr-inner-style\"><\/span><\/span><\/div>\n\n<style type=\"text\/css\" data-created_by=\"avia_inline_auto\" id=\"style-css-av-452sq4-e4e5932b7fc850bbd8b72bea444b5ce1\">\n.flex_column.av-452sq4-e4e5932b7fc850bbd8b72bea444b5ce1{\nborder-radius:0px 0px 0px 0px;\npadding:0px 0px 0px 0px;\n}\n<\/style>\n<div  class='flex_column av-452sq4-e4e5932b7fc850bbd8b72bea444b5ce1 av_one_full  avia-builder-el-2  el_after_av_hr  avia-builder-el-last  first flex_column_div av-zero-column-padding  '     ><section  class='av_textblock_section av-2cfrks-0fc3a00124113d97335be2fdafa3248f '   itemscope=\"itemscope\" itemtype=\"https:\/\/schema.org\/CreativeWork\" ><div class='avia_textblock'  itemprop=\"text\" ><p><img decoding=\"async\" class=\"alignleft wp-image-5824 size-full lazyload\" src=\"data:image\/gif;base64,R0lGODlhAQABAIAAAAAAAP\/\/\/yH5BAEAAAAALAAAAAABAAEAAAIBRAA7\" data-src=\"https:\/\/padrepinopuglisi.chiesadipalermo.it\/it\/wp-content\/uploads\/3P03_logo\/3P03_1004_250x250.jpg\" alt=\"\" width=\"250\" height=\"250\" \/><noscript><img decoding=\"async\" class=\"alignleft wp-image-5824 size-full lazyload\" src=\"https:\/\/padrepinopuglisi.chiesadipalermo.it\/it\/wp-content\/uploads\/3P03_logo\/3P03_1004_250x250.jpg\" alt=\"\" width=\"250\" height=\"250\" srcset=\"https:\/\/padrepinopuglisi.chiesadipalermo.it\/it\/wp-content\/uploads\/3P03_logo\/3P03_1004_250x250.jpg 250w, https:\/\/padrepinopuglisi.chiesadipalermo.it\/it\/wp-content\/uploads\/3P03_logo\/3P03_1004_250x250-80x80.jpg 80w, https:\/\/padrepinopuglisi.chiesadipalermo.it\/it\/wp-content\/uploads\/3P03_logo\/3P03_1004_250x250-36x36.jpg 36w, https:\/\/padrepinopuglisi.chiesadipalermo.it\/it\/wp-content\/uploads\/3P03_logo\/3P03_1004_250x250-180x180.jpg 180w, https:\/\/padrepinopuglisi.chiesadipalermo.it\/it\/wp-content\/uploads\/3P03_logo\/3P03_1004_250x250-120x120.jpg 120w\" sizes=\"(max-width: 250px) 100vw, 250px\" \/><\/noscript>&#8220;<em><strong>S\u00ec, ma verso dove?<\/strong><\/em>&#8220;, era uno degli slogan preferiti da padre Pino:<br \/>\n<em>verso dove vogliamo che vada la nostra vita?<\/em><\/p>\n<p>In sintonia con la teologia post-conciliare, don Puglisi applic\u00f2, nel suo rapporto con i giovani, il concetto di &#8220;vocazione&#8221; nel senso pi\u00f9 esteso: dalla vocazione esclusivamente sacerdotale si pass\u00f2 alla riflessione esistenziale sulla &#8220;chiamata&#8221; che ogni uomo sente dentro di s\u00e8 e che deve saper interpretare per venire incontro allo Spirito.<\/p>\n<p>Un invito alla meditazione che \u00e8 servito da guida alle migliaia di adolescenti che padre Pino \u00e8 riuscito ad avvicinare a Cristo.<\/p>\n<p>&#8220;<em>Bisogna cercare di seguire la nostra vocazione <\/em>&#8211; ha detto padre Pino &#8211;<em> il nostro progetto d&#8217;amore. Ma non possiamo mai considerarci seduti al capolinea, gi\u00e0 arrivati. Si riparte ogni volta. Dobbiamo avere umilt\u00e0, coscienza di avere accolto l&#8217;invito del Signore, camminare, poi presentare quanto \u00e8 stato costruito e poter dire: s\u00ec, ho fatto del mio meglio.<br \/>\n<\/em><em>Venti, sessanta, cento anni&#8230;la vita. A che serve se sbagliamo direzione?<br \/>\n<\/em><em>Ci\u00f2 che importa \u00e8 incontrare Cristo, vivere come lui, annunciare il suo amore che salva. Portare speranza e non dimenticare che tutti, ciascuno al proprio posto, anche pagando di persona, siamo i costruttori di un mondo nuovo<\/em>&#8220;.<\/p>\n<\/div><\/section><\/div>\n","protected":false},"excerpt":{"rendered":"","protected":false},"author":1,"featured_media":5824,"parent":3328,"menu_order":4,"comment_status":"closed","ping_status":"closed","template":"","meta":{"footnotes":""},"categories":[3],"tags":[],"class_list":["post-3324","page","type-page","status-publish","has-post-thumbnail","hentry","category-biografia"],"yoast_head":"<!-- This site is optimized with the Yoast SEO plugin v27.0 - https:\/\/yoast.com\/product\/yoast-seo-wordpress\/ -->\n<title>La pastorale vocazionale - Padre Pino Puglisi<\/title>\n<meta name=\"robots\" content=\"index, follow, max-snippet:-1, max-image-preview:large, max-video-preview:-1\" \/>\n<link rel=\"canonical\" href=\"https:\/\/padrepinopuglisi.chiesadipalermo.it\/it\/biografia\/profilo\/la-pastorale-vocazionale\/\" \/>\n<meta property=\"og:locale\" content=\"it_IT\" \/>\n<meta property=\"og:type\" content=\"article\" \/>\n<meta property=\"og:title\" content=\"La pastorale vocazionale - Padre Pino Puglisi\" \/>\n<meta property=\"og:url\" content=\"https:\/\/padrepinopuglisi.chiesadipalermo.it\/it\/biografia\/profilo\/la-pastorale-vocazionale\/\" \/>\n<meta property=\"og:site_name\" content=\"Padre Pino Puglisi\" \/>\n<meta property=\"article:publisher\" content=\"https:\/\/www.facebook.com\/beatoPadrePinoPuglisi\/\" \/>\n<meta property=\"article:modified_time\" content=\"2018-07-06T20:36:10+00:00\" \/>\n<meta property=\"og:image\" content=\"https:\/\/padrepinopuglisi.chiesadipalermo.it\/it\/wp-content\/uploads\/3P03_logo\/3P03_1004_250x250.jpg\" \/>\n\t<meta property=\"og:image:width\" content=\"250\" \/>\n\t<meta property=\"og:image:height\" content=\"250\" \/>\n\t<meta property=\"og:image:type\" content=\"image\/jpeg\" \/>\n<meta name=\"twitter:card\" content=\"summary_large_image\" \/>\n<meta name=\"twitter:label1\" content=\"Tempo di lettura stimato\" \/>\n\t<meta name=\"twitter:data1\" content=\"2 minuti\" \/>\n<script type=\"application\/ld+json\" class=\"yoast-schema-graph\">{\"@context\":\"https:\/\/schema.org\",\"@graph\":[{\"@type\":\"WebPage\",\"@id\":\"https:\/\/padrepinopuglisi.chiesadipalermo.it\/it\/biografia\/profilo\/la-pastorale-vocazionale\/\",\"url\":\"https:\/\/padrepinopuglisi.chiesadipalermo.it\/it\/biografia\/profilo\/la-pastorale-vocazionale\/\",\"name\":\"La pastorale vocazionale - Padre Pino Puglisi\",\"isPartOf\":{\"@id\":\"https:\/\/padrepinopuglisi.chiesadipalermo.it\/it\/#website\"},\"primaryImageOfPage\":{\"@id\":\"https:\/\/padrepinopuglisi.chiesadipalermo.it\/it\/biografia\/profilo\/la-pastorale-vocazionale\/#primaryimage\"},\"image\":{\"@id\":\"https:\/\/padrepinopuglisi.chiesadipalermo.it\/it\/biografia\/profilo\/la-pastorale-vocazionale\/#primaryimage\"},\"thumbnailUrl\":\"https:\/\/padrepinopuglisi.chiesadipalermo.it\/it\/wp-content\/uploads\/3P03_logo\/3P03_1004_250x250.jpg\",\"datePublished\":\"2017-09-15T04:30:52+00:00\",\"dateModified\":\"2018-07-06T20:36:10+00:00\",\"breadcrumb\":{\"@id\":\"https:\/\/padrepinopuglisi.chiesadipalermo.it\/it\/biografia\/profilo\/la-pastorale-vocazionale\/#breadcrumb\"},\"inLanguage\":\"it-IT\",\"potentialAction\":[{\"@type\":\"ReadAction\",\"target\":[\"https:\/\/padrepinopuglisi.chiesadipalermo.it\/it\/biografia\/profilo\/la-pastorale-vocazionale\/\"]}]},{\"@type\":\"ImageObject\",\"inLanguage\":\"it-IT\",\"@id\":\"https:\/\/padrepinopuglisi.chiesadipalermo.it\/it\/biografia\/profilo\/la-pastorale-vocazionale\/#primaryimage\",\"url\":\"https:\/\/padrepinopuglisi.chiesadipalermo.it\/it\/wp-content\/uploads\/3P03_logo\/3P03_1004_250x250.jpg\",\"contentUrl\":\"https:\/\/padrepinopuglisi.chiesadipalermo.it\/it\/wp-content\/uploads\/3P03_logo\/3P03_1004_250x250.jpg\",\"width\":250,\"height\":250},{\"@type\":\"BreadcrumbList\",\"@id\":\"https:\/\/padrepinopuglisi.chiesadipalermo.it\/it\/biografia\/profilo\/la-pastorale-vocazionale\/#breadcrumb\",\"itemListElement\":[{\"@type\":\"ListItem\",\"position\":1,\"name\":\"Home\",\"item\":\"https:\/\/padrepinopuglisi.chiesadipalermo.it\/it\/homepage\/\"},{\"@type\":\"ListItem\",\"position\":2,\"name\":\"Biografia\",\"item\":\"https:\/\/padrepinopuglisi.chiesadipalermo.it\/it\/biografia\/\"},{\"@type\":\"ListItem\",\"position\":3,\"name\":\"Profilo\",\"item\":\"https:\/\/padrepinopuglisi.chiesadipalermo.it\/it\/biografia\/profilo\/\"},{\"@type\":\"ListItem\",\"position\":4,\"name\":\"La pastorale vocazionale\"}]},{\"@type\":\"WebSite\",\"@id\":\"https:\/\/padrepinopuglisi.chiesadipalermo.it\/it\/#website\",\"url\":\"https:\/\/padrepinopuglisi.chiesadipalermo.it\/it\/\",\"name\":\"Padre Pino Puglisi\",\"description\":\"Sito Ufficiale sul Beato don Giuseppe Puglisi dell&#039;Arcidiocesi di Palermo\",\"potentialAction\":[{\"@type\":\"SearchAction\",\"target\":{\"@type\":\"EntryPoint\",\"urlTemplate\":\"https:\/\/padrepinopuglisi.chiesadipalermo.it\/it\/?s={search_term_string}\"},\"query-input\":{\"@type\":\"PropertyValueSpecification\",\"valueRequired\":true,\"valueName\":\"search_term_string\"}}],\"inLanguage\":\"it-IT\"}]}<\/script>\n<!-- \/ Yoast SEO plugin. -->","yoast_head_json":{"title":"La pastorale vocazionale - Padre Pino Puglisi","robots":{"index":"index","follow":"follow","max-snippet":"max-snippet:-1","max-image-preview":"max-image-preview:large","max-video-preview":"max-video-preview:-1"},"canonical":"https:\/\/padrepinopuglisi.chiesadipalermo.it\/it\/biografia\/profilo\/la-pastorale-vocazionale\/","og_locale":"it_IT","og_type":"article","og_title":"La pastorale vocazionale - Padre Pino Puglisi","og_url":"https:\/\/padrepinopuglisi.chiesadipalermo.it\/it\/biografia\/profilo\/la-pastorale-vocazionale\/","og_site_name":"Padre Pino Puglisi","article_publisher":"https:\/\/www.facebook.com\/beatoPadrePinoPuglisi\/","article_modified_time":"2018-07-06T20:36:10+00:00","og_image":[{"width":250,"height":250,"url":"https:\/\/padrepinopuglisi.chiesadipalermo.it\/it\/wp-content\/uploads\/3P03_logo\/3P03_1004_250x250.jpg","type":"image\/jpeg"}],"twitter_card":"summary_large_image","twitter_misc":{"Tempo di lettura stimato":"2 minuti"},"schema":{"@context":"https:\/\/schema.org","@graph":[{"@type":"WebPage","@id":"https:\/\/padrepinopuglisi.chiesadipalermo.it\/it\/biografia\/profilo\/la-pastorale-vocazionale\/","url":"https:\/\/padrepinopuglisi.chiesadipalermo.it\/it\/biografia\/profilo\/la-pastorale-vocazionale\/","name":"La pastorale vocazionale - Padre Pino Puglisi","isPartOf":{"@id":"https:\/\/padrepinopuglisi.chiesadipalermo.it\/it\/#website"},"primaryImageOfPage":{"@id":"https:\/\/padrepinopuglisi.chiesadipalermo.it\/it\/biografia\/profilo\/la-pastorale-vocazionale\/#primaryimage"},"image":{"@id":"https:\/\/padrepinopuglisi.chiesadipalermo.it\/it\/biografia\/profilo\/la-pastorale-vocazionale\/#primaryimage"},"thumbnailUrl":"https:\/\/padrepinopuglisi.chiesadipalermo.it\/it\/wp-content\/uploads\/3P03_logo\/3P03_1004_250x250.jpg","datePublished":"2017-09-15T04:30:52+00:00","dateModified":"2018-07-06T20:36:10+00:00","breadcrumb":{"@id":"https:\/\/padrepinopuglisi.chiesadipalermo.it\/it\/biografia\/profilo\/la-pastorale-vocazionale\/#breadcrumb"},"inLanguage":"it-IT","potentialAction":[{"@type":"ReadAction","target":["https:\/\/padrepinopuglisi.chiesadipalermo.it\/it\/biografia\/profilo\/la-pastorale-vocazionale\/"]}]},{"@type":"ImageObject","inLanguage":"it-IT","@id":"https:\/\/padrepinopuglisi.chiesadipalermo.it\/it\/biografia\/profilo\/la-pastorale-vocazionale\/#primaryimage","url":"https:\/\/padrepinopuglisi.chiesadipalermo.it\/it\/wp-content\/uploads\/3P03_logo\/3P03_1004_250x250.jpg","contentUrl":"https:\/\/padrepinopuglisi.chiesadipalermo.it\/it\/wp-content\/uploads\/3P03_logo\/3P03_1004_250x250.jpg","width":250,"height":250},{"@type":"BreadcrumbList","@id":"https:\/\/padrepinopuglisi.chiesadipalermo.it\/it\/biografia\/profilo\/la-pastorale-vocazionale\/#breadcrumb","itemListElement":[{"@type":"ListItem","position":1,"name":"Home","item":"https:\/\/padrepinopuglisi.chiesadipalermo.it\/it\/homepage\/"},{"@type":"ListItem","position":2,"name":"Biografia","item":"https:\/\/padrepinopuglisi.chiesadipalermo.it\/it\/biografia\/"},{"@type":"ListItem","position":3,"name":"Profilo","item":"https:\/\/padrepinopuglisi.chiesadipalermo.it\/it\/biografia\/profilo\/"},{"@type":"ListItem","position":4,"name":"La pastorale vocazionale"}]},{"@type":"WebSite","@id":"https:\/\/padrepinopuglisi.chiesadipalermo.it\/it\/#website","url":"https:\/\/padrepinopuglisi.chiesadipalermo.it\/it\/","name":"Padre Pino Puglisi","description":"Sito Ufficiale sul Beato don Giuseppe Puglisi dell&#039;Arcidiocesi di Palermo","potentialAction":[{"@type":"SearchAction","target":{"@type":"EntryPoint","urlTemplate":"https:\/\/padrepinopuglisi.chiesadipalermo.it\/it\/?s={search_term_string}"},"query-input":{"@type":"PropertyValueSpecification","valueRequired":true,"valueName":"search_term_string"}}],"inLanguage":"it-IT"}]}},"_links":{"self":[{"href":"https:\/\/padrepinopuglisi.chiesadipalermo.it\/it\/wp-json\/wp\/v2\/pages\/3324","targetHints":{"allow":["GET"]}}],"collection":[{"href":"https:\/\/padrepinopuglisi.chiesadipalermo.it\/it\/wp-json\/wp\/v2\/pages"}],"about":[{"href":"https:\/\/padrepinopuglisi.chiesadipalermo.it\/it\/wp-json\/wp\/v2\/types\/page"}],"author":[{"embeddable":true,"href":"https:\/\/padrepinopuglisi.chiesadipalermo.it\/it\/wp-json\/wp\/v2\/users\/1"}],"replies":[{"embeddable":true,"href":"https:\/\/padrepinopuglisi.chiesadipalermo.it\/it\/wp-json\/wp\/v2\/comments?post=3324"}],"version-history":[{"count":0,"href":"https:\/\/padrepinopuglisi.chiesadipalermo.it\/it\/wp-json\/wp\/v2\/pages\/3324\/revisions"}],"up":[{"embeddable":true,"href":"https:\/\/padrepinopuglisi.chiesadipalermo.it\/it\/wp-json\/wp\/v2\/pages\/3328"}],"wp:featuredmedia":[{"embeddable":true,"href":"https:\/\/padrepinopuglisi.chiesadipalermo.it\/it\/wp-json\/wp\/v2\/media\/5824"}],"wp:attachment":[{"href":"https:\/\/padrepinopuglisi.chiesadipalermo.it\/it\/wp-json\/wp\/v2\/media?parent=3324"}],"wp:term":[{"taxonomy":"category","embeddable":true,"href":"https:\/\/padrepinopuglisi.chiesadipalermo.it\/it\/wp-json\/wp\/v2\/categories?post=3324"},{"taxonomy":"post_tag","embeddable":true,"href":"https:\/\/padrepinopuglisi.chiesadipalermo.it\/it\/wp-json\/wp\/v2\/tags?post=3324"}],"curies":[{"name":"wp","href":"https:\/\/api.w.org\/{rel}","templated":true}]}}