{"id":3322,"date":"2017-09-15T07:00:58","date_gmt":"2017-09-15T05:00:58","guid":{"rendered":"https:\/\/padrepinopuglisi.chiesadipalermo.it\/it\/93\/?page_id=3322"},"modified":"2018-07-11T10:39:00","modified_gmt":"2018-07-11T08:39:00","slug":"il-metodo","status":"publish","type":"page","link":"https:\/\/padrepinopuglisi.chiesadipalermo.it\/it\/biografia\/profilo\/il-metodo\/","title":{"rendered":"Il metodo"},"content":{"rendered":"\n<style type=\"text\/css\" data-created_by=\"avia_inline_auto\" id=\"style-css-av-av_heading-aa8d10e31863f226f691294c04b11aaf\">\n#top .av-special-heading.av-av_heading-aa8d10e31863f226f691294c04b11aaf{\npadding-bottom:10px;\ncolor:#990000;\n}\nbody .av-special-heading.av-av_heading-aa8d10e31863f226f691294c04b11aaf .av-special-heading-tag .heading-char{\nfont-size:25px;\n}\n.av-special-heading.av-av_heading-aa8d10e31863f226f691294c04b11aaf .special-heading-inner-border{\nborder-color:#990000;\n}\n.av-special-heading.av-av_heading-aa8d10e31863f226f691294c04b11aaf .av-subheading{\nfont-size:15px;\n}\n<\/style>\n<div  class='av-special-heading av-av_heading-aa8d10e31863f226f691294c04b11aaf av-special-heading-h3 custom-color-heading blockquote modern-quote modern-centered  avia-builder-el-0  el_before_av_hr  avia-builder-el-first '><h3 class='av-special-heading-tag '  itemprop=\"headline\"  >Il metodo<\/h3><div class=\"special-heading-border\"><div class=\"special-heading-inner-border\"><\/div><\/div><\/div>\n\n<style type=\"text\/css\" data-created_by=\"avia_inline_auto\" id=\"style-css-av-28t8i2-6b4f6bae0641db00cbd470e5e2ab26e3\">\n#top .hr.hr-invisible.av-28t8i2-6b4f6bae0641db00cbd470e5e2ab26e3{\nheight:50px;\n}\n<\/style>\n<div  class='hr av-28t8i2-6b4f6bae0641db00cbd470e5e2ab26e3 hr-invisible  avia-builder-el-1  el_after_av_heading  el_before_av_one_half '><span class='hr-inner '><span class=\"hr-inner-style\"><\/span><\/span><\/div>\n\n<style type=\"text\/css\" data-created_by=\"avia_inline_auto\" id=\"style-css-av-av_one_half-1df1b63c6c045939f2dc1aefbdd8e7ad\">\n.flex_column.av-av_one_half-1df1b63c6c045939f2dc1aefbdd8e7ad{\nborder-radius:0px 0px 0px 0px;\npadding:0px 0px 0px 0px;\n}\n<\/style>\n<div  class='flex_column av-av_one_half-1df1b63c6c045939f2dc1aefbdd8e7ad av_one_half  avia-builder-el-2  el_after_av_hr  el_before_av_one_half  first flex_column_div av-zero-column-padding  '     ><section  class='av_textblock_section av-7q2a2-1357efa6b5f314257d7b34d6915e3a63 '   itemscope=\"itemscope\" itemtype=\"https:\/\/schema.org\/CreativeWork\" ><div class='avia_textblock'  itemprop=\"text\" ><p><img decoding=\"async\" class=\"size-medium wp-image-5470 aligncenter lazyload\" src=\"data:image\/gif;base64,R0lGODlhAQABAIAAAAAAAP\/\/\/yH5BAEAAAAALAAAAAABAAEAAAIBRAA7\" data-src=\"https:\/\/padrepinopuglisi.chiesadipalermo.it\/it\/wp-content\/uploads\/3PMI_mostra_itinerante\/3PMI_05_mostra_iti_I_SUOI_LIBRI_500-210x300.jpg\" alt=\"\" width=\"210\" height=\"300\" \/><noscript><img decoding=\"async\" class=\"size-medium wp-image-5470 aligncenter lazyload\" src=\"https:\/\/padrepinopuglisi.chiesadipalermo.it\/it\/wp-content\/uploads\/3PMI_mostra_itinerante\/3PMI_05_mostra_iti_I_SUOI_LIBRI_500-210x300.jpg\" alt=\"\" width=\"210\" height=\"300\" srcset=\"https:\/\/padrepinopuglisi.chiesadipalermo.it\/it\/wp-content\/uploads\/3PMI_mostra_itinerante\/3PMI_05_mostra_iti_I_SUOI_LIBRI_500-210x300.jpg 210w, https:\/\/padrepinopuglisi.chiesadipalermo.it\/it\/wp-content\/uploads\/3PMI_mostra_itinerante\/3PMI_05_mostra_iti_I_SUOI_LIBRI_500.jpg 350w\" sizes=\"(max-width: 210px) 100vw, 210px\" \/><\/noscript><\/p>\n<\/div><\/section><\/div>\n<style type=\"text\/css\" data-created_by=\"avia_inline_auto\" id=\"style-css-av-av_one_half-862f0c8b97abc46405e90743a1c7ee0e\">\n.flex_column.av-av_one_half-862f0c8b97abc46405e90743a1c7ee0e{\nborder-radius:0px 0px 0px 0px;\npadding:0px 0px 0px 0px;\n}\n<\/style>\n<div  class='flex_column av-av_one_half-862f0c8b97abc46405e90743a1c7ee0e av_one_half  avia-builder-el-4  el_after_av_one_half  avia-builder-el-last  flex_column_div av-zero-column-padding  '     ><section  class='av_textblock_section av-jjgvh746-515db46765ddb32d6a839b6b59da8029 '   itemscope=\"itemscope\" itemtype=\"https:\/\/schema.org\/CreativeWork\" ><div class='avia_textblock'  itemprop=\"text\" ><p>I tremila volumi sparsi nell&#8217;abitazione di don Puglisi (oggi parte della sua biblioteca \u00e8 stata trasferita al Seminario di Palermo), al Centro vocazioni o dati &#8230;in &#8220;prestito permanente&#8221; agli amici attestano una solida cultura teologica (amava particolarmente le opere di Karl Rahner, uno dei padri del Concilio), filosofica (in special modo sul Personalismo del filosofo francese Emmanuel Mounier) e pedagogica.<\/p>\n<p>Freud e Fromm ma anche Sartre e Maritain: Padre Pino metteva al servizio della sua sensibilit\u00e0 le pi\u00f9 acute riflessioni dell&#8217;esistenzialismo e i pi\u00f9 moderni metodi della psicanalisi, della logoterapia e della terapia di gruppo (tra i suoi autori preferiti anche l&#8217;americano Karl Rogers).<\/p>\n<p>Strumenti che utilizzava tacitamente, senza vanterie, per affinare le notevoli qualit\u00e0 innate grazie alle quali entrava facilmente e profondamente in contatto con l&#8217;Altro (quella che Rogers nei suoi scritti chiama empatia).<\/p>\n<p>Oltre ai suoi volumi testimonianze preziose sono le decine di cassette con le registrazioni di suoi discorsi o omelie, che al Centro diocesano vocazioni stanno ora costituendo un archivio organico.<br \/>\nDa questo materiale sono tratte le citazioni utilizzate per queste pagine.<\/p>\n<p>Lungo tutta la sua vita don Puglisi ha saputo tessere rapporti personali fortissimi, a prescindere dall&#8217;estrazione sociale, dal titolo di studio dell&#8217;interlocutore.<\/p>\n<p>La prima fase era l&#8217;ascolto.<br \/>\nSenza parlare mai di religione o di Dio, nel delicato momento dell&#8217;approccio non dava consigli immediati, ricette magiche.<br \/>\nSapeva che per usare le parole giuste, soprattutto con gli ultimi, con i deboli, bisogna prima dividere a lungo il pane e il vino con loro.<\/p>\n<p>In un mondo che corre, dove ognuno \u00e8 in fondo perso dentro ai fatti suoi, le grandi orecchie di don Pino erano un approdo sicuro.<\/p>\n<p>Il percorso dell&#8217;ascolto era lungo, tortuoso, poteva anche durare anni, poteva anche non sboccare da nessuna parte. Padre Puglisi sapeva ascoltare, rispettava i tempi di tutti, invitava a scandagliare il proprio animo, per misurare le energie prima di scegliere un traguardo.<\/p>\n<p>Sul suo stile ha scritto parole illuminanti padre Agostino Ziino &#8211; un palermitano entrato a far parte della comunit\u00e0 monastica in Toscana di don Divo Barsotti &#8211; in un discorso di commemorazione nel primo anniversario della morte:<br \/>\n&#8220;<em>Non era un grande oratore ma un prete la cui parola, proposta in quel modo tutto suo &#8211; con pacatezza, lentezza di espressione, che non era n\u00e9 impaccio n\u00e9 imbarazzo &#8211; rivelava la volont\u00e0 di comunicare idee non tirate fuori frettolosamente e superficialmente, bens\u00ec meditate e ben mirate; non era neppure un uomo dalle manifestazioni e dalle espressioni vistose, eppure, essenziale com&#8217;era nel vivere l&#8217;amicizia come dono di s\u00e9 agli altri, te lo ritrovavi vicino nei momenti in cui era bello o utile condividere con lui una gioia o un dolore.<\/em><\/p>\n<p><em>L\u00ec dove lo incontravi, seppur immerso in attivit\u00e0 pastorali di gruppo o in dialoghi personali o nella preparazione di incontri di catechesi o di preghiera, ti accoglieva sempre come tu fossi stato per lui un dono di Dio.<br \/>\n<\/em><em>E mai ti liquidava frettolosamente, proprio come se fosse lui a ricevere qualcosa da te, da te che andavi a lui soltanto per un breve saluto.<br \/>\n<\/em><em>Il tempo nelle sue mani si dilatava; ma sarebbe meglio dire non nelle sue mani ma nel suo cuore, perch\u00e9 solo l&#8217;Amore riesce a dilatare gli spazi interiori del cuore perch\u00e9 si sappia sempre accogliere gli altri come sapeva fare lui.<br \/>\n<\/em><em>Ovunque fosse e in ogni momento della giornata &#8211; oserei dire proprio notte e giorno &#8211; ti offriva quel suo sorriso accogliente e rassicurante, che era gi\u00e0 in s\u00e9 messaggio evangelico di una beatitudine vissuta.<\/em><\/p>\n<p><em>Il segreto di questo suo stile di donarsi agli altri non poteva che essere una Carit\u00e0 scelta e assunta come atteggiamento costante, a cui mantenersi fedele, e che rendeva tutto in lui profondo e semplice, propriamente evangelico<\/em>&#8220;.<\/p>\n<p>Quando scoccava una scintilla nell&#8217;animo del giovane che don Pino stava seguendo, alla fase dell&#8217;ascolto subentrava quella della vita comunitaria, dell&#8217;apertura del dialogo con gli Altri.<br \/>\nEsempi preziosi di questo lavoro, che riprendeva molte delle tecniche psicologiche della terapia di gruppo, sono i campi vocazionali che padre Puglisi organizz\u00f2 lungo tutti gli anni Ottanta, prima di diventare parroco a Brancaccio.<br \/>\nIn un&#8217;atmosfera di piena libert\u00e0, senza l&#8217;obbligo di indossare &#8220;maschere&#8221; per mostrarsi agli altri, i giovani che partecipavano ai campi erano condotti a scoprire i valori dell&#8217;amicizia, della solidariet\u00e0, della fraternit\u00e0, del servizio, in una parola del &#8220;vivere insieme&#8221; nel senso cristiano.<\/p>\n<p>A chi, dopo aver compiuto questo cammino, chiedeva di avanzare ancora di un passo, padre Pino offriva di slanciarsi nella scelta di Dio: o<em>gnuno di noi <\/em>&#8211; diceva spesso don Puglisi &#8211; <em>sente dentro di s\u00e8 un&#8217;inclinazione particolare, un carisma.<br \/>\nUn progetto che rende ogni uomo unico e irripetibile.<br \/>\nQuesta &#8220;chiamata&#8221; \u00e8 il segno dello Spirito Santo in noi.<br \/>\nSolo ascoltare questa voce pu\u00f2 dare senso alla nostra vita<\/em>.<\/p>\n<\/div><\/section><\/div><\/p>\n","protected":false},"excerpt":{"rendered":"","protected":false},"author":1,"featured_media":5470,"parent":3328,"menu_order":3,"comment_status":"closed","ping_status":"closed","template":"","meta":{"footnotes":""},"categories":[3],"tags":[],"class_list":["post-3322","page","type-page","status-publish","has-post-thumbnail","hentry","category-biografia"],"yoast_head":"<!-- This site is optimized with the Yoast SEO plugin v27.0 - https:\/\/yoast.com\/product\/yoast-seo-wordpress\/ -->\n<title>Il metodo - Padre Pino Puglisi<\/title>\n<meta name=\"robots\" content=\"index, follow, max-snippet:-1, max-image-preview:large, max-video-preview:-1\" \/>\n<link rel=\"canonical\" href=\"https:\/\/padrepinopuglisi.chiesadipalermo.it\/it\/biografia\/profilo\/il-metodo\/\" \/>\n<meta property=\"og:locale\" content=\"it_IT\" \/>\n<meta property=\"og:type\" content=\"article\" \/>\n<meta property=\"og:title\" content=\"Il metodo - Padre Pino Puglisi\" \/>\n<meta property=\"og:url\" content=\"https:\/\/padrepinopuglisi.chiesadipalermo.it\/it\/biografia\/profilo\/il-metodo\/\" \/>\n<meta property=\"og:site_name\" content=\"Padre Pino Puglisi\" \/>\n<meta property=\"article:publisher\" content=\"https:\/\/www.facebook.com\/beatoPadrePinoPuglisi\/\" \/>\n<meta property=\"article:modified_time\" content=\"2018-07-11T08:39:00+00:00\" \/>\n<meta property=\"og:image\" content=\"https:\/\/padrepinopuglisi.chiesadipalermo.it\/it\/wp-content\/uploads\/3PMI_mostra_itinerante\/3PMI_05_mostra_iti_I_SUOI_LIBRI_500.jpg\" \/>\n\t<meta property=\"og:image:width\" content=\"350\" \/>\n\t<meta property=\"og:image:height\" content=\"500\" \/>\n\t<meta property=\"og:image:type\" content=\"image\/jpeg\" \/>\n<meta name=\"twitter:card\" content=\"summary_large_image\" \/>\n<meta name=\"twitter:label1\" content=\"Tempo di lettura stimato\" \/>\n\t<meta name=\"twitter:data1\" content=\"6 minuti\" \/>\n<script type=\"application\/ld+json\" class=\"yoast-schema-graph\">{\"@context\":\"https:\/\/schema.org\",\"@graph\":[{\"@type\":\"WebPage\",\"@id\":\"https:\/\/padrepinopuglisi.chiesadipalermo.it\/it\/biografia\/profilo\/il-metodo\/\",\"url\":\"https:\/\/padrepinopuglisi.chiesadipalermo.it\/it\/biografia\/profilo\/il-metodo\/\",\"name\":\"Il metodo - Padre Pino Puglisi\",\"isPartOf\":{\"@id\":\"https:\/\/padrepinopuglisi.chiesadipalermo.it\/it\/#website\"},\"primaryImageOfPage\":{\"@id\":\"https:\/\/padrepinopuglisi.chiesadipalermo.it\/it\/biografia\/profilo\/il-metodo\/#primaryimage\"},\"image\":{\"@id\":\"https:\/\/padrepinopuglisi.chiesadipalermo.it\/it\/biografia\/profilo\/il-metodo\/#primaryimage\"},\"thumbnailUrl\":\"https:\/\/padrepinopuglisi.chiesadipalermo.it\/it\/wp-content\/uploads\/3PMI_mostra_itinerante\/3PMI_05_mostra_iti_I_SUOI_LIBRI_500.jpg\",\"datePublished\":\"2017-09-15T05:00:58+00:00\",\"dateModified\":\"2018-07-11T08:39:00+00:00\",\"breadcrumb\":{\"@id\":\"https:\/\/padrepinopuglisi.chiesadipalermo.it\/it\/biografia\/profilo\/il-metodo\/#breadcrumb\"},\"inLanguage\":\"it-IT\",\"potentialAction\":[{\"@type\":\"ReadAction\",\"target\":[\"https:\/\/padrepinopuglisi.chiesadipalermo.it\/it\/biografia\/profilo\/il-metodo\/\"]}]},{\"@type\":\"ImageObject\",\"inLanguage\":\"it-IT\",\"@id\":\"https:\/\/padrepinopuglisi.chiesadipalermo.it\/it\/biografia\/profilo\/il-metodo\/#primaryimage\",\"url\":\"https:\/\/padrepinopuglisi.chiesadipalermo.it\/it\/wp-content\/uploads\/3PMI_mostra_itinerante\/3PMI_05_mostra_iti_I_SUOI_LIBRI_500.jpg\",\"contentUrl\":\"https:\/\/padrepinopuglisi.chiesadipalermo.it\/it\/wp-content\/uploads\/3PMI_mostra_itinerante\/3PMI_05_mostra_iti_I_SUOI_LIBRI_500.jpg\",\"width\":350,\"height\":500},{\"@type\":\"BreadcrumbList\",\"@id\":\"https:\/\/padrepinopuglisi.chiesadipalermo.it\/it\/biografia\/profilo\/il-metodo\/#breadcrumb\",\"itemListElement\":[{\"@type\":\"ListItem\",\"position\":1,\"name\":\"Home\",\"item\":\"https:\/\/padrepinopuglisi.chiesadipalermo.it\/it\/homepage\/\"},{\"@type\":\"ListItem\",\"position\":2,\"name\":\"Biografia\",\"item\":\"https:\/\/padrepinopuglisi.chiesadipalermo.it\/it\/biografia\/\"},{\"@type\":\"ListItem\",\"position\":3,\"name\":\"Profilo\",\"item\":\"https:\/\/padrepinopuglisi.chiesadipalermo.it\/it\/biografia\/profilo\/\"},{\"@type\":\"ListItem\",\"position\":4,\"name\":\"Il metodo\"}]},{\"@type\":\"WebSite\",\"@id\":\"https:\/\/padrepinopuglisi.chiesadipalermo.it\/it\/#website\",\"url\":\"https:\/\/padrepinopuglisi.chiesadipalermo.it\/it\/\",\"name\":\"Padre Pino Puglisi\",\"description\":\"Sito Ufficiale sul Beato don Giuseppe Puglisi dell&#039;Arcidiocesi di Palermo\",\"potentialAction\":[{\"@type\":\"SearchAction\",\"target\":{\"@type\":\"EntryPoint\",\"urlTemplate\":\"https:\/\/padrepinopuglisi.chiesadipalermo.it\/it\/?s={search_term_string}\"},\"query-input\":{\"@type\":\"PropertyValueSpecification\",\"valueRequired\":true,\"valueName\":\"search_term_string\"}}],\"inLanguage\":\"it-IT\"}]}<\/script>\n<!-- \/ Yoast SEO plugin. -->","yoast_head_json":{"title":"Il metodo - Padre Pino Puglisi","robots":{"index":"index","follow":"follow","max-snippet":"max-snippet:-1","max-image-preview":"max-image-preview:large","max-video-preview":"max-video-preview:-1"},"canonical":"https:\/\/padrepinopuglisi.chiesadipalermo.it\/it\/biografia\/profilo\/il-metodo\/","og_locale":"it_IT","og_type":"article","og_title":"Il metodo - Padre Pino Puglisi","og_url":"https:\/\/padrepinopuglisi.chiesadipalermo.it\/it\/biografia\/profilo\/il-metodo\/","og_site_name":"Padre Pino Puglisi","article_publisher":"https:\/\/www.facebook.com\/beatoPadrePinoPuglisi\/","article_modified_time":"2018-07-11T08:39:00+00:00","og_image":[{"width":350,"height":500,"url":"https:\/\/padrepinopuglisi.chiesadipalermo.it\/it\/wp-content\/uploads\/3PMI_mostra_itinerante\/3PMI_05_mostra_iti_I_SUOI_LIBRI_500.jpg","type":"image\/jpeg"}],"twitter_card":"summary_large_image","twitter_misc":{"Tempo di lettura stimato":"6 minuti"},"schema":{"@context":"https:\/\/schema.org","@graph":[{"@type":"WebPage","@id":"https:\/\/padrepinopuglisi.chiesadipalermo.it\/it\/biografia\/profilo\/il-metodo\/","url":"https:\/\/padrepinopuglisi.chiesadipalermo.it\/it\/biografia\/profilo\/il-metodo\/","name":"Il metodo - Padre Pino Puglisi","isPartOf":{"@id":"https:\/\/padrepinopuglisi.chiesadipalermo.it\/it\/#website"},"primaryImageOfPage":{"@id":"https:\/\/padrepinopuglisi.chiesadipalermo.it\/it\/biografia\/profilo\/il-metodo\/#primaryimage"},"image":{"@id":"https:\/\/padrepinopuglisi.chiesadipalermo.it\/it\/biografia\/profilo\/il-metodo\/#primaryimage"},"thumbnailUrl":"https:\/\/padrepinopuglisi.chiesadipalermo.it\/it\/wp-content\/uploads\/3PMI_mostra_itinerante\/3PMI_05_mostra_iti_I_SUOI_LIBRI_500.jpg","datePublished":"2017-09-15T05:00:58+00:00","dateModified":"2018-07-11T08:39:00+00:00","breadcrumb":{"@id":"https:\/\/padrepinopuglisi.chiesadipalermo.it\/it\/biografia\/profilo\/il-metodo\/#breadcrumb"},"inLanguage":"it-IT","potentialAction":[{"@type":"ReadAction","target":["https:\/\/padrepinopuglisi.chiesadipalermo.it\/it\/biografia\/profilo\/il-metodo\/"]}]},{"@type":"ImageObject","inLanguage":"it-IT","@id":"https:\/\/padrepinopuglisi.chiesadipalermo.it\/it\/biografia\/profilo\/il-metodo\/#primaryimage","url":"https:\/\/padrepinopuglisi.chiesadipalermo.it\/it\/wp-content\/uploads\/3PMI_mostra_itinerante\/3PMI_05_mostra_iti_I_SUOI_LIBRI_500.jpg","contentUrl":"https:\/\/padrepinopuglisi.chiesadipalermo.it\/it\/wp-content\/uploads\/3PMI_mostra_itinerante\/3PMI_05_mostra_iti_I_SUOI_LIBRI_500.jpg","width":350,"height":500},{"@type":"BreadcrumbList","@id":"https:\/\/padrepinopuglisi.chiesadipalermo.it\/it\/biografia\/profilo\/il-metodo\/#breadcrumb","itemListElement":[{"@type":"ListItem","position":1,"name":"Home","item":"https:\/\/padrepinopuglisi.chiesadipalermo.it\/it\/homepage\/"},{"@type":"ListItem","position":2,"name":"Biografia","item":"https:\/\/padrepinopuglisi.chiesadipalermo.it\/it\/biografia\/"},{"@type":"ListItem","position":3,"name":"Profilo","item":"https:\/\/padrepinopuglisi.chiesadipalermo.it\/it\/biografia\/profilo\/"},{"@type":"ListItem","position":4,"name":"Il metodo"}]},{"@type":"WebSite","@id":"https:\/\/padrepinopuglisi.chiesadipalermo.it\/it\/#website","url":"https:\/\/padrepinopuglisi.chiesadipalermo.it\/it\/","name":"Padre Pino Puglisi","description":"Sito Ufficiale sul Beato don Giuseppe Puglisi dell&#039;Arcidiocesi di Palermo","potentialAction":[{"@type":"SearchAction","target":{"@type":"EntryPoint","urlTemplate":"https:\/\/padrepinopuglisi.chiesadipalermo.it\/it\/?s={search_term_string}"},"query-input":{"@type":"PropertyValueSpecification","valueRequired":true,"valueName":"search_term_string"}}],"inLanguage":"it-IT"}]}},"_links":{"self":[{"href":"https:\/\/padrepinopuglisi.chiesadipalermo.it\/it\/wp-json\/wp\/v2\/pages\/3322","targetHints":{"allow":["GET"]}}],"collection":[{"href":"https:\/\/padrepinopuglisi.chiesadipalermo.it\/it\/wp-json\/wp\/v2\/pages"}],"about":[{"href":"https:\/\/padrepinopuglisi.chiesadipalermo.it\/it\/wp-json\/wp\/v2\/types\/page"}],"author":[{"embeddable":true,"href":"https:\/\/padrepinopuglisi.chiesadipalermo.it\/it\/wp-json\/wp\/v2\/users\/1"}],"replies":[{"embeddable":true,"href":"https:\/\/padrepinopuglisi.chiesadipalermo.it\/it\/wp-json\/wp\/v2\/comments?post=3322"}],"version-history":[{"count":0,"href":"https:\/\/padrepinopuglisi.chiesadipalermo.it\/it\/wp-json\/wp\/v2\/pages\/3322\/revisions"}],"up":[{"embeddable":true,"href":"https:\/\/padrepinopuglisi.chiesadipalermo.it\/it\/wp-json\/wp\/v2\/pages\/3328"}],"wp:featuredmedia":[{"embeddable":true,"href":"https:\/\/padrepinopuglisi.chiesadipalermo.it\/it\/wp-json\/wp\/v2\/media\/5470"}],"wp:attachment":[{"href":"https:\/\/padrepinopuglisi.chiesadipalermo.it\/it\/wp-json\/wp\/v2\/media?parent=3322"}],"wp:term":[{"taxonomy":"category","embeddable":true,"href":"https:\/\/padrepinopuglisi.chiesadipalermo.it\/it\/wp-json\/wp\/v2\/categories?post=3322"},{"taxonomy":"post_tag","embeddable":true,"href":"https:\/\/padrepinopuglisi.chiesadipalermo.it\/it\/wp-json\/wp\/v2\/tags?post=3322"}],"curies":[{"name":"wp","href":"https:\/\/api.w.org\/{rel}","templated":true}]}}