{"id":3320,"date":"2017-09-15T07:30:37","date_gmt":"2017-09-15T05:30:37","guid":{"rendered":"https:\/\/padrepinopuglisi.chiesadipalermo.it\/it\/93\/?page_id=3320"},"modified":"2018-07-06T22:35:09","modified_gmt":"2018-07-06T20:35:09","slug":"3p-e-la-chiesa","status":"publish","type":"page","link":"https:\/\/padrepinopuglisi.chiesadipalermo.it\/it\/biografia\/profilo\/3p-e-la-chiesa\/","title":{"rendered":"3P e la Chiesa"},"content":{"rendered":"\n<style type=\"text\/css\" data-created_by=\"avia_inline_auto\" id=\"style-css-av-jjafvi9l-647c997622e02360306b46310c8c1c05\">\n#top .av-special-heading.av-jjafvi9l-647c997622e02360306b46310c8c1c05{\npadding-bottom:10px;\ncolor:#990000;\n}\nbody .av-special-heading.av-jjafvi9l-647c997622e02360306b46310c8c1c05 .av-special-heading-tag .heading-char{\nfont-size:25px;\n}\n.av-special-heading.av-jjafvi9l-647c997622e02360306b46310c8c1c05 .special-heading-inner-border{\nborder-color:#990000;\n}\n.av-special-heading.av-jjafvi9l-647c997622e02360306b46310c8c1c05 .av-subheading{\nfont-size:15px;\n}\n<\/style>\n<div  class='av-special-heading av-jjafvi9l-647c997622e02360306b46310c8c1c05 av-special-heading-h3 custom-color-heading blockquote modern-quote modern-centered  avia-builder-el-0  el_before_av_hr  avia-builder-el-first '><h3 class='av-special-heading-tag '  itemprop=\"headline\"  >3P e la Chiesa<\/h3><div class=\"special-heading-border\"><div class=\"special-heading-inner-border\"><\/div><\/div><\/div>\n\n<style type=\"text\/css\" data-created_by=\"avia_inline_auto\" id=\"style-css-av-2qnds8-24bc763b9a9729712f4c6e96c265f899\">\n#top .hr.hr-invisible.av-2qnds8-24bc763b9a9729712f4c6e96c265f899{\nheight:50px;\n}\n<\/style>\n<div  class='hr av-2qnds8-24bc763b9a9729712f4c6e96c265f899 hr-invisible  avia-builder-el-1  el_after_av_heading  el_before_av_one_full '><span class='hr-inner '><span class=\"hr-inner-style\"><\/span><\/span><\/div>\n\n<style type=\"text\/css\" data-created_by=\"avia_inline_auto\" id=\"style-css-av-gwkfc-e16f5c1eb0ac610f38aead26b7fff3ad\">\n.flex_column.av-gwkfc-e16f5c1eb0ac610f38aead26b7fff3ad{\nborder-radius:0px 0px 0px 0px;\npadding:0px 0px 0px 0px;\n}\n<\/style>\n<div  class='flex_column av-gwkfc-e16f5c1eb0ac610f38aead26b7fff3ad av_one_full  avia-builder-el-2  el_after_av_hr  avia-builder-el-last  first flex_column_div av-zero-column-padding  '     ><section  class='av_textblock_section av-34waag-fc18fbf050166f526bbd34c970c594fd '   itemscope=\"itemscope\" itemtype=\"https:\/\/schema.org\/CreativeWork\" ><div class='avia_textblock'  itemprop=\"text\" ><p><img decoding=\"async\" class=\"alignleft size-medium wp-image-4561 lazyload\" src=\"data:image\/gif;base64,R0lGODlhAQABAIAAAAAAAP\/\/\/yH5BAEAAAAALAAAAAABAAEAAAIBRAA7\" data-src=\"https:\/\/padrepinopuglisi.chiesadipalermo.it\/it\/wp-content\/uploads\/3P02_altri\/3P02_0620-300x229.jpg\" alt=\"\" width=\"300\" height=\"229\" \/><noscript><img decoding=\"async\" class=\"alignleft size-medium wp-image-4561 lazyload\" src=\"https:\/\/padrepinopuglisi.chiesadipalermo.it\/it\/wp-content\/uploads\/3P02_altri\/3P02_0620-300x229.jpg\" alt=\"\" width=\"300\" height=\"229\" srcset=\"https:\/\/padrepinopuglisi.chiesadipalermo.it\/it\/wp-content\/uploads\/3P02_altri\/3P02_0620-300x229.jpg 300w, https:\/\/padrepinopuglisi.chiesadipalermo.it\/it\/wp-content\/uploads\/3P02_altri\/3P02_0620-450x343.jpg 450w, https:\/\/padrepinopuglisi.chiesadipalermo.it\/it\/wp-content\/uploads\/3P02_altri\/3P02_0620.jpg 600w\" sizes=\"(max-width: 300px) 100vw, 300px\" \/><\/noscript>Don Puglisi ha vissuto profondamente incastonato nella &#8220;sua&#8221; Chiesa, ne ha condiviso gioie e tensioni, ne ha saputo precorrere gli slanci come un pioniere, un pesce pilota.<br \/>\nE ha sempre rifiutato la logica della &#8220;carriera&#8221; negli incarichi diocesani. Quando qualcuno lo chiamava &#8220;<em>monsignore<\/em>&#8220;, rispondeva &#8220;<em>monsignore lo dici a tuo padre<\/em>&#8220;.<\/p>\n<p>Figlio di un calzolaio e di una sarta, ordinato nel luglio &#8217;60 \u00e8 arrivato a Brancaccio nell&#8217;ottobre del &#8217;90, con alla spalle quindi trent&#8217;anni di sacerdozio e una serie di esperienze diversissime ma tutte all&#8217;insegna del dialogo.<\/p>\n<p>Negli anni Sessanta e Settanta, durante le contestazioni, Padre Pino parlava con i giovani che si professavano comunisti seduto al tavolo di una taverna quando in Italia erano feroci le contrapposizioni tra destra e sinistra.<\/p>\n<p>Impartiva catechesi ma anche educazione sessuale a ragazzi e ragazze insieme quando persino l&#8217;Azione cattolica proibiva certi &#8220;contatti&#8221;.<\/p>\n<p>Fu parroco in diverse periferie della citt\u00e0 ma sempre spinse la sua Chiesa in strada. E cominci\u00f2 a interrogarsi sul senso della vita dell&#8217;uomo quando il Concilio Vaticano II e le sue riflessioni esistenziali erano di l\u00e0 da venire.<\/p>\n<p>E ancora: precorse la rivoluzione dell&#8217;ecumenismo, dialogando con i protestanti a Godrano, un paese del Palermitano in cui fu parroco negli anni Settanta.<\/p>\n<p>Per tutta la vita la sua attenzione, con serenit\u00e0 e pazienza, fu dedicata all&#8217;evangelizzazione, ai poveri, agli umili, alle persone senza voce e forse senza neanche speranza.<\/p>\n<p>Si fece occhio per il cieco, piede per lo zoppo, si \u00e8 fatto &#8220;tutto per tutti&#8221;, per citare una delle riflessioni della Lettera ai Corinzi che gli era cara.<\/p>\n<p>La gioia e l&#8217;allegria di don Pino erano contagiose come il suo senso della comunit\u00e0 cattolica.<\/p>\n<p>Fu responsabile per Palermo e poi per l&#8217;intera regione dei Centri Vocazionali e nei campi-scuola organizzati nell&#8217;ambito delle attivit\u00e0 di queste strutture i sacerdoti diocesani e i religiosi riuscivano a stare fianco a fianco. Gesuiti, francescani, passionisti&#8230;tutti &#8211; al di l\u00e0 delle esperienze precedenti e della diversa formazione &#8211; si ritrovavano nelle sue iniziative in una piena familiarit\u00e0 che purtroppo ancora oggi \u00e8 difficile creare all&#8217;interno della Chiesa, spesso cos\u00ec tanto divisa nei rapporti tra i vari Ordini e le parrocchie.<\/p>\n<p>Padre Puglisi amava la sua Chiesa, come una madre.<br \/>\nE infatti spiegava, con una battuta:<br \/>\n&#8220;<em>Noi possiamo, dobbiamo criticare la Chiesa quando sentiamo che non risponde alle nostre aspettative, perch\u00e9 \u00e8 giusto cercare di migliorarla. Ma va sempre criticata come una madre, non come una suocera<\/em>!&#8221;.<\/p>\n<\/div><\/section><\/div>\n","protected":false},"excerpt":{"rendered":"","protected":false},"author":1,"featured_media":4561,"parent":3328,"menu_order":2,"comment_status":"closed","ping_status":"closed","template":"","meta":{"footnotes":""},"categories":[3],"tags":[],"class_list":["post-3320","page","type-page","status-publish","has-post-thumbnail","hentry","category-biografia"],"yoast_head":"<!-- This site is optimized with the Yoast SEO plugin v27.0 - https:\/\/yoast.com\/product\/yoast-seo-wordpress\/ -->\n<title>3P e la Chiesa - Padre Pino Puglisi<\/title>\n<meta name=\"robots\" content=\"index, follow, max-snippet:-1, max-image-preview:large, max-video-preview:-1\" \/>\n<link rel=\"canonical\" href=\"https:\/\/padrepinopuglisi.chiesadipalermo.it\/it\/biografia\/profilo\/3p-e-la-chiesa\/\" \/>\n<meta property=\"og:locale\" content=\"it_IT\" \/>\n<meta property=\"og:type\" content=\"article\" \/>\n<meta property=\"og:title\" content=\"3P e la Chiesa - Padre Pino Puglisi\" \/>\n<meta property=\"og:url\" content=\"https:\/\/padrepinopuglisi.chiesadipalermo.it\/it\/biografia\/profilo\/3p-e-la-chiesa\/\" \/>\n<meta property=\"og:site_name\" content=\"Padre Pino Puglisi\" \/>\n<meta property=\"article:publisher\" content=\"https:\/\/www.facebook.com\/beatoPadrePinoPuglisi\/\" \/>\n<meta property=\"article:modified_time\" content=\"2018-07-06T20:35:09+00:00\" \/>\n<meta property=\"og:image\" content=\"https:\/\/padrepinopuglisi.chiesadipalermo.it\/it\/wp-content\/uploads\/3P02_altri\/3P02_0620.jpg\" \/>\n\t<meta property=\"og:image:width\" content=\"600\" \/>\n\t<meta property=\"og:image:height\" content=\"457\" \/>\n\t<meta property=\"og:image:type\" content=\"image\/jpeg\" \/>\n<meta name=\"twitter:card\" content=\"summary_large_image\" \/>\n<meta name=\"twitter:label1\" content=\"Tempo di lettura stimato\" \/>\n\t<meta name=\"twitter:data1\" content=\"3 minuti\" \/>\n<script type=\"application\/ld+json\" class=\"yoast-schema-graph\">{\"@context\":\"https:\/\/schema.org\",\"@graph\":[{\"@type\":\"WebPage\",\"@id\":\"https:\/\/padrepinopuglisi.chiesadipalermo.it\/it\/biografia\/profilo\/3p-e-la-chiesa\/\",\"url\":\"https:\/\/padrepinopuglisi.chiesadipalermo.it\/it\/biografia\/profilo\/3p-e-la-chiesa\/\",\"name\":\"3P e la Chiesa - Padre Pino Puglisi\",\"isPartOf\":{\"@id\":\"https:\/\/padrepinopuglisi.chiesadipalermo.it\/it\/#website\"},\"primaryImageOfPage\":{\"@id\":\"https:\/\/padrepinopuglisi.chiesadipalermo.it\/it\/biografia\/profilo\/3p-e-la-chiesa\/#primaryimage\"},\"image\":{\"@id\":\"https:\/\/padrepinopuglisi.chiesadipalermo.it\/it\/biografia\/profilo\/3p-e-la-chiesa\/#primaryimage\"},\"thumbnailUrl\":\"https:\/\/padrepinopuglisi.chiesadipalermo.it\/it\/wp-content\/uploads\/3P02_altri\/3P02_0620.jpg\",\"datePublished\":\"2017-09-15T05:30:37+00:00\",\"dateModified\":\"2018-07-06T20:35:09+00:00\",\"breadcrumb\":{\"@id\":\"https:\/\/padrepinopuglisi.chiesadipalermo.it\/it\/biografia\/profilo\/3p-e-la-chiesa\/#breadcrumb\"},\"inLanguage\":\"it-IT\",\"potentialAction\":[{\"@type\":\"ReadAction\",\"target\":[\"https:\/\/padrepinopuglisi.chiesadipalermo.it\/it\/biografia\/profilo\/3p-e-la-chiesa\/\"]}]},{\"@type\":\"ImageObject\",\"inLanguage\":\"it-IT\",\"@id\":\"https:\/\/padrepinopuglisi.chiesadipalermo.it\/it\/biografia\/profilo\/3p-e-la-chiesa\/#primaryimage\",\"url\":\"https:\/\/padrepinopuglisi.chiesadipalermo.it\/it\/wp-content\/uploads\/3P02_altri\/3P02_0620.jpg\",\"contentUrl\":\"https:\/\/padrepinopuglisi.chiesadipalermo.it\/it\/wp-content\/uploads\/3P02_altri\/3P02_0620.jpg\",\"width\":600,\"height\":457},{\"@type\":\"BreadcrumbList\",\"@id\":\"https:\/\/padrepinopuglisi.chiesadipalermo.it\/it\/biografia\/profilo\/3p-e-la-chiesa\/#breadcrumb\",\"itemListElement\":[{\"@type\":\"ListItem\",\"position\":1,\"name\":\"Home\",\"item\":\"https:\/\/padrepinopuglisi.chiesadipalermo.it\/it\/homepage\/\"},{\"@type\":\"ListItem\",\"position\":2,\"name\":\"Biografia\",\"item\":\"https:\/\/padrepinopuglisi.chiesadipalermo.it\/it\/biografia\/\"},{\"@type\":\"ListItem\",\"position\":3,\"name\":\"Profilo\",\"item\":\"https:\/\/padrepinopuglisi.chiesadipalermo.it\/it\/biografia\/profilo\/\"},{\"@type\":\"ListItem\",\"position\":4,\"name\":\"3P e la Chiesa\"}]},{\"@type\":\"WebSite\",\"@id\":\"https:\/\/padrepinopuglisi.chiesadipalermo.it\/it\/#website\",\"url\":\"https:\/\/padrepinopuglisi.chiesadipalermo.it\/it\/\",\"name\":\"Padre Pino Puglisi\",\"description\":\"Sito Ufficiale sul Beato don Giuseppe Puglisi dell&#039;Arcidiocesi di Palermo\",\"potentialAction\":[{\"@type\":\"SearchAction\",\"target\":{\"@type\":\"EntryPoint\",\"urlTemplate\":\"https:\/\/padrepinopuglisi.chiesadipalermo.it\/it\/?s={search_term_string}\"},\"query-input\":{\"@type\":\"PropertyValueSpecification\",\"valueRequired\":true,\"valueName\":\"search_term_string\"}}],\"inLanguage\":\"it-IT\"}]}<\/script>\n<!-- \/ Yoast SEO plugin. -->","yoast_head_json":{"title":"3P e la Chiesa - Padre Pino Puglisi","robots":{"index":"index","follow":"follow","max-snippet":"max-snippet:-1","max-image-preview":"max-image-preview:large","max-video-preview":"max-video-preview:-1"},"canonical":"https:\/\/padrepinopuglisi.chiesadipalermo.it\/it\/biografia\/profilo\/3p-e-la-chiesa\/","og_locale":"it_IT","og_type":"article","og_title":"3P e la Chiesa - Padre Pino Puglisi","og_url":"https:\/\/padrepinopuglisi.chiesadipalermo.it\/it\/biografia\/profilo\/3p-e-la-chiesa\/","og_site_name":"Padre Pino Puglisi","article_publisher":"https:\/\/www.facebook.com\/beatoPadrePinoPuglisi\/","article_modified_time":"2018-07-06T20:35:09+00:00","og_image":[{"width":600,"height":457,"url":"https:\/\/padrepinopuglisi.chiesadipalermo.it\/it\/wp-content\/uploads\/3P02_altri\/3P02_0620.jpg","type":"image\/jpeg"}],"twitter_card":"summary_large_image","twitter_misc":{"Tempo di lettura stimato":"3 minuti"},"schema":{"@context":"https:\/\/schema.org","@graph":[{"@type":"WebPage","@id":"https:\/\/padrepinopuglisi.chiesadipalermo.it\/it\/biografia\/profilo\/3p-e-la-chiesa\/","url":"https:\/\/padrepinopuglisi.chiesadipalermo.it\/it\/biografia\/profilo\/3p-e-la-chiesa\/","name":"3P e la Chiesa - Padre Pino Puglisi","isPartOf":{"@id":"https:\/\/padrepinopuglisi.chiesadipalermo.it\/it\/#website"},"primaryImageOfPage":{"@id":"https:\/\/padrepinopuglisi.chiesadipalermo.it\/it\/biografia\/profilo\/3p-e-la-chiesa\/#primaryimage"},"image":{"@id":"https:\/\/padrepinopuglisi.chiesadipalermo.it\/it\/biografia\/profilo\/3p-e-la-chiesa\/#primaryimage"},"thumbnailUrl":"https:\/\/padrepinopuglisi.chiesadipalermo.it\/it\/wp-content\/uploads\/3P02_altri\/3P02_0620.jpg","datePublished":"2017-09-15T05:30:37+00:00","dateModified":"2018-07-06T20:35:09+00:00","breadcrumb":{"@id":"https:\/\/padrepinopuglisi.chiesadipalermo.it\/it\/biografia\/profilo\/3p-e-la-chiesa\/#breadcrumb"},"inLanguage":"it-IT","potentialAction":[{"@type":"ReadAction","target":["https:\/\/padrepinopuglisi.chiesadipalermo.it\/it\/biografia\/profilo\/3p-e-la-chiesa\/"]}]},{"@type":"ImageObject","inLanguage":"it-IT","@id":"https:\/\/padrepinopuglisi.chiesadipalermo.it\/it\/biografia\/profilo\/3p-e-la-chiesa\/#primaryimage","url":"https:\/\/padrepinopuglisi.chiesadipalermo.it\/it\/wp-content\/uploads\/3P02_altri\/3P02_0620.jpg","contentUrl":"https:\/\/padrepinopuglisi.chiesadipalermo.it\/it\/wp-content\/uploads\/3P02_altri\/3P02_0620.jpg","width":600,"height":457},{"@type":"BreadcrumbList","@id":"https:\/\/padrepinopuglisi.chiesadipalermo.it\/it\/biografia\/profilo\/3p-e-la-chiesa\/#breadcrumb","itemListElement":[{"@type":"ListItem","position":1,"name":"Home","item":"https:\/\/padrepinopuglisi.chiesadipalermo.it\/it\/homepage\/"},{"@type":"ListItem","position":2,"name":"Biografia","item":"https:\/\/padrepinopuglisi.chiesadipalermo.it\/it\/biografia\/"},{"@type":"ListItem","position":3,"name":"Profilo","item":"https:\/\/padrepinopuglisi.chiesadipalermo.it\/it\/biografia\/profilo\/"},{"@type":"ListItem","position":4,"name":"3P e la Chiesa"}]},{"@type":"WebSite","@id":"https:\/\/padrepinopuglisi.chiesadipalermo.it\/it\/#website","url":"https:\/\/padrepinopuglisi.chiesadipalermo.it\/it\/","name":"Padre Pino Puglisi","description":"Sito Ufficiale sul Beato don Giuseppe Puglisi dell&#039;Arcidiocesi di Palermo","potentialAction":[{"@type":"SearchAction","target":{"@type":"EntryPoint","urlTemplate":"https:\/\/padrepinopuglisi.chiesadipalermo.it\/it\/?s={search_term_string}"},"query-input":{"@type":"PropertyValueSpecification","valueRequired":true,"valueName":"search_term_string"}}],"inLanguage":"it-IT"}]}},"_links":{"self":[{"href":"https:\/\/padrepinopuglisi.chiesadipalermo.it\/it\/wp-json\/wp\/v2\/pages\/3320","targetHints":{"allow":["GET"]}}],"collection":[{"href":"https:\/\/padrepinopuglisi.chiesadipalermo.it\/it\/wp-json\/wp\/v2\/pages"}],"about":[{"href":"https:\/\/padrepinopuglisi.chiesadipalermo.it\/it\/wp-json\/wp\/v2\/types\/page"}],"author":[{"embeddable":true,"href":"https:\/\/padrepinopuglisi.chiesadipalermo.it\/it\/wp-json\/wp\/v2\/users\/1"}],"replies":[{"embeddable":true,"href":"https:\/\/padrepinopuglisi.chiesadipalermo.it\/it\/wp-json\/wp\/v2\/comments?post=3320"}],"version-history":[{"count":0,"href":"https:\/\/padrepinopuglisi.chiesadipalermo.it\/it\/wp-json\/wp\/v2\/pages\/3320\/revisions"}],"up":[{"embeddable":true,"href":"https:\/\/padrepinopuglisi.chiesadipalermo.it\/it\/wp-json\/wp\/v2\/pages\/3328"}],"wp:featuredmedia":[{"embeddable":true,"href":"https:\/\/padrepinopuglisi.chiesadipalermo.it\/it\/wp-json\/wp\/v2\/media\/4561"}],"wp:attachment":[{"href":"https:\/\/padrepinopuglisi.chiesadipalermo.it\/it\/wp-json\/wp\/v2\/media?parent=3320"}],"wp:term":[{"taxonomy":"category","embeddable":true,"href":"https:\/\/padrepinopuglisi.chiesadipalermo.it\/it\/wp-json\/wp\/v2\/categories?post=3320"},{"taxonomy":"post_tag","embeddable":true,"href":"https:\/\/padrepinopuglisi.chiesadipalermo.it\/it\/wp-json\/wp\/v2\/tags?post=3320"}],"curies":[{"name":"wp","href":"https:\/\/api.w.org\/{rel}","templated":true}]}}