{"id":3316,"date":"2017-09-15T10:00:54","date_gmt":"2017-09-15T08:00:54","guid":{"rendered":"https:\/\/padrepinopuglisi.chiesadipalermo.it\/it\/93\/?page_id=3316"},"modified":"2018-07-31T13:09:06","modified_gmt":"2018-07-31T11:09:06","slug":"le-tappe-della-vita","status":"publish","type":"page","link":"https:\/\/padrepinopuglisi.chiesadipalermo.it\/it\/biografia\/le-tappe-della-vita\/","title":{"rendered":"Le tappe della vita"},"content":{"rendered":"\n<style type=\"text\/css\" data-created_by=\"avia_inline_auto\" id=\"style-css-av-av_heading-e7b0b7c484709d1b6925b66622d4d6c0\">\n#top .av-special-heading.av-av_heading-e7b0b7c484709d1b6925b66622d4d6c0{\npadding-bottom:10px;\ncolor:#990000;\n}\nbody .av-special-heading.av-av_heading-e7b0b7c484709d1b6925b66622d4d6c0 .av-special-heading-tag .heading-char{\nfont-size:25px;\n}\n.av-special-heading.av-av_heading-e7b0b7c484709d1b6925b66622d4d6c0 .special-heading-inner-border{\nborder-color:#990000;\n}\n.av-special-heading.av-av_heading-e7b0b7c484709d1b6925b66622d4d6c0 .av-subheading{\nfont-size:15px;\n}\n<\/style>\n<div  class='av-special-heading av-av_heading-e7b0b7c484709d1b6925b66622d4d6c0 av-special-heading-h3 custom-color-heading blockquote modern-quote modern-centered  avia-builder-el-0  el_before_av_hr  avia-builder-el-first '><h3 class='av-special-heading-tag '  itemprop=\"headline\"  >Le tappe della vita<\/h3><div class=\"special-heading-border\"><div class=\"special-heading-inner-border\"><\/div><\/div><\/div>\n\n<style type=\"text\/css\" data-created_by=\"avia_inline_auto\" id=\"style-css-av-1zxvl0-9bb6dfe7739a4eea18f125f68fe866ed\">\n#top .hr.hr-invisible.av-1zxvl0-9bb6dfe7739a4eea18f125f68fe866ed{\nheight:50px;\n}\n<\/style>\n<div  class='hr av-1zxvl0-9bb6dfe7739a4eea18f125f68fe866ed hr-invisible  avia-builder-el-1  el_after_av_heading  el_before_av_one_full '><span class='hr-inner '><span class=\"hr-inner-style\"><\/span><\/span><\/div>\n\n<style type=\"text\/css\" data-created_by=\"avia_inline_auto\" id=\"style-css-av-3qrbmc-7b6e8f058d8a148e8751c004d499f54c\">\n.flex_column.av-3qrbmc-7b6e8f058d8a148e8751c004d499f54c{\nborder-radius:0px 0px 0px 0px;\npadding:0px 0px 0px 0px;\n}\n<\/style>\n<div  class='flex_column av-3qrbmc-7b6e8f058d8a148e8751c004d499f54c av_one_full  avia-builder-el-2  el_after_av_hr  avia-builder-el-last  first flex_column_div av-zero-column-padding  '     ><section  class='av_textblock_section av-2vvcr8-9563bb8b5b98cf09daed03faeb34743a '   itemscope=\"itemscope\" itemtype=\"https:\/\/schema.org\/CreativeWork\" ><div class='avia_textblock'  itemprop=\"text\" ><p><img decoding=\"async\" class=\"alignleft size-medium wp-image-4634 lazyload\" src=\"data:image\/gif;base64,R0lGODlhAQABAIAAAAAAAP\/\/\/yH5BAEAAAAALAAAAAABAAEAAAIBRAA7\" data-src=\"https:\/\/padrepinopuglisi.chiesadipalermo.it\/it\/wp-content\/uploads\/3P02_altri\/3P02_0701_seminarista_con_i_genitori-300x166.jpg\" alt=\"\" width=\"300\" height=\"166\" \/><noscript><img decoding=\"async\" class=\"alignleft size-medium wp-image-4634 lazyload\" src=\"https:\/\/padrepinopuglisi.chiesadipalermo.it\/it\/wp-content\/uploads\/3P02_altri\/3P02_0701_seminarista_con_i_genitori-300x166.jpg\" alt=\"\" width=\"300\" height=\"166\" srcset=\"https:\/\/padrepinopuglisi.chiesadipalermo.it\/it\/wp-content\/uploads\/3P02_altri\/3P02_0701_seminarista_con_i_genitori-300x166.jpg 300w, https:\/\/padrepinopuglisi.chiesadipalermo.it\/it\/wp-content\/uploads\/3P02_altri\/3P02_0701_seminarista_con_i_genitori-450x248.jpg 450w, https:\/\/padrepinopuglisi.chiesadipalermo.it\/it\/wp-content\/uploads\/3P02_altri\/3P02_0701_seminarista_con_i_genitori.jpg 600w\" sizes=\"(max-width: 300px) 100vw, 300px\" \/><\/noscript>Don Giuseppe Puglisi nasce nella borgata palermitana di Brancaccio, cortile Faraone numero 8, il 15 settembre 1937, figlio di un calzolaio, Carmelo, e di una sarta, Giuseppa Fana, e viene ucciso dalla mafia nella stessa borgata il 15 settembre 1993, giorno del suo 56\u00b0 compleanno.<\/p>\n<p>Entra nel seminario diocesano di Palermo nel 1953 e viene ordinato sacerdote dal cardinale Ernesto Ruffini il 2 luglio 1960 nella chiesa-santuario della Madonna dei Rimedi. Nel 1961 viene nominato vicario cooperatore presso la parrocchia del SS.mo Salvatore nella borgata di Settecannoli, limitrofa a Brancaccio, e dal 27 novembre 1964 opera anche nella vicina chiesa di San Giovanni dei Lebbrosi a Romagnolo.<\/p>\n<p>Dal 1962 \u00e8 anche confessore delle suore basiliane Figlie di Santa Macrina nell&#8217;omonimo istituto.<br \/>\nInizia anche l&#8217;insegnamento: al professionale Einaudi (1962-63 e 64-66) alla media Archimede (63-64 e 66-72), alla media di Villafrati (70-75) e alla sezione staccata di Godrano (75-77), al magistrale Santa Macrina (76-79) e infine al liceo classico Vittorio Emanuele II (78-93).<\/p>\n<p>Nel 1967 \u00e8 nominato cappellano presso l&#8217;istituto per orfani &#8220;Roosevelt&#8221; all&#8217;Addaura e vicario presso la parrocchia Maria Santissima Assunta a Valdesi.<br \/>\nNel 1969 \u00e8 nominato vicerettore del seminario arcivescovile minore. Nel settembre di quell&#8217;anno partecipa a una missione nel paese di Montevago, colpito dal terremoto.<\/p>\n<p><img decoding=\"async\" class=\"alignleft size-medium wp-image-4617 lazyload\" src=\"data:image\/gif;base64,R0lGODlhAQABAIAAAAAAAP\/\/\/yH5BAEAAAAALAAAAAABAAEAAAIBRAA7\" data-src=\"https:\/\/padrepinopuglisi.chiesadipalermo.it\/it\/wp-content\/uploads\/3P02_altri\/3P02_0680-300x198.png\" alt=\"\" width=\"300\" height=\"198\" \/><noscript><img decoding=\"async\" class=\"alignleft size-medium wp-image-4617 lazyload\" src=\"https:\/\/padrepinopuglisi.chiesadipalermo.it\/it\/wp-content\/uploads\/3P02_altri\/3P02_0680-300x198.png\" alt=\"\" width=\"300\" height=\"198\" srcset=\"https:\/\/padrepinopuglisi.chiesadipalermo.it\/it\/wp-content\/uploads\/3P02_altri\/3P02_0680-300x198.png 300w, https:\/\/padrepinopuglisi.chiesadipalermo.it\/it\/wp-content\/uploads\/3P02_altri\/3P02_0680-450x297.png 450w, https:\/\/padrepinopuglisi.chiesadipalermo.it\/it\/wp-content\/uploads\/3P02_altri\/3P02_0680.png 600w\" sizes=\"(max-width: 300px) 100vw, 300px\" \/><\/noscript>Sin da questi primi anni segue in particolare modo i giovani e si interessa delle problematiche sociali dei quartieri pi\u00f9 emarginati della citt\u00e0.<br \/>\nSegue con attenzione i lavori del Concilio Vaticano II e ne diffonde subito i documenti tra i fedeli, con speciale riguardo al rinnovamento della liturgia, al ruolo dei laici, ai valori dell&#8217;ecumenismo e delle chiese locali. Il suo desiderio fu sempre quello di incarnare l&#8217;annunzio di Gesu&#8217; Cristo nel territorio, assumendone quindi tutti i problemi per farli propri della comunit\u00e0 cristiana.<\/p>\n<p>Il primo ottobre 1970 viene nominato parroco di Godrano, un piccolo paese in provincia di Palermo &#8211; segnato da una sanguinosa faida &#8211; dove rimane fino al 31 luglio 1978, riuscendo a riconciliare le famiglie dilaniate dalla violenza con la forza del perdono.<br \/>\nIn questo periodo unisce le forze anche con Lia Cerrito e altri volontari del movimento Crociata del Vangelo (dal 1987 Presenza del Vangelo), fondato dal frate minore siciliano Placido Rivilli.<\/p>\n<p>In questi anni segue pure le battaglie sociali di un&#8217;altra zona degradata della periferia orientale della citt\u00e0, lo &#8220;Scaricatore&#8221;, in collaborazione con il centro della zona dei Decollati gestito dalle Assistenti sociali missionarie, tra cui Agostina Ajello.<\/p>\n<p>Il 9 agosto 1978 \u00e8 nominato pro-rettore del seminario minore di Palermo e il 24 novembre dell&#8217;anno seguente \u00e8 scelto dall&#8217;arcivescovo Salvatore Pappalardo come direttore del Centro diocesano vocazioni. Il 24 ottobre 1980 \u00e8 nominato vice delegato regionale del Centro vocazioni e dal 5 febbraio 1986 \u00e8 direttore del Centro regionale vocazioni e membro del Consiglio nazionale.<br \/>\nAgli studenti e ai giovani del Centro diocesano vocazioni ha dedicato con passione lunghi anni realizzando, attraverso una serie di &#8220;campi scuola&#8221;, un percorso formativo esemplare dal punto di vista pedagogico e cristiano.<\/p>\n<p><img decoding=\"async\" class=\"alignleft size-medium wp-image-4471 lazyload\" src=\"data:image\/gif;base64,R0lGODlhAQABAIAAAAAAAP\/\/\/yH5BAEAAAAALAAAAAABAAEAAAIBRAA7\" data-src=\"https:\/\/padrepinopuglisi.chiesadipalermo.it\/it\/wp-content\/uploads\/3P02_altri\/3P02_0527-300x237.jpg\" alt=\"\" width=\"300\" height=\"237\" \/><noscript><img decoding=\"async\" class=\"alignleft size-medium wp-image-4471 lazyload\" src=\"https:\/\/padrepinopuglisi.chiesadipalermo.it\/it\/wp-content\/uploads\/3P02_altri\/3P02_0527-300x237.jpg\" alt=\"\" width=\"300\" height=\"237\" srcset=\"https:\/\/padrepinopuglisi.chiesadipalermo.it\/it\/wp-content\/uploads\/3P02_altri\/3P02_0527-300x237.jpg 300w, https:\/\/padrepinopuglisi.chiesadipalermo.it\/it\/wp-content\/uploads\/3P02_altri\/3P02_0527-450x356.jpg 450w, https:\/\/padrepinopuglisi.chiesadipalermo.it\/it\/wp-content\/uploads\/3P02_altri\/3P02_0527.jpg 600w\" sizes=\"(max-width: 300px) 100vw, 300px\" \/><\/noscript>A Palermo e in Sicilia \u00e8 stato tra gli animatori di numerosi movimenti tra cui: Presenza del Vangelo, Azione cattolica, Fuci, Equipes Notre Dame, Camminare insieme. Dal maggio del 1990 svolge il suo ministero sacerdotale anche presso la &#8220;Casa Madonna dell&#8217;Accoglienza&#8221; a Boccadifalco, dell&#8217;Opera pia Cardinale Ruffini, in favore di giovani donne e ragazze-madri in difficolt\u00e0.<\/p>\n<p>Il 29 settembre 1990 viene nominato parroco a San Gaetano, a Brancaccio, e dall&#8217;ottobre del 1992 assume anche l&#8217;incarico di direttore spirituale del corso propedeutico presso il seminario arcivescovile di Palermo. Il 29 gennaio 1993 inaugura a Brancaccio il centro &#8220;Padre Nostro&#8221;, che diventa il punto di riferimento per i giovani e le famiglie del quartiere.<\/p>\n<p>In questo periodo viene aiutato anche da un gruppo di suore, tra cui suor Carolina Iavazzo, e dal viceparroco, Gregorio Porcaro. Collabora con i laici della zona dell&#8217;Associazione Intercondominiale per rivendicare i diritti civili della borgata, denunciando collusioni e malaffari e subendo minacce e intimidazioni.<\/p>\n<p><img decoding=\"async\" class=\"size-medium wp-image-4400 alignright lazyload\" src=\"data:image\/gif;base64,R0lGODlhAQABAIAAAAAAAP\/\/\/yH5BAEAAAAALAAAAAABAAEAAAIBRAA7\" data-src=\"https:\/\/padrepinopuglisi.chiesadipalermo.it\/it\/wp-content\/uploads\/3P01_solo\/3P01_0017-300x189.jpg\" alt=\"\" width=\"300\" height=\"189\" \/><noscript><img decoding=\"async\" class=\"size-medium wp-image-4400 alignright lazyload\" src=\"https:\/\/padrepinopuglisi.chiesadipalermo.it\/it\/wp-content\/uploads\/3P01_solo\/3P01_0017-300x189.jpg\" alt=\"\" width=\"300\" height=\"189\" srcset=\"https:\/\/padrepinopuglisi.chiesadipalermo.it\/it\/wp-content\/uploads\/3P01_solo\/3P01_0017-300x189.jpg 300w, https:\/\/padrepinopuglisi.chiesadipalermo.it\/it\/wp-content\/uploads\/3P01_solo\/3P01_0017.jpg 600w, https:\/\/padrepinopuglisi.chiesadipalermo.it\/it\/wp-content\/uploads\/3P01_solo\/3P01_0017-450x284.jpg 450w\" sizes=\"(max-width: 300px) 100vw, 300px\" \/><\/noscript>Viene ucciso sotto casa, in piazzale Anita Garibaldi 5, il giorno del compleanno, 15 settembre 1993.<\/p>\n<p>La salma \u00e8 tumulata presso il cimitero di Sant&#8217;Orsola, nella cappella di Sant&#8217;Euno, di propriet\u00e0 dell&#8217;omonima confraternita laicale. Ad aprile 2013 la salma \u00e8 stata poi traslata nella cattedrale di Palermo.<\/p>\n<p>La sua attivit\u00e0 pastorale &#8211; come \u00e8 stato ricostruito anche dalle inchieste giudiziarie &#8211; ha costituito il movente dell&#8217;omicidio, i cui esecutori e mandanti mafiosi sono stati arrestati e condannati con sentenze definitive.<br \/>\nPer questo gi\u00e0 subito dopo il delitto numerose voci si sono levate per chiedere il riconoscimento del martirio.<\/p>\n<p>Nel ricordo del suo impegno, innumerevoli sono le scuole, i centri sociali, le strutture sportive, le strade e le piazze a lui intitolate a Palermo, in tutta la Sicilia, in Italia.<br \/>\nCommemorazioni e iniziative si sono tenute anche all&#8217;estero, dagli Stati Uniti al Congo, all&#8217;Australia.<br \/>\nA partire dal 1994 il 15 settembre, anniversario della sua morte, segna l&#8217;apertura dell&#8217;anno pastorale della diocesi di Palermo.<\/p>\n<p>Nel dicembre \u201998, a cinque anni dal delitto, il Cardinale Salvatore De Giorgi ha insediato il Tribunale ecclesiastico diocesano per il riconoscimento del martirio.<br \/>\nL&#8217;indagine \u00e8 stata conclusa a livello diocesano nel maggio 2001 e l&#8217;incartamento \u00e8 stato inviato presso la Congregazione per le Cause dei Santi in Vaticano.<br \/>\nNell&#8217;agosto 2010 il Cardinale Paolo Romeo ha nominato il nuovo postulatore, mons. Vincenzo Bertolone.<\/p>\n<p><strong><img decoding=\"async\" class=\"size-medium wp-image-4444 alignright lazyload\" src=\"data:image\/gif;base64,R0lGODlhAQABAIAAAAAAAP\/\/\/yH5BAEAAAAALAAAAAABAAEAAAIBRAA7\" data-src=\"https:\/\/padrepinopuglisi.chiesadipalermo.it\/it\/wp-content\/uploads\/3P01_solo\/3P01_0060-189x300.png\" alt=\"\" width=\"189\" height=\"300\" \/><noscript><img decoding=\"async\" class=\"size-medium wp-image-4444 alignright lazyload\" src=\"https:\/\/padrepinopuglisi.chiesadipalermo.it\/it\/wp-content\/uploads\/3P01_solo\/3P01_0060-189x300.png\" alt=\"\" width=\"189\" height=\"300\" srcset=\"https:\/\/padrepinopuglisi.chiesadipalermo.it\/it\/wp-content\/uploads\/3P01_solo\/3P01_0060-189x300.png 189w, https:\/\/padrepinopuglisi.chiesadipalermo.it\/it\/wp-content\/uploads\/3P01_solo\/3P01_0060.png 377w\" sizes=\"(max-width: 189px) 100vw, 189px\" \/><\/noscript>A giugno del 2012 la Congregazione ha dato l&#8217;assenso finale alla promulgazione del decreto per il riconoscimento del martirio di don Puglisi.<br \/>\nIl 25 maggio 2013 la beatificazione al &#8220;Foro Italico Umberto I&#8221; di Palermo.<\/strong><\/p>\n<p>Un &#8220;Archivio Puglisi&#8221; di scritti editi ed inediti, registrazioni, testimonianze e articoli si \u00e8 costituito presso il Centro diocesano vocazioni in via Matteo Bonello a Palermo (archiviogiuseppepuglisi@diocesipa.it).<\/p>\n<p>La sua vita e la sua morte sono state testimonianze della sua fedelt\u00e0 all&#8217;unico Signore e hanno disvelato la malvagit\u00e0 e l&#8217;assoluta incompatibilit\u00e0 della mafia con il messaggio evangelico.<\/p>\n<p>&#8220;<em>Il credente che abbia preso in seria considerazione la propria vocazione cristiana,<br \/>\nper la quale il martirio \u00e8 una possibilit\u00e0 annunciata gi\u00e0 nella rivelazione<br \/>\nnon pu\u00f2 escludere questa prospettiva dal proprio orizzonte di vita.<br \/>\nI 2000 anni dalla nascita di Cristo sono segnati dalla persistente testimonianza dei martiri<\/em>&#8221;<br \/>\n(Giovanni Paolo II, <a href=\"http:\/\/www.vatican.va\/jubilee_2000\/docs\/documents\/hf_jp-ii_doc_30111998_bolla-jubilee_it.html\" target=\"_blank\" rel=\"noopener\">Incarnationis Mysterium, n.13<\/a>)<\/p>\n<\/div><\/section><\/div>\n","protected":false},"excerpt":{"rendered":"","protected":false},"author":1,"featured_media":5822,"parent":3331,"menu_order":1,"comment_status":"closed","ping_status":"closed","template":"","meta":{"footnotes":""},"categories":[3],"tags":[],"class_list":["post-3316","page","type-page","status-publish","has-post-thumbnail","hentry","category-biografia"],"yoast_head":"<!-- This site is optimized with the Yoast SEO plugin v27.0 - https:\/\/yoast.com\/product\/yoast-seo-wordpress\/ -->\n<title>Le tappe della vita - Padre Pino Puglisi<\/title>\n<meta name=\"robots\" content=\"index, follow, max-snippet:-1, max-image-preview:large, max-video-preview:-1\" \/>\n<link rel=\"canonical\" href=\"https:\/\/padrepinopuglisi.chiesadipalermo.it\/it\/biografia\/le-tappe-della-vita\/\" \/>\n<meta property=\"og:locale\" content=\"it_IT\" \/>\n<meta property=\"og:type\" content=\"article\" \/>\n<meta property=\"og:title\" content=\"Le tappe della vita - Padre Pino Puglisi\" \/>\n<meta property=\"og:url\" content=\"https:\/\/padrepinopuglisi.chiesadipalermo.it\/it\/biografia\/le-tappe-della-vita\/\" \/>\n<meta property=\"og:site_name\" content=\"Padre Pino Puglisi\" \/>\n<meta property=\"article:publisher\" content=\"https:\/\/www.facebook.com\/beatoPadrePinoPuglisi\/\" \/>\n<meta property=\"article:modified_time\" content=\"2018-07-31T11:09:06+00:00\" \/>\n<meta property=\"og:image\" content=\"https:\/\/padrepinopuglisi.chiesadipalermo.it\/it\/wp-content\/uploads\/3P01_solo\/3P01_0060_R.jpg\" \/>\n\t<meta property=\"og:image:width\" content=\"250\" \/>\n\t<meta property=\"og:image:height\" content=\"250\" \/>\n\t<meta property=\"og:image:type\" content=\"image\/jpeg\" \/>\n<meta name=\"twitter:card\" content=\"summary_large_image\" \/>\n<meta name=\"twitter:label1\" content=\"Tempo di lettura stimato\" \/>\n\t<meta name=\"twitter:data1\" content=\"6 minuti\" \/>\n<script type=\"application\/ld+json\" class=\"yoast-schema-graph\">{\"@context\":\"https:\/\/schema.org\",\"@graph\":[{\"@type\":\"WebPage\",\"@id\":\"https:\/\/padrepinopuglisi.chiesadipalermo.it\/it\/biografia\/le-tappe-della-vita\/\",\"url\":\"https:\/\/padrepinopuglisi.chiesadipalermo.it\/it\/biografia\/le-tappe-della-vita\/\",\"name\":\"Le tappe della vita - Padre Pino Puglisi\",\"isPartOf\":{\"@id\":\"https:\/\/padrepinopuglisi.chiesadipalermo.it\/it\/#website\"},\"primaryImageOfPage\":{\"@id\":\"https:\/\/padrepinopuglisi.chiesadipalermo.it\/it\/biografia\/le-tappe-della-vita\/#primaryimage\"},\"image\":{\"@id\":\"https:\/\/padrepinopuglisi.chiesadipalermo.it\/it\/biografia\/le-tappe-della-vita\/#primaryimage\"},\"thumbnailUrl\":\"https:\/\/padrepinopuglisi.chiesadipalermo.it\/it\/wp-content\/uploads\/3P01_solo\/3P01_0060_R.jpg\",\"datePublished\":\"2017-09-15T08:00:54+00:00\",\"dateModified\":\"2018-07-31T11:09:06+00:00\",\"breadcrumb\":{\"@id\":\"https:\/\/padrepinopuglisi.chiesadipalermo.it\/it\/biografia\/le-tappe-della-vita\/#breadcrumb\"},\"inLanguage\":\"it-IT\",\"potentialAction\":[{\"@type\":\"ReadAction\",\"target\":[\"https:\/\/padrepinopuglisi.chiesadipalermo.it\/it\/biografia\/le-tappe-della-vita\/\"]}]},{\"@type\":\"ImageObject\",\"inLanguage\":\"it-IT\",\"@id\":\"https:\/\/padrepinopuglisi.chiesadipalermo.it\/it\/biografia\/le-tappe-della-vita\/#primaryimage\",\"url\":\"https:\/\/padrepinopuglisi.chiesadipalermo.it\/it\/wp-content\/uploads\/3P01_solo\/3P01_0060_R.jpg\",\"contentUrl\":\"https:\/\/padrepinopuglisi.chiesadipalermo.it\/it\/wp-content\/uploads\/3P01_solo\/3P01_0060_R.jpg\",\"width\":250,\"height\":250},{\"@type\":\"BreadcrumbList\",\"@id\":\"https:\/\/padrepinopuglisi.chiesadipalermo.it\/it\/biografia\/le-tappe-della-vita\/#breadcrumb\",\"itemListElement\":[{\"@type\":\"ListItem\",\"position\":1,\"name\":\"Home\",\"item\":\"https:\/\/padrepinopuglisi.chiesadipalermo.it\/it\/homepage\/\"},{\"@type\":\"ListItem\",\"position\":2,\"name\":\"Biografia\",\"item\":\"https:\/\/padrepinopuglisi.chiesadipalermo.it\/it\/biografia\/\"},{\"@type\":\"ListItem\",\"position\":3,\"name\":\"Le tappe della vita\"}]},{\"@type\":\"WebSite\",\"@id\":\"https:\/\/padrepinopuglisi.chiesadipalermo.it\/it\/#website\",\"url\":\"https:\/\/padrepinopuglisi.chiesadipalermo.it\/it\/\",\"name\":\"Padre Pino Puglisi\",\"description\":\"Sito Ufficiale sul Beato don Giuseppe Puglisi dell&#039;Arcidiocesi di Palermo\",\"potentialAction\":[{\"@type\":\"SearchAction\",\"target\":{\"@type\":\"EntryPoint\",\"urlTemplate\":\"https:\/\/padrepinopuglisi.chiesadipalermo.it\/it\/?s={search_term_string}\"},\"query-input\":{\"@type\":\"PropertyValueSpecification\",\"valueRequired\":true,\"valueName\":\"search_term_string\"}}],\"inLanguage\":\"it-IT\"}]}<\/script>\n<!-- \/ Yoast SEO plugin. -->","yoast_head_json":{"title":"Le tappe della vita - Padre Pino Puglisi","robots":{"index":"index","follow":"follow","max-snippet":"max-snippet:-1","max-image-preview":"max-image-preview:large","max-video-preview":"max-video-preview:-1"},"canonical":"https:\/\/padrepinopuglisi.chiesadipalermo.it\/it\/biografia\/le-tappe-della-vita\/","og_locale":"it_IT","og_type":"article","og_title":"Le tappe della vita - Padre Pino Puglisi","og_url":"https:\/\/padrepinopuglisi.chiesadipalermo.it\/it\/biografia\/le-tappe-della-vita\/","og_site_name":"Padre Pino Puglisi","article_publisher":"https:\/\/www.facebook.com\/beatoPadrePinoPuglisi\/","article_modified_time":"2018-07-31T11:09:06+00:00","og_image":[{"width":250,"height":250,"url":"https:\/\/padrepinopuglisi.chiesadipalermo.it\/it\/wp-content\/uploads\/3P01_solo\/3P01_0060_R.jpg","type":"image\/jpeg"}],"twitter_card":"summary_large_image","twitter_misc":{"Tempo di lettura stimato":"6 minuti"},"schema":{"@context":"https:\/\/schema.org","@graph":[{"@type":"WebPage","@id":"https:\/\/padrepinopuglisi.chiesadipalermo.it\/it\/biografia\/le-tappe-della-vita\/","url":"https:\/\/padrepinopuglisi.chiesadipalermo.it\/it\/biografia\/le-tappe-della-vita\/","name":"Le tappe della vita - Padre Pino Puglisi","isPartOf":{"@id":"https:\/\/padrepinopuglisi.chiesadipalermo.it\/it\/#website"},"primaryImageOfPage":{"@id":"https:\/\/padrepinopuglisi.chiesadipalermo.it\/it\/biografia\/le-tappe-della-vita\/#primaryimage"},"image":{"@id":"https:\/\/padrepinopuglisi.chiesadipalermo.it\/it\/biografia\/le-tappe-della-vita\/#primaryimage"},"thumbnailUrl":"https:\/\/padrepinopuglisi.chiesadipalermo.it\/it\/wp-content\/uploads\/3P01_solo\/3P01_0060_R.jpg","datePublished":"2017-09-15T08:00:54+00:00","dateModified":"2018-07-31T11:09:06+00:00","breadcrumb":{"@id":"https:\/\/padrepinopuglisi.chiesadipalermo.it\/it\/biografia\/le-tappe-della-vita\/#breadcrumb"},"inLanguage":"it-IT","potentialAction":[{"@type":"ReadAction","target":["https:\/\/padrepinopuglisi.chiesadipalermo.it\/it\/biografia\/le-tappe-della-vita\/"]}]},{"@type":"ImageObject","inLanguage":"it-IT","@id":"https:\/\/padrepinopuglisi.chiesadipalermo.it\/it\/biografia\/le-tappe-della-vita\/#primaryimage","url":"https:\/\/padrepinopuglisi.chiesadipalermo.it\/it\/wp-content\/uploads\/3P01_solo\/3P01_0060_R.jpg","contentUrl":"https:\/\/padrepinopuglisi.chiesadipalermo.it\/it\/wp-content\/uploads\/3P01_solo\/3P01_0060_R.jpg","width":250,"height":250},{"@type":"BreadcrumbList","@id":"https:\/\/padrepinopuglisi.chiesadipalermo.it\/it\/biografia\/le-tappe-della-vita\/#breadcrumb","itemListElement":[{"@type":"ListItem","position":1,"name":"Home","item":"https:\/\/padrepinopuglisi.chiesadipalermo.it\/it\/homepage\/"},{"@type":"ListItem","position":2,"name":"Biografia","item":"https:\/\/padrepinopuglisi.chiesadipalermo.it\/it\/biografia\/"},{"@type":"ListItem","position":3,"name":"Le tappe della vita"}]},{"@type":"WebSite","@id":"https:\/\/padrepinopuglisi.chiesadipalermo.it\/it\/#website","url":"https:\/\/padrepinopuglisi.chiesadipalermo.it\/it\/","name":"Padre Pino Puglisi","description":"Sito Ufficiale sul Beato don Giuseppe Puglisi dell&#039;Arcidiocesi di Palermo","potentialAction":[{"@type":"SearchAction","target":{"@type":"EntryPoint","urlTemplate":"https:\/\/padrepinopuglisi.chiesadipalermo.it\/it\/?s={search_term_string}"},"query-input":{"@type":"PropertyValueSpecification","valueRequired":true,"valueName":"search_term_string"}}],"inLanguage":"it-IT"}]}},"_links":{"self":[{"href":"https:\/\/padrepinopuglisi.chiesadipalermo.it\/it\/wp-json\/wp\/v2\/pages\/3316","targetHints":{"allow":["GET"]}}],"collection":[{"href":"https:\/\/padrepinopuglisi.chiesadipalermo.it\/it\/wp-json\/wp\/v2\/pages"}],"about":[{"href":"https:\/\/padrepinopuglisi.chiesadipalermo.it\/it\/wp-json\/wp\/v2\/types\/page"}],"author":[{"embeddable":true,"href":"https:\/\/padrepinopuglisi.chiesadipalermo.it\/it\/wp-json\/wp\/v2\/users\/1"}],"replies":[{"embeddable":true,"href":"https:\/\/padrepinopuglisi.chiesadipalermo.it\/it\/wp-json\/wp\/v2\/comments?post=3316"}],"version-history":[{"count":0,"href":"https:\/\/padrepinopuglisi.chiesadipalermo.it\/it\/wp-json\/wp\/v2\/pages\/3316\/revisions"}],"up":[{"embeddable":true,"href":"https:\/\/padrepinopuglisi.chiesadipalermo.it\/it\/wp-json\/wp\/v2\/pages\/3331"}],"wp:featuredmedia":[{"embeddable":true,"href":"https:\/\/padrepinopuglisi.chiesadipalermo.it\/it\/wp-json\/wp\/v2\/media\/5822"}],"wp:attachment":[{"href":"https:\/\/padrepinopuglisi.chiesadipalermo.it\/it\/wp-json\/wp\/v2\/media?parent=3316"}],"wp:term":[{"taxonomy":"category","embeddable":true,"href":"https:\/\/padrepinopuglisi.chiesadipalermo.it\/it\/wp-json\/wp\/v2\/categories?post=3316"},{"taxonomy":"post_tag","embeddable":true,"href":"https:\/\/padrepinopuglisi.chiesadipalermo.it\/it\/wp-json\/wp\/v2\/tags?post=3316"}],"curies":[{"name":"wp","href":"https:\/\/api.w.org\/{rel}","templated":true}]}}