{"id":691,"date":"2018-07-12T17:05:01","date_gmt":"2018-07-12T15:05:01","guid":{"rendered":"https:\/\/padrepinopuglisi.chiesadipalermo.it\/fr\/?page_id=691"},"modified":"2018-07-12T17:21:41","modified_gmt":"2018-07-12T15:21:41","slug":"profil","status":"publish","type":"page","link":"https:\/\/padrepinopuglisi.chiesadipalermo.it\/fr\/profil\/","title":{"rendered":"Profil"},"content":{"rendered":"<section  class='av_textblock_section av-jjions0q-77079b574491142b5e6c9edd1f65f114 '   itemscope=\"itemscope\" itemtype=\"https:\/\/schema.org\/CreativeWork\" ><div class='avia_textblock'  itemprop=\"text\" ><h3 style=\"text-align: center;\"><span style=\"color: #990000;\"><strong>Profil de 3P<\/strong><\/span><\/h3>\n<p><img loading=\"lazy\" decoding=\"async\" class=\"alignleft wp-image-38\" src=\"https:\/\/padrepinopuglisi.chiesadipalermo.it\/fr\/wp-content\/uploads\/2018\/03\/3P_IMG_0211-300x261.png\" alt=\"\" width=\"120\" height=\"104\" srcset=\"https:\/\/padrepinopuglisi.chiesadipalermo.it\/fr\/wp-content\/uploads\/2018\/03\/3P_IMG_0211-300x261.png 300w, https:\/\/padrepinopuglisi.chiesadipalermo.it\/fr\/wp-content\/uploads\/2018\/03\/3P_IMG_0211-24x21.png 24w, https:\/\/padrepinopuglisi.chiesadipalermo.it\/fr\/wp-content\/uploads\/2018\/03\/3P_IMG_0211-36x31.png 36w, https:\/\/padrepinopuglisi.chiesadipalermo.it\/fr\/wp-content\/uploads\/2018\/03\/3P_IMG_0211-48x42.png 48w, https:\/\/padrepinopuglisi.chiesadipalermo.it\/fr\/wp-content\/uploads\/2018\/03\/3P_IMG_0211.png 600w\" sizes=\"auto, (max-width: 120px) 100vw, 120px\" \/>Qui \u00e9tait le P\u00e8re Pino Puglisi?<br \/>\nQuel rapport avait &#8211; il avec l\u2019Eglise et comment vivait &#8211; il \u00e0 son int\u00e9rieur?<br \/>\nQuel \u00e9tait son style, sa m\u00e9thode, quelles \u00e9taient ses priorit\u00e9s?<br \/>\nComment a-t-il interpr\u00e9t\u00e9 son minist\u00e8re sacerdotale ?<br \/>\nDans les cinq chapitres suivants on va tracer bri\u00e8vement le profil du bienheureux Puglisi.<\/p>\n<p><a href=\"https:\/\/padrepinopuglisi.chiesadipalermo.it\/fr\/profil-de-3p\/\"><strong>\u21d2 Profil de 3P<\/strong><\/a><\/p>\n<p><strong><a href=\"https:\/\/padrepinopuglisi.chiesadipalermo.it\/fr\/profil-de-3p\/\">\u21d2 <\/a><a href=\"https:\/\/padrepinopuglisi.chiesadipalermo.it\/fr\/3p-et-leglise\/\">3P et l&rsquo;Eglise<\/a><\/strong><\/p>\n<p><strong><a href=\"https:\/\/padrepinopuglisi.chiesadipalermo.it\/fr\/profil-de-3p\/\">\u21d2 <\/a><a href=\"https:\/\/padrepinopuglisi.chiesadipalermo.it\/fr\/la-methode\/\">La\u00a0 methode<\/a><\/strong><\/p>\n<p><strong><a href=\"https:\/\/padrepinopuglisi.chiesadipalermo.it\/fr\/profil-de-3p\/\">\u21d2 <\/a><a href=\"https:\/\/padrepinopuglisi.chiesadipalermo.it\/fr\/la-pastorale-vocationelle\/\">La pastorale vocationelle<\/a><\/strong><\/p>\n<p><strong><a href=\"https:\/\/padrepinopuglisi.chiesadipalermo.it\/fr\/profil-de-3p\/\">\u21d2 <\/a><a href=\"https:\/\/padrepinopuglisi.chiesadipalermo.it\/fr\/un-noveau-model-de-pretre-et-de-paroisse\/\">Un noveau model de pretre et de paroisse<\/a><\/strong><\/p>\n<\/div><\/section>\n","protected":false},"excerpt":{"rendered":"","protected":false},"author":2,"featured_media":293,"parent":0,"menu_order":0,"comment_status":"closed","ping_status":"closed","template":"","meta":{"footnotes":""},"categories":[],"tags":[],"class_list":["post-691","page","type-page","status-publish","has-post-thumbnail","hentry"],"yoast_head":"<!-- This site is optimized with the Yoast SEO plugin v27.0 - https:\/\/yoast.com\/product\/yoast-seo-wordpress\/ -->\n<title>Profil - Martyr p\u00e8re Pino Puglisi<\/title>\n<meta name=\"robots\" content=\"index, follow, max-snippet:-1, max-image-preview:large, max-video-preview:-1\" \/>\n<link rel=\"canonical\" href=\"https:\/\/padrepinopuglisi.chiesadipalermo.it\/fr\/profil\/\" \/>\n<meta property=\"og:locale\" content=\"fr_FR\" \/>\n<meta property=\"og:type\" content=\"article\" \/>\n<meta property=\"og:title\" content=\"Profil - Martyr p\u00e8re Pino Puglisi\" \/>\n<meta property=\"og:url\" content=\"https:\/\/padrepinopuglisi.chiesadipalermo.it\/fr\/profil\/\" \/>\n<meta property=\"og:site_name\" content=\"Martyr p\u00e8re Pino Puglisi\" \/>\n<meta property=\"article:modified_time\" content=\"2018-07-12T15:21:41+00:00\" \/>\n<meta property=\"og:image\" content=\"https:\/\/padrepinopuglisi.chiesadipalermo.it\/fr\/wp-content\/uploads\/3P02_altri\/3P02_0522_1983_Sr_Carmela_Cosentino.jpg\" \/>\n\t<meta property=\"og:image:width\" content=\"487\" \/>\n\t<meta property=\"og:image:height\" content=\"600\" \/>\n\t<meta property=\"og:image:type\" content=\"image\/jpeg\" \/>\n<meta name=\"twitter:card\" content=\"summary_large_image\" \/>\n<meta name=\"twitter:label1\" content=\"Dur\u00e9e de lecture estim\u00e9e\" \/>\n\t<meta name=\"twitter:data1\" content=\"1 minute\" \/>\n<script type=\"application\/ld+json\" class=\"yoast-schema-graph\">{\"@context\":\"https:\/\/schema.org\",\"@graph\":[{\"@type\":\"WebPage\",\"@id\":\"https:\/\/padrepinopuglisi.chiesadipalermo.it\/fr\/profil\/\",\"url\":\"https:\/\/padrepinopuglisi.chiesadipalermo.it\/fr\/profil\/\",\"name\":\"Profil - Martyr p\u00e8re Pino Puglisi\",\"isPartOf\":{\"@id\":\"https:\/\/padrepinopuglisi.chiesadipalermo.it\/fr\/#website\"},\"primaryImageOfPage\":{\"@id\":\"https:\/\/padrepinopuglisi.chiesadipalermo.it\/fr\/profil\/#primaryimage\"},\"image\":{\"@id\":\"https:\/\/padrepinopuglisi.chiesadipalermo.it\/fr\/profil\/#primaryimage\"},\"thumbnailUrl\":\"https:\/\/padrepinopuglisi.chiesadipalermo.it\/fr\/wp-content\/uploads\/3P02_altri\/3P02_0522_1983_Sr_Carmela_Cosentino.jpg\",\"datePublished\":\"2018-07-12T15:05:01+00:00\",\"dateModified\":\"2018-07-12T15:21:41+00:00\",\"inLanguage\":\"fr-FR\",\"potentialAction\":[{\"@type\":\"ReadAction\",\"target\":[\"https:\/\/padrepinopuglisi.chiesadipalermo.it\/fr\/profil\/\"]}]},{\"@type\":\"ImageObject\",\"inLanguage\":\"fr-FR\",\"@id\":\"https:\/\/padrepinopuglisi.chiesadipalermo.it\/fr\/profil\/#primaryimage\",\"url\":\"https:\/\/padrepinopuglisi.chiesadipalermo.it\/fr\/wp-content\/uploads\/3P02_altri\/3P02_0522_1983_Sr_Carmela_Cosentino.jpg\",\"contentUrl\":\"https:\/\/padrepinopuglisi.chiesadipalermo.it\/fr\/wp-content\/uploads\/3P02_altri\/3P02_0522_1983_Sr_Carmela_Cosentino.jpg\",\"width\":487,\"height\":600},{\"@type\":\"WebSite\",\"@id\":\"https:\/\/padrepinopuglisi.chiesadipalermo.it\/fr\/#website\",\"url\":\"https:\/\/padrepinopuglisi.chiesadipalermo.it\/fr\/\",\"name\":\"Martyr p\u00e8re Pino Puglisi\",\"description\":\"Site Officiel sur P\u00e8re Pino Puglisi de la Archidioc\u00e8sis de Palerme\",\"potentialAction\":[{\"@type\":\"SearchAction\",\"target\":{\"@type\":\"EntryPoint\",\"urlTemplate\":\"https:\/\/padrepinopuglisi.chiesadipalermo.it\/fr\/?s={search_term_string}\"},\"query-input\":{\"@type\":\"PropertyValueSpecification\",\"valueRequired\":true,\"valueName\":\"search_term_string\"}}],\"inLanguage\":\"fr-FR\"}]}<\/script>\n<!-- \/ Yoast SEO plugin. -->","yoast_head_json":{"title":"Profil - Martyr p\u00e8re Pino Puglisi","robots":{"index":"index","follow":"follow","max-snippet":"max-snippet:-1","max-image-preview":"max-image-preview:large","max-video-preview":"max-video-preview:-1"},"canonical":"https:\/\/padrepinopuglisi.chiesadipalermo.it\/fr\/profil\/","og_locale":"fr_FR","og_type":"article","og_title":"Profil - Martyr p\u00e8re Pino Puglisi","og_url":"https:\/\/padrepinopuglisi.chiesadipalermo.it\/fr\/profil\/","og_site_name":"Martyr p\u00e8re Pino Puglisi","article_modified_time":"2018-07-12T15:21:41+00:00","og_image":[{"width":487,"height":600,"url":"https:\/\/padrepinopuglisi.chiesadipalermo.it\/fr\/wp-content\/uploads\/3P02_altri\/3P02_0522_1983_Sr_Carmela_Cosentino.jpg","type":"image\/jpeg"}],"twitter_card":"summary_large_image","twitter_misc":{"Dur\u00e9e de lecture estim\u00e9e":"1 minute"},"schema":{"@context":"https:\/\/schema.org","@graph":[{"@type":"WebPage","@id":"https:\/\/padrepinopuglisi.chiesadipalermo.it\/fr\/profil\/","url":"https:\/\/padrepinopuglisi.chiesadipalermo.it\/fr\/profil\/","name":"Profil - Martyr p\u00e8re Pino Puglisi","isPartOf":{"@id":"https:\/\/padrepinopuglisi.chiesadipalermo.it\/fr\/#website"},"primaryImageOfPage":{"@id":"https:\/\/padrepinopuglisi.chiesadipalermo.it\/fr\/profil\/#primaryimage"},"image":{"@id":"https:\/\/padrepinopuglisi.chiesadipalermo.it\/fr\/profil\/#primaryimage"},"thumbnailUrl":"https:\/\/padrepinopuglisi.chiesadipalermo.it\/fr\/wp-content\/uploads\/3P02_altri\/3P02_0522_1983_Sr_Carmela_Cosentino.jpg","datePublished":"2018-07-12T15:05:01+00:00","dateModified":"2018-07-12T15:21:41+00:00","inLanguage":"fr-FR","potentialAction":[{"@type":"ReadAction","target":["https:\/\/padrepinopuglisi.chiesadipalermo.it\/fr\/profil\/"]}]},{"@type":"ImageObject","inLanguage":"fr-FR","@id":"https:\/\/padrepinopuglisi.chiesadipalermo.it\/fr\/profil\/#primaryimage","url":"https:\/\/padrepinopuglisi.chiesadipalermo.it\/fr\/wp-content\/uploads\/3P02_altri\/3P02_0522_1983_Sr_Carmela_Cosentino.jpg","contentUrl":"https:\/\/padrepinopuglisi.chiesadipalermo.it\/fr\/wp-content\/uploads\/3P02_altri\/3P02_0522_1983_Sr_Carmela_Cosentino.jpg","width":487,"height":600},{"@type":"WebSite","@id":"https:\/\/padrepinopuglisi.chiesadipalermo.it\/fr\/#website","url":"https:\/\/padrepinopuglisi.chiesadipalermo.it\/fr\/","name":"Martyr p\u00e8re Pino Puglisi","description":"Site Officiel sur P\u00e8re Pino Puglisi de la Archidioc\u00e8sis de Palerme","potentialAction":[{"@type":"SearchAction","target":{"@type":"EntryPoint","urlTemplate":"https:\/\/padrepinopuglisi.chiesadipalermo.it\/fr\/?s={search_term_string}"},"query-input":{"@type":"PropertyValueSpecification","valueRequired":true,"valueName":"search_term_string"}}],"inLanguage":"fr-FR"}]}},"_links":{"self":[{"href":"https:\/\/padrepinopuglisi.chiesadipalermo.it\/fr\/wp-json\/wp\/v2\/pages\/691","targetHints":{"allow":["GET"]}}],"collection":[{"href":"https:\/\/padrepinopuglisi.chiesadipalermo.it\/fr\/wp-json\/wp\/v2\/pages"}],"about":[{"href":"https:\/\/padrepinopuglisi.chiesadipalermo.it\/fr\/wp-json\/wp\/v2\/types\/page"}],"author":[{"embeddable":true,"href":"https:\/\/padrepinopuglisi.chiesadipalermo.it\/fr\/wp-json\/wp\/v2\/users\/2"}],"replies":[{"embeddable":true,"href":"https:\/\/padrepinopuglisi.chiesadipalermo.it\/fr\/wp-json\/wp\/v2\/comments?post=691"}],"version-history":[{"count":3,"href":"https:\/\/padrepinopuglisi.chiesadipalermo.it\/fr\/wp-json\/wp\/v2\/pages\/691\/revisions"}],"predecessor-version":[{"id":701,"href":"https:\/\/padrepinopuglisi.chiesadipalermo.it\/fr\/wp-json\/wp\/v2\/pages\/691\/revisions\/701"}],"wp:featuredmedia":[{"embeddable":true,"href":"https:\/\/padrepinopuglisi.chiesadipalermo.it\/fr\/wp-json\/wp\/v2\/media\/293"}],"wp:attachment":[{"href":"https:\/\/padrepinopuglisi.chiesadipalermo.it\/fr\/wp-json\/wp\/v2\/media?parent=691"}],"wp:term":[{"taxonomy":"category","embeddable":true,"href":"https:\/\/padrepinopuglisi.chiesadipalermo.it\/fr\/wp-json\/wp\/v2\/categories?post=691"},{"taxonomy":"post_tag","embeddable":true,"href":"https:\/\/padrepinopuglisi.chiesadipalermo.it\/fr\/wp-json\/wp\/v2\/tags?post=691"}],"curies":[{"name":"wp","href":"https:\/\/api.w.org\/{rel}","templated":true}]}}