{"id":680,"date":"2018-07-12T16:30:40","date_gmt":"2018-07-12T14:30:40","guid":{"rendered":"https:\/\/padrepinopuglisi.chiesadipalermo.it\/fr\/?page_id=680"},"modified":"2018-07-13T09:22:11","modified_gmt":"2018-07-13T07:22:11","slug":"livre-dor","status":"publish","type":"page","link":"https:\/\/padrepinopuglisi.chiesadipalermo.it\/fr\/livre-dor\/","title":{"rendered":"Livre d&rsquo;or"},"content":{"rendered":"\n<style type=\"text\/css\" data-created_by=\"avia_inline_auto\" id=\"style-css-av-av_heading-d26cf1b22fe12e69db82c64d4832ac54\">\n#top .av-special-heading.av-av_heading-d26cf1b22fe12e69db82c64d4832ac54{\npadding-bottom:40px;\ncolor:#990000;\n}\nbody .av-special-heading.av-av_heading-d26cf1b22fe12e69db82c64d4832ac54 .av-special-heading-tag .heading-char{\nfont-size:25px;\n}\n.av-special-heading.av-av_heading-d26cf1b22fe12e69db82c64d4832ac54 .special-heading-inner-border{\nborder-color:#990000;\n}\n.av-special-heading.av-av_heading-d26cf1b22fe12e69db82c64d4832ac54 .av-subheading{\nfont-size:15px;\n}\n<\/style>\n<div  class='av-special-heading av-av_heading-d26cf1b22fe12e69db82c64d4832ac54 av-special-heading-h3 custom-color-heading blockquote modern-quote modern-centered  avia-builder-el-0  el_before_av_textblock  avia-builder-el-first '><h3 class='av-special-heading-tag '  itemprop=\"headline\"  >Livre d\u2019or<\/h3><div class=\"special-heading-border\"><div class=\"special-heading-inner-border\"><\/div><\/div><\/div>\n<section  class='av_textblock_section av-6mzx4-65209bb3dcf4993e54075f9e268bdc22 '   itemscope=\"itemscope\" itemtype=\"https:\/\/schema.org\/CreativeWork\" ><div class='avia_textblock'  itemprop=\"text\" ><p><em>Dans cette section ont a recueillis les commentaires et le t\u00e9moignage des visiteurs de ce site qui ont voulu partager leur message. <\/em><\/p>\n<p><em>La lecture de nombreaux t\u00e9moignages avec les suggestions sur l&rsquo;\u00e9laboration du site proposent aux navigateurs un autre point de vue sur la personne de 3P, moins \u00ab\u00a0officiel\u00a0\u00bb mais \u00e9galement vrai.<\/em><\/p>\n<p><em>Bonne lecture.<br \/>\n<\/em><\/p>\n<\/div><\/section>\n\n<style type=\"text\/css\" data-created_by=\"avia_inline_auto\" id=\"style-css-av-jjinh4yn-3b028ec352a9773d5d37cb017f58d218\">\n#top .hr.av-jjinh4yn-3b028ec352a9773d5d37cb017f58d218{\nmargin-top:30px;\nmargin-bottom:30px;\n}\n.hr.av-jjinh4yn-3b028ec352a9773d5d37cb017f58d218 .hr-inner{\nwidth:70px;\nmax-width:45%;\n}\n<\/style>\n<div  class='hr av-jjinh4yn-3b028ec352a9773d5d37cb017f58d218 hr-custom  avia-builder-el-2  el_after_av_textblock  el_before_av_button  hr-center hr-icon-yes'><span class='hr-inner inner-border-av-border-thin'><span class=\"hr-inner-style\"><\/span><\/span><span class='av-seperator-icon avia-iconfont avia-font-entypo-fontello' data-av_icon='\ue836' data-av_iconfont='entypo-fontello' ><\/span><span class='hr-inner inner-border-av-border-thin'><span class=\"hr-inner-style\"><\/span><\/span><\/div>\n<div  class='avia-button-wrap av-jjinhtt8-2e04c6aab449ea56b3fc0a93856ff6ac-wrap avia-button-center  avia-builder-el-3  el_after_av_hr  avia-builder-el-last '><a href='http:\/\/padrepinopuglisi.chiesadipalermo.it\/form-guestbook\/'  class='avia-button av-jjinhtt8-2e04c6aab449ea56b3fc0a93856ff6ac av-link-btn avia-icon_select-yes-left-icon avia-size-x-large avia-position-center avia-color-theme-color'  target=\"_blank\"  rel=\"noopener noreferrer\"  aria-label=\"Livre d\u2019or\"><span class='avia_button_icon avia_button_icon_left avia-iconfont avia-font-entypo-fontello' data-av_icon='\ue881' data-av_iconfont='entypo-fontello' ><\/span><span class='avia_iconbox_title' >Livre d\u2019or<\/span><\/a><\/div>\n","protected":false},"excerpt":{"rendered":"","protected":false},"author":2,"featured_media":0,"parent":0,"menu_order":0,"comment_status":"closed","ping_status":"closed","template":"","meta":{"footnotes":""},"categories":[],"tags":[],"class_list":["post-680","page","type-page","status-publish","hentry"],"yoast_head":"<!-- This site is optimized with the Yoast SEO plugin v27.0 - https:\/\/yoast.com\/product\/yoast-seo-wordpress\/ -->\n<title>Livre d&#039;or - Martyr p\u00e8re Pino Puglisi<\/title>\n<meta name=\"robots\" content=\"index, follow, max-snippet:-1, max-image-preview:large, max-video-preview:-1\" \/>\n<link rel=\"canonical\" href=\"https:\/\/padrepinopuglisi.chiesadipalermo.it\/fr\/livre-dor\/\" \/>\n<meta property=\"og:locale\" content=\"fr_FR\" \/>\n<meta property=\"og:type\" content=\"article\" \/>\n<meta property=\"og:title\" content=\"Livre d&#039;or - Martyr p\u00e8re Pino Puglisi\" \/>\n<meta property=\"og:url\" content=\"https:\/\/padrepinopuglisi.chiesadipalermo.it\/fr\/livre-dor\/\" \/>\n<meta property=\"og:site_name\" content=\"Martyr p\u00e8re Pino Puglisi\" \/>\n<meta property=\"article:modified_time\" content=\"2018-07-13T07:22:11+00:00\" \/>\n<meta name=\"twitter:card\" content=\"summary_large_image\" \/>\n<meta name=\"twitter:label1\" content=\"Dur\u00e9e de lecture estim\u00e9e\" \/>\n\t<meta name=\"twitter:data1\" content=\"1 minute\" \/>\n<script type=\"application\/ld+json\" class=\"yoast-schema-graph\">{\"@context\":\"https:\/\/schema.org\",\"@graph\":[{\"@type\":\"WebPage\",\"@id\":\"https:\/\/padrepinopuglisi.chiesadipalermo.it\/fr\/livre-dor\/\",\"url\":\"https:\/\/padrepinopuglisi.chiesadipalermo.it\/fr\/livre-dor\/\",\"name\":\"Livre d'or - Martyr p\u00e8re Pino Puglisi\",\"isPartOf\":{\"@id\":\"https:\/\/padrepinopuglisi.chiesadipalermo.it\/fr\/#website\"},\"datePublished\":\"2018-07-12T14:30:40+00:00\",\"dateModified\":\"2018-07-13T07:22:11+00:00\",\"inLanguage\":\"fr-FR\",\"potentialAction\":[{\"@type\":\"ReadAction\",\"target\":[\"https:\/\/padrepinopuglisi.chiesadipalermo.it\/fr\/livre-dor\/\"]}]},{\"@type\":\"WebSite\",\"@id\":\"https:\/\/padrepinopuglisi.chiesadipalermo.it\/fr\/#website\",\"url\":\"https:\/\/padrepinopuglisi.chiesadipalermo.it\/fr\/\",\"name\":\"Martyr p\u00e8re Pino Puglisi\",\"description\":\"Site Officiel sur P\u00e8re Pino Puglisi de la Archidioc\u00e8sis de Palerme\",\"potentialAction\":[{\"@type\":\"SearchAction\",\"target\":{\"@type\":\"EntryPoint\",\"urlTemplate\":\"https:\/\/padrepinopuglisi.chiesadipalermo.it\/fr\/?s={search_term_string}\"},\"query-input\":{\"@type\":\"PropertyValueSpecification\",\"valueRequired\":true,\"valueName\":\"search_term_string\"}}],\"inLanguage\":\"fr-FR\"}]}<\/script>\n<!-- \/ Yoast SEO plugin. -->","yoast_head_json":{"title":"Livre d'or - Martyr p\u00e8re Pino Puglisi","robots":{"index":"index","follow":"follow","max-snippet":"max-snippet:-1","max-image-preview":"max-image-preview:large","max-video-preview":"max-video-preview:-1"},"canonical":"https:\/\/padrepinopuglisi.chiesadipalermo.it\/fr\/livre-dor\/","og_locale":"fr_FR","og_type":"article","og_title":"Livre d'or - Martyr p\u00e8re Pino Puglisi","og_url":"https:\/\/padrepinopuglisi.chiesadipalermo.it\/fr\/livre-dor\/","og_site_name":"Martyr p\u00e8re Pino Puglisi","article_modified_time":"2018-07-13T07:22:11+00:00","twitter_card":"summary_large_image","twitter_misc":{"Dur\u00e9e de lecture estim\u00e9e":"1 minute"},"schema":{"@context":"https:\/\/schema.org","@graph":[{"@type":"WebPage","@id":"https:\/\/padrepinopuglisi.chiesadipalermo.it\/fr\/livre-dor\/","url":"https:\/\/padrepinopuglisi.chiesadipalermo.it\/fr\/livre-dor\/","name":"Livre d'or - Martyr p\u00e8re Pino Puglisi","isPartOf":{"@id":"https:\/\/padrepinopuglisi.chiesadipalermo.it\/fr\/#website"},"datePublished":"2018-07-12T14:30:40+00:00","dateModified":"2018-07-13T07:22:11+00:00","inLanguage":"fr-FR","potentialAction":[{"@type":"ReadAction","target":["https:\/\/padrepinopuglisi.chiesadipalermo.it\/fr\/livre-dor\/"]}]},{"@type":"WebSite","@id":"https:\/\/padrepinopuglisi.chiesadipalermo.it\/fr\/#website","url":"https:\/\/padrepinopuglisi.chiesadipalermo.it\/fr\/","name":"Martyr p\u00e8re Pino Puglisi","description":"Site Officiel sur P\u00e8re Pino Puglisi de la Archidioc\u00e8sis de Palerme","potentialAction":[{"@type":"SearchAction","target":{"@type":"EntryPoint","urlTemplate":"https:\/\/padrepinopuglisi.chiesadipalermo.it\/fr\/?s={search_term_string}"},"query-input":{"@type":"PropertyValueSpecification","valueRequired":true,"valueName":"search_term_string"}}],"inLanguage":"fr-FR"}]}},"_links":{"self":[{"href":"https:\/\/padrepinopuglisi.chiesadipalermo.it\/fr\/wp-json\/wp\/v2\/pages\/680","targetHints":{"allow":["GET"]}}],"collection":[{"href":"https:\/\/padrepinopuglisi.chiesadipalermo.it\/fr\/wp-json\/wp\/v2\/pages"}],"about":[{"href":"https:\/\/padrepinopuglisi.chiesadipalermo.it\/fr\/wp-json\/wp\/v2\/types\/page"}],"author":[{"embeddable":true,"href":"https:\/\/padrepinopuglisi.chiesadipalermo.it\/fr\/wp-json\/wp\/v2\/users\/2"}],"replies":[{"embeddable":true,"href":"https:\/\/padrepinopuglisi.chiesadipalermo.it\/fr\/wp-json\/wp\/v2\/comments?post=680"}],"version-history":[{"count":5,"href":"https:\/\/padrepinopuglisi.chiesadipalermo.it\/fr\/wp-json\/wp\/v2\/pages\/680\/revisions"}],"predecessor-version":[{"id":721,"href":"https:\/\/padrepinopuglisi.chiesadipalermo.it\/fr\/wp-json\/wp\/v2\/pages\/680\/revisions\/721"}],"wp:attachment":[{"href":"https:\/\/padrepinopuglisi.chiesadipalermo.it\/fr\/wp-json\/wp\/v2\/media?parent=680"}],"wp:term":[{"taxonomy":"category","embeddable":true,"href":"https:\/\/padrepinopuglisi.chiesadipalermo.it\/fr\/wp-json\/wp\/v2\/categories?post=680"},{"taxonomy":"post_tag","embeddable":true,"href":"https:\/\/padrepinopuglisi.chiesadipalermo.it\/fr\/wp-json\/wp\/v2\/tags?post=680"}],"curies":[{"name":"wp","href":"https:\/\/api.w.org\/{rel}","templated":true}]}}