{"id":691,"date":"2018-07-12T17:05:01","date_gmt":"2018-07-12T15:05:01","guid":{"rendered":"https:\/\/padrepinopuglisi.chiesadipalermo.it\/es\/?page_id=691"},"modified":"2022-07-17T20:07:40","modified_gmt":"2022-07-17T18:07:40","slug":"perfil","status":"publish","type":"page","link":"https:\/\/padrepinopuglisi.chiesadipalermo.it\/es\/perfil\/","title":{"rendered":"Perfil"},"content":{"rendered":"<section  class='av_textblock_section av-jjions0q-c7ea09d880f9c48b7edc2dcc05c9d12c '   itemscope=\"itemscope\" itemtype=\"https:\/\/schema.org\/CreativeWork\" ><div class='avia_textblock'  itemprop=\"text\" ><h3 style=\"text-align: center;\"><span style=\"color: #990000;\">PERFIL<\/span><\/h3>\n<p><img loading=\"lazy\" decoding=\"async\" class=\"aligncenter wp-image-250 size-square\" src=\"https:\/\/padrepinopuglisi.chiesadipalermo.it\/es\/wp-content\/uploads\/3P01_solo\/3P01_0027-180x180.png\" alt=\"\" width=\"180\" height=\"180\" srcset=\"https:\/\/padrepinopuglisi.chiesadipalermo.it\/es\/wp-content\/uploads\/3P01_solo\/3P01_0027-180x180.png 180w, https:\/\/padrepinopuglisi.chiesadipalermo.it\/es\/wp-content\/uploads\/3P01_solo\/3P01_0027-80x80.png 80w, https:\/\/padrepinopuglisi.chiesadipalermo.it\/es\/wp-content\/uploads\/3P01_solo\/3P01_0027-36x36.png 36w\" sizes=\"auto, (max-width: 180px) 100vw, 180px\" \/><\/p>\n<p>\u00bfQui\u00e9n fue el Padre Pino Puglisi? \u00bfC\u00f3mo se habla y c\u00f3mo vivi\u00f3 en la Iglesia? \u00bfCu\u00e1l es tu estilo, tu m\u00e9todo, tus prioridades? \u00bfC\u00f3mo interpretaste tu ministerio sacerdotal?<\/p>\n<p>En estos cinco cap\u00edtulos, se rastrea brevemente el perfil de Blessed Puglisi:<\/p>\n<p><a href=\"https:\/\/padrepinopuglisi.chiesadipalermo.it\/es\/el-perfil-de-3p\/\"><strong>\u21d2 El perfil de 3P<\/strong><\/a><\/p>\n<p><strong><a href=\"https:\/\/padrepinopuglisi.chiesadipalermo.it\/es\/el-perfil-de-3p\/\">\u21d2 <\/a><a href=\"https:\/\/padrepinopuglisi.chiesadipalermo.it\/es\/perfil\/3p-y-la-iglesia\/\">3P Y la Iglesia<\/a><\/strong><\/p>\n<p><strong><a href=\"https:\/\/padrepinopuglisi.chiesadipalermo.it\/es\/el-perfil-de-3p\/\">\u21d2 <\/a><a href=\"https:\/\/padrepinopuglisi.chiesadipalermo.it\/es\/perfil\/el-metodo\/\">El m\u00e9todo<\/a><\/strong><\/p>\n<p><strong><a href=\"https:\/\/padrepinopuglisi.chiesadipalermo.it\/es\/el-perfil-de-3p\/\">\u21d2 <\/a><a href=\"https:\/\/padrepinopuglisi.chiesadipalermo.it\/es\/perfil\/la-pastoral-vocacional\/\">La pastoral vocacional<\/a><\/strong><\/p>\n<p><strong><a href=\"https:\/\/padrepinopuglisi.chiesadipalermo.it\/es\/el-perfil-de-3p\/\">\u21d2 <\/a><a href=\"https:\/\/padrepinopuglisi.chiesadipalermo.it\/es\/perfil\/un-nuevo-modelo-de-cura-y-de-parroquia\/\">Un nuevo modelo de cura y de parroquia<\/a><\/strong><\/p>\n<\/div><\/section>\n","protected":false},"excerpt":{"rendered":"","protected":false},"author":2,"featured_media":250,"parent":0,"menu_order":0,"comment_status":"closed","ping_status":"closed","template":"","meta":{"footnotes":""},"categories":[],"tags":[],"class_list":["post-691","page","type-page","status-publish","has-post-thumbnail","hentry"],"yoast_head":"<!-- This site is optimized with the Yoast SEO plugin v27.0 - https:\/\/yoast.com\/product\/yoast-seo-wordpress\/ -->\n<title>Perfil - Martyr p\u00e8re Pino Puglisi<\/title>\n<meta name=\"robots\" content=\"index, follow, max-snippet:-1, max-image-preview:large, max-video-preview:-1\" \/>\n<link rel=\"canonical\" href=\"https:\/\/padrepinopuglisi.chiesadipalermo.it\/es\/perfil\/\" \/>\n<meta property=\"og:locale\" content=\"es_ES\" \/>\n<meta property=\"og:type\" content=\"article\" \/>\n<meta property=\"og:title\" content=\"Perfil - Martyr p\u00e8re Pino Puglisi\" \/>\n<meta property=\"og:url\" content=\"https:\/\/padrepinopuglisi.chiesadipalermo.it\/es\/perfil\/\" \/>\n<meta property=\"og:site_name\" content=\"Martyr p\u00e8re Pino Puglisi\" \/>\n<meta property=\"article:modified_time\" content=\"2022-07-17T18:07:40+00:00\" \/>\n<meta property=\"og:image\" content=\"https:\/\/padrepinopuglisi.chiesadipalermo.it\/es\/wp-content\/uploads\/3P01_solo\/3P01_0027.png\" \/>\n\t<meta property=\"og:image:width\" content=\"600\" \/>\n\t<meta property=\"og:image:height\" content=\"521\" \/>\n\t<meta property=\"og:image:type\" content=\"image\/png\" \/>\n<meta name=\"twitter:card\" content=\"summary_large_image\" \/>\n<meta name=\"twitter:label1\" content=\"Tiempo de lectura\" \/>\n\t<meta name=\"twitter:data1\" content=\"1 minuto\" \/>\n<script type=\"application\/ld+json\" class=\"yoast-schema-graph\">{\"@context\":\"https:\/\/schema.org\",\"@graph\":[{\"@type\":\"WebPage\",\"@id\":\"https:\/\/padrepinopuglisi.chiesadipalermo.it\/es\/perfil\/\",\"url\":\"https:\/\/padrepinopuglisi.chiesadipalermo.it\/es\/perfil\/\",\"name\":\"Perfil - Martyr p\u00e8re Pino Puglisi\",\"isPartOf\":{\"@id\":\"https:\/\/padrepinopuglisi.chiesadipalermo.it\/es\/#website\"},\"primaryImageOfPage\":{\"@id\":\"https:\/\/padrepinopuglisi.chiesadipalermo.it\/es\/perfil\/#primaryimage\"},\"image\":{\"@id\":\"https:\/\/padrepinopuglisi.chiesadipalermo.it\/es\/perfil\/#primaryimage\"},\"thumbnailUrl\":\"https:\/\/padrepinopuglisi.chiesadipalermo.it\/es\/wp-content\/uploads\/3P01_solo\/3P01_0027.png\",\"datePublished\":\"2018-07-12T15:05:01+00:00\",\"dateModified\":\"2022-07-17T18:07:40+00:00\",\"inLanguage\":\"es\",\"potentialAction\":[{\"@type\":\"ReadAction\",\"target\":[\"https:\/\/padrepinopuglisi.chiesadipalermo.it\/es\/perfil\/\"]}]},{\"@type\":\"ImageObject\",\"inLanguage\":\"es\",\"@id\":\"https:\/\/padrepinopuglisi.chiesadipalermo.it\/es\/perfil\/#primaryimage\",\"url\":\"https:\/\/padrepinopuglisi.chiesadipalermo.it\/es\/wp-content\/uploads\/3P01_solo\/3P01_0027.png\",\"contentUrl\":\"https:\/\/padrepinopuglisi.chiesadipalermo.it\/es\/wp-content\/uploads\/3P01_solo\/3P01_0027.png\",\"width\":600,\"height\":521},{\"@type\":\"WebSite\",\"@id\":\"https:\/\/padrepinopuglisi.chiesadipalermo.it\/es\/#website\",\"url\":\"https:\/\/padrepinopuglisi.chiesadipalermo.it\/es\/\",\"name\":\"Martyr p\u00e8re Pino Puglisi\",\"description\":\"Site Officiel sur P\u00e8re Pino Puglisi de la Archidioc\u00e8sis de Palerme\",\"potentialAction\":[{\"@type\":\"SearchAction\",\"target\":{\"@type\":\"EntryPoint\",\"urlTemplate\":\"https:\/\/padrepinopuglisi.chiesadipalermo.it\/es\/?s={search_term_string}\"},\"query-input\":{\"@type\":\"PropertyValueSpecification\",\"valueRequired\":true,\"valueName\":\"search_term_string\"}}],\"inLanguage\":\"es\"}]}<\/script>\n<!-- \/ Yoast SEO plugin. -->","yoast_head_json":{"title":"Perfil - Martyr p\u00e8re Pino Puglisi","robots":{"index":"index","follow":"follow","max-snippet":"max-snippet:-1","max-image-preview":"max-image-preview:large","max-video-preview":"max-video-preview:-1"},"canonical":"https:\/\/padrepinopuglisi.chiesadipalermo.it\/es\/perfil\/","og_locale":"es_ES","og_type":"article","og_title":"Perfil - Martyr p\u00e8re Pino Puglisi","og_url":"https:\/\/padrepinopuglisi.chiesadipalermo.it\/es\/perfil\/","og_site_name":"Martyr p\u00e8re Pino Puglisi","article_modified_time":"2022-07-17T18:07:40+00:00","og_image":[{"width":600,"height":521,"url":"https:\/\/padrepinopuglisi.chiesadipalermo.it\/es\/wp-content\/uploads\/3P01_solo\/3P01_0027.png","type":"image\/png"}],"twitter_card":"summary_large_image","twitter_misc":{"Tiempo de lectura":"1 minuto"},"schema":{"@context":"https:\/\/schema.org","@graph":[{"@type":"WebPage","@id":"https:\/\/padrepinopuglisi.chiesadipalermo.it\/es\/perfil\/","url":"https:\/\/padrepinopuglisi.chiesadipalermo.it\/es\/perfil\/","name":"Perfil - Martyr p\u00e8re Pino Puglisi","isPartOf":{"@id":"https:\/\/padrepinopuglisi.chiesadipalermo.it\/es\/#website"},"primaryImageOfPage":{"@id":"https:\/\/padrepinopuglisi.chiesadipalermo.it\/es\/perfil\/#primaryimage"},"image":{"@id":"https:\/\/padrepinopuglisi.chiesadipalermo.it\/es\/perfil\/#primaryimage"},"thumbnailUrl":"https:\/\/padrepinopuglisi.chiesadipalermo.it\/es\/wp-content\/uploads\/3P01_solo\/3P01_0027.png","datePublished":"2018-07-12T15:05:01+00:00","dateModified":"2022-07-17T18:07:40+00:00","inLanguage":"es","potentialAction":[{"@type":"ReadAction","target":["https:\/\/padrepinopuglisi.chiesadipalermo.it\/es\/perfil\/"]}]},{"@type":"ImageObject","inLanguage":"es","@id":"https:\/\/padrepinopuglisi.chiesadipalermo.it\/es\/perfil\/#primaryimage","url":"https:\/\/padrepinopuglisi.chiesadipalermo.it\/es\/wp-content\/uploads\/3P01_solo\/3P01_0027.png","contentUrl":"https:\/\/padrepinopuglisi.chiesadipalermo.it\/es\/wp-content\/uploads\/3P01_solo\/3P01_0027.png","width":600,"height":521},{"@type":"WebSite","@id":"https:\/\/padrepinopuglisi.chiesadipalermo.it\/es\/#website","url":"https:\/\/padrepinopuglisi.chiesadipalermo.it\/es\/","name":"Martyr p\u00e8re Pino Puglisi","description":"Site Officiel sur P\u00e8re Pino Puglisi de la Archidioc\u00e8sis de Palerme","potentialAction":[{"@type":"SearchAction","target":{"@type":"EntryPoint","urlTemplate":"https:\/\/padrepinopuglisi.chiesadipalermo.it\/es\/?s={search_term_string}"},"query-input":{"@type":"PropertyValueSpecification","valueRequired":true,"valueName":"search_term_string"}}],"inLanguage":"es"}]}},"_links":{"self":[{"href":"https:\/\/padrepinopuglisi.chiesadipalermo.it\/es\/wp-json\/wp\/v2\/pages\/691","targetHints":{"allow":["GET"]}}],"collection":[{"href":"https:\/\/padrepinopuglisi.chiesadipalermo.it\/es\/wp-json\/wp\/v2\/pages"}],"about":[{"href":"https:\/\/padrepinopuglisi.chiesadipalermo.it\/es\/wp-json\/wp\/v2\/types\/page"}],"author":[{"embeddable":true,"href":"https:\/\/padrepinopuglisi.chiesadipalermo.it\/es\/wp-json\/wp\/v2\/users\/2"}],"replies":[{"embeddable":true,"href":"https:\/\/padrepinopuglisi.chiesadipalermo.it\/es\/wp-json\/wp\/v2\/comments?post=691"}],"version-history":[{"count":5,"href":"https:\/\/padrepinopuglisi.chiesadipalermo.it\/es\/wp-json\/wp\/v2\/pages\/691\/revisions"}],"predecessor-version":[{"id":1109,"href":"https:\/\/padrepinopuglisi.chiesadipalermo.it\/es\/wp-json\/wp\/v2\/pages\/691\/revisions\/1109"}],"wp:featuredmedia":[{"embeddable":true,"href":"https:\/\/padrepinopuglisi.chiesadipalermo.it\/es\/wp-json\/wp\/v2\/media\/250"}],"wp:attachment":[{"href":"https:\/\/padrepinopuglisi.chiesadipalermo.it\/es\/wp-json\/wp\/v2\/media?parent=691"}],"wp:term":[{"taxonomy":"category","embeddable":true,"href":"https:\/\/padrepinopuglisi.chiesadipalermo.it\/es\/wp-json\/wp\/v2\/categories?post=691"},{"taxonomy":"post_tag","embeddable":true,"href":"https:\/\/padrepinopuglisi.chiesadipalermo.it\/es\/wp-json\/wp\/v2\/tags?post=691"}],"curies":[{"name":"wp","href":"https:\/\/api.w.org\/{rel}","templated":true}]}}