{"id":680,"date":"2018-07-12T16:30:40","date_gmt":"2018-07-12T14:30:40","guid":{"rendered":"https:\/\/padrepinopuglisi.chiesadipalermo.it\/es\/?page_id=680"},"modified":"2022-07-17T20:35:58","modified_gmt":"2022-07-17T18:35:58","slug":"libro-de-visitas","status":"publish","type":"page","link":"https:\/\/padrepinopuglisi.chiesadipalermo.it\/es\/libro-de-visitas\/","title":{"rendered":"Libro de visitas"},"content":{"rendered":"\n<style type=\"text\/css\" data-created_by=\"avia_inline_auto\" id=\"style-css-av-9fubk-d4ef750cbd4e2b49911925379bce94d7\">\n#top .av-special-heading.av-9fubk-d4ef750cbd4e2b49911925379bce94d7{\npadding-bottom:40px;\ncolor:#990000;\n}\nbody .av-special-heading.av-9fubk-d4ef750cbd4e2b49911925379bce94d7 .av-special-heading-tag .heading-char{\nfont-size:25px;\n}\n.av-special-heading.av-9fubk-d4ef750cbd4e2b49911925379bce94d7 .special-heading-inner-border{\nborder-color:#990000;\n}\n.av-special-heading.av-9fubk-d4ef750cbd4e2b49911925379bce94d7 .av-subheading{\nfont-size:15px;\n}\n<\/style>\n<div  class='av-special-heading av-9fubk-d4ef750cbd4e2b49911925379bce94d7 av-special-heading-h3 custom-color-heading blockquote modern-quote modern-centered  avia-builder-el-0  el_before_av_textblock  avia-builder-el-first '><h3 class='av-special-heading-tag '  itemprop=\"headline\"  >Libro de visitas<\/h3><div class=\"special-heading-border\"><div class=\"special-heading-inner-border\"><\/div><\/div><\/div>\n<section  class='av_textblock_section av-6mzx4-ed7b9269fc6e9dcd09013a531e7833a1 '   itemscope=\"itemscope\" itemtype=\"https:\/\/schema.org\/CreativeWork\" ><div class='avia_textblock'  itemprop=\"text\" ><p><em>En esta secci\u00f3n se recopilan comentarios y testimonios de los que, visitando este sitio , han querido dejar su mensaje.<\/em><br \/>\n<em>La lectura de los numerosos testimonios que se registran, junto con las sugerencias sobre el dise\u00f1o del sitio, ofrecen al visitante otro aspecto de la persona de 3P, por cierto menos \u00aboficial\u00bb, pero sin duda igualmente verdadero.<\/em><\/p>\n<p><em>Buena lectura<\/em><\/p>\n<\/div><\/section>\n\n<style type=\"text\/css\" data-created_by=\"avia_inline_auto\" id=\"style-css-av-jjinh4yn-3b028ec352a9773d5d37cb017f58d218\">\n#top .hr.av-jjinh4yn-3b028ec352a9773d5d37cb017f58d218{\nmargin-top:30px;\nmargin-bottom:30px;\n}\n.hr.av-jjinh4yn-3b028ec352a9773d5d37cb017f58d218 .hr-inner{\nwidth:70px;\nmax-width:45%;\n}\n<\/style>\n<div  class='hr av-jjinh4yn-3b028ec352a9773d5d37cb017f58d218 hr-custom  avia-builder-el-2  el_after_av_textblock  el_before_av_button  hr-center hr-icon-yes'><span class='hr-inner inner-border-av-border-thin'><span class=\"hr-inner-style\"><\/span><\/span><span class='av-seperator-icon avia-iconfont avia-font-entypo-fontello' data-av_icon='\ue836' data-av_iconfont='entypo-fontello' ><\/span><span class='hr-inner inner-border-av-border-thin'><span class=\"hr-inner-style\"><\/span><\/span><\/div>\n<div  class='avia-button-wrap av-jjinhtt8-49b1369c88abe0bfe07ce285b972bfaf-wrap avia-button-center  avia-builder-el-3  el_after_av_hr  avia-builder-el-last '><a href='http:\/\/padrepinopuglisi.chiesadipalermo.it\/it\/form-guestbook\/'  class='avia-button av-jjinhtt8-49b1369c88abe0bfe07ce285b972bfaf av-link-btn avia-icon_select-yes-left-icon avia-size-x-large avia-position-center avia-color-theme-color'  target=\"_blank\"  rel=\"noopener noreferrer\"  aria-label=\"Ir al libro de visitas\"><span class='avia_button_icon avia_button_icon_left avia-iconfont avia-font-entypo-fontello' data-av_icon='\ue881' data-av_iconfont='entypo-fontello' ><\/span><span class='avia_iconbox_title' >Ir al libro de visitas<\/span><\/a><\/div>\n","protected":false},"excerpt":{"rendered":"","protected":false},"author":2,"featured_media":0,"parent":0,"menu_order":0,"comment_status":"closed","ping_status":"closed","template":"","meta":{"footnotes":""},"categories":[],"tags":[],"class_list":["post-680","page","type-page","status-publish","hentry"],"yoast_head":"<!-- This site is optimized with the Yoast SEO plugin v27.0 - https:\/\/yoast.com\/product\/yoast-seo-wordpress\/ -->\n<title>Libro de visitas - Martyr p\u00e8re Pino Puglisi<\/title>\n<meta name=\"robots\" content=\"index, follow, max-snippet:-1, max-image-preview:large, max-video-preview:-1\" \/>\n<link rel=\"canonical\" href=\"https:\/\/padrepinopuglisi.chiesadipalermo.it\/es\/libro-de-visitas\/\" \/>\n<meta property=\"og:locale\" content=\"es_ES\" \/>\n<meta property=\"og:type\" content=\"article\" \/>\n<meta property=\"og:title\" content=\"Libro de visitas - Martyr p\u00e8re Pino Puglisi\" \/>\n<meta property=\"og:url\" content=\"https:\/\/padrepinopuglisi.chiesadipalermo.it\/es\/libro-de-visitas\/\" \/>\n<meta property=\"og:site_name\" content=\"Martyr p\u00e8re Pino Puglisi\" \/>\n<meta property=\"article:modified_time\" content=\"2022-07-17T18:35:58+00:00\" \/>\n<meta name=\"twitter:card\" content=\"summary_large_image\" \/>\n<meta name=\"twitter:label1\" content=\"Tiempo de lectura\" \/>\n\t<meta name=\"twitter:data1\" content=\"1 minuto\" \/>\n<script type=\"application\/ld+json\" class=\"yoast-schema-graph\">{\"@context\":\"https:\/\/schema.org\",\"@graph\":[{\"@type\":\"WebPage\",\"@id\":\"https:\/\/padrepinopuglisi.chiesadipalermo.it\/es\/libro-de-visitas\/\",\"url\":\"https:\/\/padrepinopuglisi.chiesadipalermo.it\/es\/libro-de-visitas\/\",\"name\":\"Libro de visitas - Martyr p\u00e8re Pino Puglisi\",\"isPartOf\":{\"@id\":\"https:\/\/padrepinopuglisi.chiesadipalermo.it\/es\/#website\"},\"datePublished\":\"2018-07-12T14:30:40+00:00\",\"dateModified\":\"2022-07-17T18:35:58+00:00\",\"inLanguage\":\"es\",\"potentialAction\":[{\"@type\":\"ReadAction\",\"target\":[\"https:\/\/padrepinopuglisi.chiesadipalermo.it\/es\/libro-de-visitas\/\"]}]},{\"@type\":\"WebSite\",\"@id\":\"https:\/\/padrepinopuglisi.chiesadipalermo.it\/es\/#website\",\"url\":\"https:\/\/padrepinopuglisi.chiesadipalermo.it\/es\/\",\"name\":\"Martyr p\u00e8re Pino Puglisi\",\"description\":\"Site Officiel sur P\u00e8re Pino Puglisi de la Archidioc\u00e8sis de Palerme\",\"potentialAction\":[{\"@type\":\"SearchAction\",\"target\":{\"@type\":\"EntryPoint\",\"urlTemplate\":\"https:\/\/padrepinopuglisi.chiesadipalermo.it\/es\/?s={search_term_string}\"},\"query-input\":{\"@type\":\"PropertyValueSpecification\",\"valueRequired\":true,\"valueName\":\"search_term_string\"}}],\"inLanguage\":\"es\"}]}<\/script>\n<!-- \/ Yoast SEO plugin. -->","yoast_head_json":{"title":"Libro de visitas - Martyr p\u00e8re Pino Puglisi","robots":{"index":"index","follow":"follow","max-snippet":"max-snippet:-1","max-image-preview":"max-image-preview:large","max-video-preview":"max-video-preview:-1"},"canonical":"https:\/\/padrepinopuglisi.chiesadipalermo.it\/es\/libro-de-visitas\/","og_locale":"es_ES","og_type":"article","og_title":"Libro de visitas - Martyr p\u00e8re Pino Puglisi","og_url":"https:\/\/padrepinopuglisi.chiesadipalermo.it\/es\/libro-de-visitas\/","og_site_name":"Martyr p\u00e8re Pino Puglisi","article_modified_time":"2022-07-17T18:35:58+00:00","twitter_card":"summary_large_image","twitter_misc":{"Tiempo de lectura":"1 minuto"},"schema":{"@context":"https:\/\/schema.org","@graph":[{"@type":"WebPage","@id":"https:\/\/padrepinopuglisi.chiesadipalermo.it\/es\/libro-de-visitas\/","url":"https:\/\/padrepinopuglisi.chiesadipalermo.it\/es\/libro-de-visitas\/","name":"Libro de visitas - Martyr p\u00e8re Pino Puglisi","isPartOf":{"@id":"https:\/\/padrepinopuglisi.chiesadipalermo.it\/es\/#website"},"datePublished":"2018-07-12T14:30:40+00:00","dateModified":"2022-07-17T18:35:58+00:00","inLanguage":"es","potentialAction":[{"@type":"ReadAction","target":["https:\/\/padrepinopuglisi.chiesadipalermo.it\/es\/libro-de-visitas\/"]}]},{"@type":"WebSite","@id":"https:\/\/padrepinopuglisi.chiesadipalermo.it\/es\/#website","url":"https:\/\/padrepinopuglisi.chiesadipalermo.it\/es\/","name":"Martyr p\u00e8re Pino Puglisi","description":"Site Officiel sur P\u00e8re Pino Puglisi de la Archidioc\u00e8sis de Palerme","potentialAction":[{"@type":"SearchAction","target":{"@type":"EntryPoint","urlTemplate":"https:\/\/padrepinopuglisi.chiesadipalermo.it\/es\/?s={search_term_string}"},"query-input":{"@type":"PropertyValueSpecification","valueRequired":true,"valueName":"search_term_string"}}],"inLanguage":"es"}]}},"_links":{"self":[{"href":"https:\/\/padrepinopuglisi.chiesadipalermo.it\/es\/wp-json\/wp\/v2\/pages\/680","targetHints":{"allow":["GET"]}}],"collection":[{"href":"https:\/\/padrepinopuglisi.chiesadipalermo.it\/es\/wp-json\/wp\/v2\/pages"}],"about":[{"href":"https:\/\/padrepinopuglisi.chiesadipalermo.it\/es\/wp-json\/wp\/v2\/types\/page"}],"author":[{"embeddable":true,"href":"https:\/\/padrepinopuglisi.chiesadipalermo.it\/es\/wp-json\/wp\/v2\/users\/2"}],"replies":[{"embeddable":true,"href":"https:\/\/padrepinopuglisi.chiesadipalermo.it\/es\/wp-json\/wp\/v2\/comments?post=680"}],"version-history":[{"count":6,"href":"https:\/\/padrepinopuglisi.chiesadipalermo.it\/es\/wp-json\/wp\/v2\/pages\/680\/revisions"}],"predecessor-version":[{"id":721,"href":"https:\/\/padrepinopuglisi.chiesadipalermo.it\/es\/wp-json\/wp\/v2\/pages\/680\/revisions\/721"}],"wp:attachment":[{"href":"https:\/\/padrepinopuglisi.chiesadipalermo.it\/es\/wp-json\/wp\/v2\/media?parent=680"}],"wp:term":[{"taxonomy":"category","embeddable":true,"href":"https:\/\/padrepinopuglisi.chiesadipalermo.it\/es\/wp-json\/wp\/v2\/categories?post=680"},{"taxonomy":"post_tag","embeddable":true,"href":"https:\/\/padrepinopuglisi.chiesadipalermo.it\/es\/wp-json\/wp\/v2\/tags?post=680"}],"curies":[{"name":"wp","href":"https:\/\/api.w.org\/{rel}","templated":true}]}}