{"id":626,"date":"2018-07-04T12:00:50","date_gmt":"2018-07-04T10:00:50","guid":{"rendered":"https:\/\/padrepinopuglisi.chiesadipalermo.it\/es\/?page_id=626"},"modified":"2022-07-17T20:30:53","modified_gmt":"2022-07-17T18:30:53","slug":"publicaciones","status":"publish","type":"page","link":"https:\/\/padrepinopuglisi.chiesadipalermo.it\/es\/publicaciones\/","title":{"rendered":"Publicaciones"},"content":{"rendered":"<section  class='av_textblock_section av-jj6ybn1h-82f87bca20c0d94ff8444b6de48518b6 '   itemscope=\"itemscope\" itemtype=\"https:\/\/schema.org\/CreativeWork\" ><div class='avia_textblock'  itemprop=\"text\" ><h3 style=\"text-align: center;\"><span style=\"color: #990000;\"><strong>PUBLICACIONES<\/strong><\/span><\/h3>\n<p>Numerosos art\u00edculos y libros han sido escritos sobre el Padre Puglisi.<br \/>\nEn el archivo \u00abDon Giuseppe Puglisi\u00bb en via Matteo Bonello en Palermo (<a href=\"mailto:wbm@padrepinopuglisi.chiesadipalermo.it\">wbm@padrepinopuglisi.chiesadipalermo.it<\/a>),<\/p>\n<p>se encuentra disponible una amplia documentaci\u00f3n y rese\u00f1a de prensa para aquellos que deseen profundizar sus conocimientos sobre la figura del Beato.<\/p>\n<p>Si conoce otras publicaciones o si desea tener una copia de algunas publicaciones agotadas, <a href=\"https:\/\/padrepinopuglisi.chiesadipalermo.it\/es\/contactos\/\">escr\u00edbanos a<img loading=\"lazy\" decoding=\"async\" class=\"size-full wp-image-625 alignnone\" src=\"https:\/\/padrepinopuglisi.chiesadipalermo.it\/es\/wp-content\/uploads\/3P03_logo\/email024.gif\" alt=\"\" width=\"60\" height=\"30\" srcset=\"https:\/\/padrepinopuglisi.chiesadipalermo.it\/es\/wp-content\/uploads\/3P03_logo\/email024.gif 60w, https:\/\/padrepinopuglisi.chiesadipalermo.it\/es\/wp-content\/uploads\/3P03_logo\/email024-24x12.gif 24w, https:\/\/padrepinopuglisi.chiesadipalermo.it\/es\/wp-content\/uploads\/3P03_logo\/email024-36x18.gif 36w, https:\/\/padrepinopuglisi.chiesadipalermo.it\/es\/wp-content\/uploads\/3P03_logo\/email024-48x24.gif 48w\" sizes=\"auto, (max-width: 60px) 100vw, 60px\" \/><\/a><\/p>\n<\/div><\/section>\n\n\n","protected":false},"excerpt":{"rendered":"","protected":false},"author":1,"featured_media":0,"parent":0,"menu_order":0,"comment_status":"closed","ping_status":"closed","template":"","meta":{"footnotes":""},"categories":[],"tags":[],"class_list":["post-626","page","type-page","status-publish","hentry"],"yoast_head":"<!-- This site is optimized with the Yoast SEO plugin v27.0 - https:\/\/yoast.com\/product\/yoast-seo-wordpress\/ -->\n<title>Publicaciones - Martyr p\u00e8re Pino Puglisi<\/title>\n<meta name=\"robots\" content=\"index, follow, max-snippet:-1, max-image-preview:large, max-video-preview:-1\" \/>\n<link rel=\"canonical\" href=\"https:\/\/padrepinopuglisi.chiesadipalermo.it\/es\/publicaciones\/\" \/>\n<meta property=\"og:locale\" content=\"es_ES\" \/>\n<meta property=\"og:type\" content=\"article\" \/>\n<meta property=\"og:title\" content=\"Publicaciones - Martyr p\u00e8re Pino Puglisi\" \/>\n<meta property=\"og:url\" content=\"https:\/\/padrepinopuglisi.chiesadipalermo.it\/es\/publicaciones\/\" \/>\n<meta property=\"og:site_name\" content=\"Martyr p\u00e8re Pino Puglisi\" \/>\n<meta property=\"article:modified_time\" content=\"2022-07-17T18:30:53+00:00\" \/>\n<meta property=\"og:image\" content=\"https:\/\/padrepinopuglisi.chiesadipalermo.it\/es\/wp-content\/uploads\/3P03_logo\/email024.gif\" \/>\n<meta name=\"twitter:card\" content=\"summary_large_image\" \/>\n<meta name=\"twitter:label1\" content=\"Tiempo de lectura\" \/>\n\t<meta name=\"twitter:data1\" content=\"30 minutos\" \/>\n<script type=\"application\/ld+json\" class=\"yoast-schema-graph\">{\"@context\":\"https:\/\/schema.org\",\"@graph\":[{\"@type\":\"WebPage\",\"@id\":\"https:\/\/padrepinopuglisi.chiesadipalermo.it\/es\/publicaciones\/\",\"url\":\"https:\/\/padrepinopuglisi.chiesadipalermo.it\/es\/publicaciones\/\",\"name\":\"Publicaciones - Martyr p\u00e8re Pino Puglisi\",\"isPartOf\":{\"@id\":\"https:\/\/padrepinopuglisi.chiesadipalermo.it\/es\/#website\"},\"primaryImageOfPage\":{\"@id\":\"https:\/\/padrepinopuglisi.chiesadipalermo.it\/es\/publicaciones\/#primaryimage\"},\"image\":{\"@id\":\"https:\/\/padrepinopuglisi.chiesadipalermo.it\/es\/publicaciones\/#primaryimage\"},\"thumbnailUrl\":\"https:\/\/padrepinopuglisi.chiesadipalermo.it\/es\/wp-content\/uploads\/3P03_logo\/email024.gif\",\"datePublished\":\"2018-07-04T10:00:50+00:00\",\"dateModified\":\"2022-07-17T18:30:53+00:00\",\"inLanguage\":\"es\",\"potentialAction\":[{\"@type\":\"ReadAction\",\"target\":[\"https:\/\/padrepinopuglisi.chiesadipalermo.it\/es\/publicaciones\/\"]}]},{\"@type\":\"ImageObject\",\"inLanguage\":\"es\",\"@id\":\"https:\/\/padrepinopuglisi.chiesadipalermo.it\/es\/publicaciones\/#primaryimage\",\"url\":\"https:\/\/padrepinopuglisi.chiesadipalermo.it\/es\/wp-content\/uploads\/3P03_logo\/email024.gif\",\"contentUrl\":\"https:\/\/padrepinopuglisi.chiesadipalermo.it\/es\/wp-content\/uploads\/3P03_logo\/email024.gif\",\"width\":60,\"height\":30},{\"@type\":\"WebSite\",\"@id\":\"https:\/\/padrepinopuglisi.chiesadipalermo.it\/es\/#website\",\"url\":\"https:\/\/padrepinopuglisi.chiesadipalermo.it\/es\/\",\"name\":\"Martyr p\u00e8re Pino Puglisi\",\"description\":\"Site Officiel sur P\u00e8re Pino Puglisi de la Archidioc\u00e8sis de Palerme\",\"potentialAction\":[{\"@type\":\"SearchAction\",\"target\":{\"@type\":\"EntryPoint\",\"urlTemplate\":\"https:\/\/padrepinopuglisi.chiesadipalermo.it\/es\/?s={search_term_string}\"},\"query-input\":{\"@type\":\"PropertyValueSpecification\",\"valueRequired\":true,\"valueName\":\"search_term_string\"}}],\"inLanguage\":\"es\"}]}<\/script>\n<!-- \/ Yoast SEO plugin. -->","yoast_head_json":{"title":"Publicaciones - Martyr p\u00e8re Pino Puglisi","robots":{"index":"index","follow":"follow","max-snippet":"max-snippet:-1","max-image-preview":"max-image-preview:large","max-video-preview":"max-video-preview:-1"},"canonical":"https:\/\/padrepinopuglisi.chiesadipalermo.it\/es\/publicaciones\/","og_locale":"es_ES","og_type":"article","og_title":"Publicaciones - Martyr p\u00e8re Pino Puglisi","og_url":"https:\/\/padrepinopuglisi.chiesadipalermo.it\/es\/publicaciones\/","og_site_name":"Martyr p\u00e8re Pino Puglisi","article_modified_time":"2022-07-17T18:30:53+00:00","og_image":[{"url":"https:\/\/padrepinopuglisi.chiesadipalermo.it\/es\/wp-content\/uploads\/3P03_logo\/email024.gif","type":"","width":"","height":""}],"twitter_card":"summary_large_image","twitter_misc":{"Tiempo de lectura":"30 minutos"},"schema":{"@context":"https:\/\/schema.org","@graph":[{"@type":"WebPage","@id":"https:\/\/padrepinopuglisi.chiesadipalermo.it\/es\/publicaciones\/","url":"https:\/\/padrepinopuglisi.chiesadipalermo.it\/es\/publicaciones\/","name":"Publicaciones - Martyr p\u00e8re Pino Puglisi","isPartOf":{"@id":"https:\/\/padrepinopuglisi.chiesadipalermo.it\/es\/#website"},"primaryImageOfPage":{"@id":"https:\/\/padrepinopuglisi.chiesadipalermo.it\/es\/publicaciones\/#primaryimage"},"image":{"@id":"https:\/\/padrepinopuglisi.chiesadipalermo.it\/es\/publicaciones\/#primaryimage"},"thumbnailUrl":"https:\/\/padrepinopuglisi.chiesadipalermo.it\/es\/wp-content\/uploads\/3P03_logo\/email024.gif","datePublished":"2018-07-04T10:00:50+00:00","dateModified":"2022-07-17T18:30:53+00:00","inLanguage":"es","potentialAction":[{"@type":"ReadAction","target":["https:\/\/padrepinopuglisi.chiesadipalermo.it\/es\/publicaciones\/"]}]},{"@type":"ImageObject","inLanguage":"es","@id":"https:\/\/padrepinopuglisi.chiesadipalermo.it\/es\/publicaciones\/#primaryimage","url":"https:\/\/padrepinopuglisi.chiesadipalermo.it\/es\/wp-content\/uploads\/3P03_logo\/email024.gif","contentUrl":"https:\/\/padrepinopuglisi.chiesadipalermo.it\/es\/wp-content\/uploads\/3P03_logo\/email024.gif","width":60,"height":30},{"@type":"WebSite","@id":"https:\/\/padrepinopuglisi.chiesadipalermo.it\/es\/#website","url":"https:\/\/padrepinopuglisi.chiesadipalermo.it\/es\/","name":"Martyr p\u00e8re Pino Puglisi","description":"Site Officiel sur P\u00e8re Pino Puglisi de la Archidioc\u00e8sis de Palerme","potentialAction":[{"@type":"SearchAction","target":{"@type":"EntryPoint","urlTemplate":"https:\/\/padrepinopuglisi.chiesadipalermo.it\/es\/?s={search_term_string}"},"query-input":{"@type":"PropertyValueSpecification","valueRequired":true,"valueName":"search_term_string"}}],"inLanguage":"es"}]}},"_links":{"self":[{"href":"https:\/\/padrepinopuglisi.chiesadipalermo.it\/es\/wp-json\/wp\/v2\/pages\/626","targetHints":{"allow":["GET"]}}],"collection":[{"href":"https:\/\/padrepinopuglisi.chiesadipalermo.it\/es\/wp-json\/wp\/v2\/pages"}],"about":[{"href":"https:\/\/padrepinopuglisi.chiesadipalermo.it\/es\/wp-json\/wp\/v2\/types\/page"}],"author":[{"embeddable":true,"href":"https:\/\/padrepinopuglisi.chiesadipalermo.it\/es\/wp-json\/wp\/v2\/users\/1"}],"replies":[{"embeddable":true,"href":"https:\/\/padrepinopuglisi.chiesadipalermo.it\/es\/wp-json\/wp\/v2\/comments?post=626"}],"version-history":[{"count":14,"href":"https:\/\/padrepinopuglisi.chiesadipalermo.it\/es\/wp-json\/wp\/v2\/pages\/626\/revisions"}],"predecessor-version":[{"id":1119,"href":"https:\/\/padrepinopuglisi.chiesadipalermo.it\/es\/wp-json\/wp\/v2\/pages\/626\/revisions\/1119"}],"wp:attachment":[{"href":"https:\/\/padrepinopuglisi.chiesadipalermo.it\/es\/wp-json\/wp\/v2\/media?parent=626"}],"wp:term":[{"taxonomy":"category","embeddable":true,"href":"https:\/\/padrepinopuglisi.chiesadipalermo.it\/es\/wp-json\/wp\/v2\/categories?post=626"},{"taxonomy":"post_tag","embeddable":true,"href":"https:\/\/padrepinopuglisi.chiesadipalermo.it\/es\/wp-json\/wp\/v2\/tags?post=626"}],"curies":[{"name":"wp","href":"https:\/\/api.w.org\/{rel}","templated":true}]}}