{"id":198,"date":"2018-05-13T22:04:44","date_gmt":"2018-05-13T20:04:44","guid":{"rendered":"https:\/\/padrepinopuglisi.chiesadipalermo.it\/es\/?page_id=198"},"modified":"2022-07-17T20:39:16","modified_gmt":"2022-07-17T18:39:16","slug":"creditos","status":"publish","type":"page","link":"https:\/\/padrepinopuglisi.chiesadipalermo.it\/es\/creditos\/","title":{"rendered":"Cr\u00e9ditos"},"content":{"rendered":"<section  class='av_textblock_section av-jh590b5w-bba4d331cdb085968a9090bc571623d4 '   itemscope=\"itemscope\" itemtype=\"https:\/\/schema.org\/CreativeWork\" ><div class='avia_textblock'  itemprop=\"text\" ><h3 style=\"text-align: center;\"><span id=\"result_box\" class=\"\" lang=\"es\" style=\"color: #800000;\" tabindex=\"-1\"><span title=\"CREDITI \">CR\u00c9DITOS<\/span><\/span><\/h3>\n<p style=\"text-align: center;\"><span id=\"result_box\" class=\"\" lang=\"es\" style=\"color: #003366; font-size: 12pt;\" tabindex=\"-1\"><span title=\"Questa pagina raccoglie i nomi di quanti hanno collaborato \">Esta p\u00e1gina recoge los nombres de los que colaboraron<br \/>\n<\/span><span title=\"a vario titolo alla realizzazione di questo sito web, \">de varias formas la realizaci\u00f3n de este sitio web,<br \/>\n<\/span><span title=\"non tanto per menzionarne il nome, \">no tanto para mencionar el nombre,<br \/>\n<\/span><span title=\"quanto per rendere gloria allo Spirito che ha operato in loro. \">cu\u00e1nto para dar gloria al <strong>Esp\u00edritu<\/strong> que trabaj\u00f3 en ellos<\/span><\/span><\/p>\n<p><span id=\"result_box\" class=\"\" lang=\"es\" style=\"font-size: 12pt;\" tabindex=\"-1\"><span title=\"quanto per rendere gloria allo Spirito che ha operato in loro. \"><br \/>\n<\/span><span style=\"color: #003366;\" title=\"Sono state tante le persone che hanno collaborato, mettendo a disposizione le proprie competenze, la propria creativit\u00e0, il proprio tempo. \">Hubo muchas personas cooperando en ofrecer\u00a0 sus habilidades, su creatividad, su tiempo.<\/span><\/span><\/p>\n<p><span style=\"color: #003366; font-size: 12pt;\"><span title=\"Molte di queste hanno camminato per anni insieme a 3P, altre, pur non avendolo conosciuto, hanno risposto con generosit\u00e0 ed entusiasmo all'invito a collaborare. \">Muchos de ellos caminaron durante los a\u00f1os junto con 3P, otros, aunque no hayan conocido, respondieron con generosidad y entusiasmo a la invitaci\u00f3n de trabajar juntos.<br \/>\n<\/span><span title=\"Tutti hanno collaborato gratuitamente. \">Todos colaboraron gratis.<\/span><\/span><\/p>\n<p><span style=\"font-size: 12pt;\"><span style=\"color: #003366;\"><img loading=\"lazy\" decoding=\"async\" class=\"alignleft size-full wp-image-6348\" src=\"http:\/\/www.beatopadrepinopuglisi.it\/wp-content\/uploads\/3P03_logo\/bandiera_IT_033x022.jpg\" alt=\"\" width=\"33\" height=\"22\" \/><strong>Para la versi\u00f3n en italiano:<\/strong> Agostina, Lia, Rosaria, Maria, Francesco, Carlo, Giovanni, Pino, Angelo, Umberto<\/span><span style=\"color: #003366;\">.<br \/>\n<\/span><\/span><\/p>\n<p><span style=\"color: #003366; font-size: 12pt;\"><img loading=\"lazy\" decoding=\"async\" class=\"alignleft size-full wp-image-6349\" src=\"http:\/\/www.beatopadrepinopuglisi.it\/wp-content\/uploads\/3P03_logo\/bandiera_UK_033x022.jpg\" alt=\"\" width=\"33\" height=\"22\" \/><strong>Para la versi\u00f3n en ingl\u00e9s:<\/strong> Elizabeth Lev, Giulia Giangrav\u00e8, Lynne Bassett, Kjell Norlin, Jacqueline Alio.<br \/>\n<\/span><\/p>\n<p><span style=\"color: #003366; font-size: 12pt;\"><img loading=\"lazy\" decoding=\"async\" class=\"alignleft size-full wp-image-6344\" src=\"http:\/\/www.beatopadrepinopuglisi.it\/wp-content\/uploads\/3P03_logo\/bandiera_DE_033x022.jpg\" alt=\"\" width=\"33\" height=\"22\" \/><strong>Para la versi\u00f3n en alem\u00e1n:<\/strong> Irmhild P\u00fchringer, Esther May, Giansalvo Pizzo, Salvo Troia, Fleur Annette Grotjahn.<br \/>\n<\/span><\/p>\n<p><span style=\"color: #003366; font-size: 12pt;\"><img loading=\"lazy\" decoding=\"async\" class=\"alignleft size-full wp-image-6347\" src=\"http:\/\/www.beatopadrepinopuglisi.it\/wp-content\/uploads\/3P03_logo\/bandiera_FR_033x022.jpg\" alt=\"\" width=\"33\" height=\"22\" \/><strong>Para la versi\u00f3n en franc\u00e9s:<\/strong> Corinne Brandizi, Amalia Poma, Flavia Brancato, Maria Antonietta La Barbera, Ornella Bonomo.<br \/>\n<\/span><\/p>\n<p><span style=\"color: #003366; font-size: 12pt;\"><img loading=\"lazy\" decoding=\"async\" class=\"alignleft size-full wp-image-6346\" src=\"http:\/\/www.beatopadrepinopuglisi.it\/wp-content\/uploads\/3P03_logo\/bandiera_ES_033x022.jpg\" alt=\"\" width=\"33\" height=\"22\" \/><strong>Para la versi\u00f3n en espa\u00f1ol:<\/strong> Maria Ruiz Olmedo, Carmela Gelsomino, Livia Trainito.<\/span><\/p>\n<\/div><\/section>\n","protected":false},"excerpt":{"rendered":"","protected":false},"author":1,"featured_media":0,"parent":0,"menu_order":0,"comment_status":"closed","ping_status":"closed","template":"","meta":{"footnotes":""},"categories":[],"tags":[],"class_list":["post-198","page","type-page","status-publish","hentry"],"yoast_head":"<!-- This site is optimized with the Yoast SEO plugin v27.0 - https:\/\/yoast.com\/product\/yoast-seo-wordpress\/ -->\n<title>Cr\u00e9ditos - Martyr p\u00e8re Pino Puglisi<\/title>\n<meta name=\"robots\" content=\"index, follow, max-snippet:-1, max-image-preview:large, max-video-preview:-1\" \/>\n<link rel=\"canonical\" href=\"https:\/\/padrepinopuglisi.chiesadipalermo.it\/es\/creditos\/\" \/>\n<meta property=\"og:locale\" content=\"es_ES\" \/>\n<meta property=\"og:type\" content=\"article\" \/>\n<meta property=\"og:title\" content=\"Cr\u00e9ditos - Martyr p\u00e8re Pino Puglisi\" \/>\n<meta property=\"og:url\" content=\"https:\/\/padrepinopuglisi.chiesadipalermo.it\/es\/creditos\/\" \/>\n<meta property=\"og:site_name\" content=\"Martyr p\u00e8re Pino Puglisi\" \/>\n<meta property=\"article:modified_time\" content=\"2022-07-17T18:39:16+00:00\" \/>\n<meta property=\"og:image\" content=\"http:\/\/www.beatopadrepinopuglisi.it\/wp-content\/uploads\/3P03_logo\/bandiera_IT_033x022.jpg\" \/>\n<meta name=\"twitter:card\" content=\"summary_large_image\" \/>\n<meta name=\"twitter:label1\" content=\"Tiempo de lectura\" \/>\n\t<meta name=\"twitter:data1\" content=\"2 minutos\" \/>\n<script type=\"application\/ld+json\" class=\"yoast-schema-graph\">{\"@context\":\"https:\/\/schema.org\",\"@graph\":[{\"@type\":\"WebPage\",\"@id\":\"https:\/\/padrepinopuglisi.chiesadipalermo.it\/es\/creditos\/\",\"url\":\"https:\/\/padrepinopuglisi.chiesadipalermo.it\/es\/creditos\/\",\"name\":\"Cr\u00e9ditos - Martyr p\u00e8re Pino Puglisi\",\"isPartOf\":{\"@id\":\"https:\/\/padrepinopuglisi.chiesadipalermo.it\/es\/#website\"},\"primaryImageOfPage\":{\"@id\":\"https:\/\/padrepinopuglisi.chiesadipalermo.it\/es\/creditos\/#primaryimage\"},\"image\":{\"@id\":\"https:\/\/padrepinopuglisi.chiesadipalermo.it\/es\/creditos\/#primaryimage\"},\"thumbnailUrl\":\"http:\/\/www.beatopadrepinopuglisi.it\/wp-content\/uploads\/3P03_logo\/bandiera_IT_033x022.jpg\",\"datePublished\":\"2018-05-13T20:04:44+00:00\",\"dateModified\":\"2022-07-17T18:39:16+00:00\",\"inLanguage\":\"es\",\"potentialAction\":[{\"@type\":\"ReadAction\",\"target\":[\"https:\/\/padrepinopuglisi.chiesadipalermo.it\/es\/creditos\/\"]}]},{\"@type\":\"ImageObject\",\"inLanguage\":\"es\",\"@id\":\"https:\/\/padrepinopuglisi.chiesadipalermo.it\/es\/creditos\/#primaryimage\",\"url\":\"http:\/\/www.beatopadrepinopuglisi.it\/wp-content\/uploads\/3P03_logo\/bandiera_IT_033x022.jpg\",\"contentUrl\":\"http:\/\/www.beatopadrepinopuglisi.it\/wp-content\/uploads\/3P03_logo\/bandiera_IT_033x022.jpg\"},{\"@type\":\"WebSite\",\"@id\":\"https:\/\/padrepinopuglisi.chiesadipalermo.it\/es\/#website\",\"url\":\"https:\/\/padrepinopuglisi.chiesadipalermo.it\/es\/\",\"name\":\"Martyr p\u00e8re Pino Puglisi\",\"description\":\"Site Officiel sur P\u00e8re Pino Puglisi de la Archidioc\u00e8sis de Palerme\",\"potentialAction\":[{\"@type\":\"SearchAction\",\"target\":{\"@type\":\"EntryPoint\",\"urlTemplate\":\"https:\/\/padrepinopuglisi.chiesadipalermo.it\/es\/?s={search_term_string}\"},\"query-input\":{\"@type\":\"PropertyValueSpecification\",\"valueRequired\":true,\"valueName\":\"search_term_string\"}}],\"inLanguage\":\"es\"}]}<\/script>\n<!-- \/ Yoast SEO plugin. -->","yoast_head_json":{"title":"Cr\u00e9ditos - Martyr p\u00e8re Pino Puglisi","robots":{"index":"index","follow":"follow","max-snippet":"max-snippet:-1","max-image-preview":"max-image-preview:large","max-video-preview":"max-video-preview:-1"},"canonical":"https:\/\/padrepinopuglisi.chiesadipalermo.it\/es\/creditos\/","og_locale":"es_ES","og_type":"article","og_title":"Cr\u00e9ditos - Martyr p\u00e8re Pino Puglisi","og_url":"https:\/\/padrepinopuglisi.chiesadipalermo.it\/es\/creditos\/","og_site_name":"Martyr p\u00e8re Pino Puglisi","article_modified_time":"2022-07-17T18:39:16+00:00","og_image":[{"url":"http:\/\/www.beatopadrepinopuglisi.it\/wp-content\/uploads\/3P03_logo\/bandiera_IT_033x022.jpg","type":"","width":"","height":""}],"twitter_card":"summary_large_image","twitter_misc":{"Tiempo de lectura":"2 minutos"},"schema":{"@context":"https:\/\/schema.org","@graph":[{"@type":"WebPage","@id":"https:\/\/padrepinopuglisi.chiesadipalermo.it\/es\/creditos\/","url":"https:\/\/padrepinopuglisi.chiesadipalermo.it\/es\/creditos\/","name":"Cr\u00e9ditos - Martyr p\u00e8re Pino Puglisi","isPartOf":{"@id":"https:\/\/padrepinopuglisi.chiesadipalermo.it\/es\/#website"},"primaryImageOfPage":{"@id":"https:\/\/padrepinopuglisi.chiesadipalermo.it\/es\/creditos\/#primaryimage"},"image":{"@id":"https:\/\/padrepinopuglisi.chiesadipalermo.it\/es\/creditos\/#primaryimage"},"thumbnailUrl":"http:\/\/www.beatopadrepinopuglisi.it\/wp-content\/uploads\/3P03_logo\/bandiera_IT_033x022.jpg","datePublished":"2018-05-13T20:04:44+00:00","dateModified":"2022-07-17T18:39:16+00:00","inLanguage":"es","potentialAction":[{"@type":"ReadAction","target":["https:\/\/padrepinopuglisi.chiesadipalermo.it\/es\/creditos\/"]}]},{"@type":"ImageObject","inLanguage":"es","@id":"https:\/\/padrepinopuglisi.chiesadipalermo.it\/es\/creditos\/#primaryimage","url":"http:\/\/www.beatopadrepinopuglisi.it\/wp-content\/uploads\/3P03_logo\/bandiera_IT_033x022.jpg","contentUrl":"http:\/\/www.beatopadrepinopuglisi.it\/wp-content\/uploads\/3P03_logo\/bandiera_IT_033x022.jpg"},{"@type":"WebSite","@id":"https:\/\/padrepinopuglisi.chiesadipalermo.it\/es\/#website","url":"https:\/\/padrepinopuglisi.chiesadipalermo.it\/es\/","name":"Martyr p\u00e8re Pino Puglisi","description":"Site Officiel sur P\u00e8re Pino Puglisi de la Archidioc\u00e8sis de Palerme","potentialAction":[{"@type":"SearchAction","target":{"@type":"EntryPoint","urlTemplate":"https:\/\/padrepinopuglisi.chiesadipalermo.it\/es\/?s={search_term_string}"},"query-input":{"@type":"PropertyValueSpecification","valueRequired":true,"valueName":"search_term_string"}}],"inLanguage":"es"}]}},"_links":{"self":[{"href":"https:\/\/padrepinopuglisi.chiesadipalermo.it\/es\/wp-json\/wp\/v2\/pages\/198","targetHints":{"allow":["GET"]}}],"collection":[{"href":"https:\/\/padrepinopuglisi.chiesadipalermo.it\/es\/wp-json\/wp\/v2\/pages"}],"about":[{"href":"https:\/\/padrepinopuglisi.chiesadipalermo.it\/es\/wp-json\/wp\/v2\/types\/page"}],"author":[{"embeddable":true,"href":"https:\/\/padrepinopuglisi.chiesadipalermo.it\/es\/wp-json\/wp\/v2\/users\/1"}],"replies":[{"embeddable":true,"href":"https:\/\/padrepinopuglisi.chiesadipalermo.it\/es\/wp-json\/wp\/v2\/comments?post=198"}],"version-history":[{"count":15,"href":"https:\/\/padrepinopuglisi.chiesadipalermo.it\/es\/wp-json\/wp\/v2\/pages\/198\/revisions"}],"predecessor-version":[{"id":1125,"href":"https:\/\/padrepinopuglisi.chiesadipalermo.it\/es\/wp-json\/wp\/v2\/pages\/198\/revisions\/1125"}],"wp:attachment":[{"href":"https:\/\/padrepinopuglisi.chiesadipalermo.it\/es\/wp-json\/wp\/v2\/media?parent=198"}],"wp:term":[{"taxonomy":"category","embeddable":true,"href":"https:\/\/padrepinopuglisi.chiesadipalermo.it\/es\/wp-json\/wp\/v2\/categories?post=198"},{"taxonomy":"post_tag","embeddable":true,"href":"https:\/\/padrepinopuglisi.chiesadipalermo.it\/es\/wp-json\/wp\/v2\/tags?post=198"}],"curies":[{"name":"wp","href":"https:\/\/api.w.org\/{rel}","templated":true}]}}